{"id":3932,"date":"2023-08-15T10:22:57","date_gmt":"2023-08-15T10:22:57","guid":{"rendered":"https:\/\/beskydrent.cz\/?page_id=3932"},"modified":"2025-04-24T08:26:38","modified_gmt":"2025-04-24T08:26:38","slug":"vtw-17plus","status":"publish","type":"page","link":"https:\/\/beskydrent.cz\/index.php\/beskydrent\/bagry\/vtw-17plus\/","title":{"rendered":"Kanagaro 17"},"content":{"rendered":"\t\t<div data-elementor-type=\"wp-page\" data-elementor-id=\"3932\" class=\"elementor elementor-3932\">\n\t\t\t\t\t\t<section class=\"elementor-section elementor-top-section elementor-element elementor-element-554b053f elementor-section-boxed elementor-section-height-default elementor-section-height-default\" data-id=\"554b053f\" data-element_type=\"section\" data-e-type=\"section\">\n\t\t\t\t\t\t<div class=\"elementor-container elementor-column-gap-default\">\n\t\t\t\t\t<div class=\"elementor-column elementor-col-66 elementor-top-column elementor-element elementor-element-4a02b923\" data-id=\"4a02b923\" data-element_type=\"column\" data-e-type=\"column\">\n\t\t\t<div class=\"elementor-widget-wrap elementor-element-populated\">\n\t\t\t\t\t\t<div class=\"elementor-element elementor-element-3ea653ff elementor-widget elementor-widget-image\" data-id=\"3ea653ff\" data-element_type=\"widget\" data-e-type=\"widget\" data-widget_type=\"image.default\">\n\t\t\t\t<div class=\"elementor-widget-container\">\n\t\t\t\t\t\t\t\t\t\t\t\t\t\t\t<img fetchpriority=\"high\" decoding=\"async\" width=\"1024\" height=\"702\" src=\"https:\/\/beskydrent.cz\/wp-content\/uploads\/2023\/08\/0Q8A5148-1024x702.jpg\" class=\"attachment-large size-large wp-image-3901\" alt=\"\" srcset=\"https:\/\/beskydrent.cz\/wp-content\/uploads\/2023\/08\/0Q8A5148-1024x702.jpg 1024w, https:\/\/beskydrent.cz\/wp-content\/uploads\/2023\/08\/0Q8A5148-300x206.jpg 300w, https:\/\/beskydrent.cz\/wp-content\/uploads\/2023\/08\/0Q8A5148-768x526.jpg 768w, https:\/\/beskydrent.cz\/wp-content\/uploads\/2023\/08\/0Q8A5148-1536x1052.jpg 1536w, https:\/\/beskydrent.cz\/wp-content\/uploads\/2023\/08\/0Q8A5148-2048x1403.jpg 2048w\" sizes=\"(max-width: 1024px) 100vw, 1024px\" \/>\t\t\t\t\t\t\t\t\t\t\t\t\t\t\t<\/div>\n\t\t\t\t<\/div>\n\t\t\t\t\t<\/div>\n\t\t<\/div>\n\t\t\t\t<div class=\"elementor-column elementor-col-33 elementor-top-column elementor-element elementor-element-7f93be25\" data-id=\"7f93be25\" data-element_type=\"column\" data-e-type=\"column\">\n\t\t\t<div class=\"elementor-widget-wrap elementor-element-populated\">\n\t\t\t\t\t\t<div class=\"elementor-element elementor-element-74a7051e elementor-widget elementor-widget-text-editor\" data-id=\"74a7051e\" data-element_type=\"widget\" data-e-type=\"widget\" data-widget_type=\"text-editor.default\">\n\t\t\t\t<div class=\"elementor-widget-container\">\n\t\t\t\t\t\t\t\t\t<p style=\"text-align: center;\"><br>Typ:<br><strong>Minibagr&nbsp; Kangaro 17&nbsp;<\/strong><\/p>\n<p style=\"text-align: center;\">Rozm\u011bry:<br><strong>2550 x 1100 mm<\/strong><\/p>\n<p style=\"text-align: center;\">Hmotnost:<br><strong>1700 kg<\/strong><\/p>\n<p style=\"text-align: center;\">V\u00fdkon motoru:<br><strong>19 kW<\/strong><\/p>\n<p style=\"text-align: center;\">Max. hloubka kop\u00e1n\u00ed:<br><strong>1600 mm<\/strong><\/p>\n<p style=\"text-align: center;\">Max. v\u00fdsypn\u00e1 v\u00fd\u0161ka:<br><strong>2030 m<\/strong><\/p>\t\t\t\t\t\t\t\t<\/div>\n\t\t\t\t<\/div>\n\t\t\t\t<div class=\"elementor-element elementor-element-4c5b445d elementor-widget elementor-widget-text-editor\" data-id=\"4c5b445d\" data-element_type=\"widget\" data-e-type=\"widget\" data-widget_type=\"text-editor.default\">\n\t\t\t\t<div class=\"elementor-widget-container\">\n\t\t\t\t\t\t\t\t\t<p><strong>Cen\u00edk p\u016fj\u010dovny \u2013 pobo\u010dky Janovice a Sedlnice<\/strong><br \/>Uveden\u00e9 ceny jsou bez DPH, 1 den = 8 mth<\/p><table style=\"height: 36px; width: 100%; border-collapse: collapse; background-color: #e0e0e0;\" border=\"1\" cellpadding=\"6\"><tbody><tr style=\"height: 18px;\"><td style=\"width: 20%; height: 18px;\"><strong>1 den<\/strong><\/td><td style=\"width: 20%; height: 18px;\"><strong>3-7 dn\u016f<\/strong><\/td><td style=\"width: 20%; height: 18px;\"><strong>7 a v\u00edce<\/strong><\/td><td style=\"width: 20%; height: 18px;\"><strong>1-4 h<\/strong><\/td><td style=\"width: 20%; height: 18px;\"><strong>Jistina<\/strong><\/td><\/tr><tr style=\"height: 18px;\"><td style=\"width: 20%; height: 18px;\">2.500,-<\/td><td style=\"width: 20%; height: 18px;\">2.250,-<\/td><td style=\"width: 20%; height: 18px;\">2.125,-<\/td><td style=\"width: 20%; height: 18px;\">1.250,-<\/td><td style=\"width: 20%; height: 18px;\">40.000,-<\/td><\/tr><\/tbody><\/table>\t\t\t\t\t\t\t\t<\/div>\n\t\t\t\t<\/div>\n\t\t\t\t\t<\/div>\n\t\t<\/div>\n\t\t\t\t\t<\/div>\n\t\t<\/section>\n\t\t\t\t<section class=\"elementor-section elementor-top-section elementor-element elementor-element-b20e414 elementor-section-boxed elementor-section-height-default elementor-section-height-default\" data-id=\"b20e414\" data-element_type=\"section\" data-e-type=\"section\">\n\t\t\t\t\t\t<div class=\"elementor-container elementor-column-gap-default\">\n\t\t\t\t\t<div class=\"elementor-column elementor-col-100 elementor-top-column elementor-element elementor-element-68d9b5d5\" data-id=\"68d9b5d5\" data-element_type=\"column\" data-e-type=\"column\">\n\t\t\t<div class=\"elementor-widget-wrap elementor-element-populated\">\n\t\t\t\t\t\t<div class=\"elementor-element elementor-element-2ef61b56 elementor-widget elementor-widget-heading\" data-id=\"2ef61b56\" data-element_type=\"widget\" data-e-type=\"widget\" data-widget_type=\"heading.default\">\n\t\t\t\t<div class=\"elementor-widget-container\">\n\t\t\t\t\t<h3 class=\"elementor-heading-title elementor-size-default\">P\u0159\u00edslu\u0161enstv\u00ed<\/h3>\t\t\t\t<\/div>\n\t\t\t\t<\/div>\n\t\t\t\t\t<\/div>\n\t\t<\/div>\n\t\t\t\t\t<\/div>\n\t\t<\/section>\n\t\t\t\t<section class=\"elementor-section elementor-top-section elementor-element elementor-element-7b353084 elementor-section-boxed elementor-section-height-default elementor-section-height-default\" data-id=\"7b353084\" data-element_type=\"section\" data-e-type=\"section\">\n\t\t\t\t\t\t<div class=\"elementor-container elementor-column-gap-default\">\n\t\t\t\t\t<div class=\"elementor-column elementor-col-25 elementor-top-column elementor-element elementor-element-25c1021f\" data-id=\"25c1021f\" data-element_type=\"column\" data-e-type=\"column\">\n\t\t\t<div class=\"elementor-widget-wrap elementor-element-populated\">\n\t\t\t\t\t\t<div class=\"elementor-element elementor-element-676f3e33 elementor-position-top elementor-widget elementor-widget-image-box\" data-id=\"676f3e33\" data-element_type=\"widget\" data-e-type=\"widget\" data-widget_type=\"image-box.default\">\n\t\t\t\t<div class=\"elementor-widget-container\">\n\t\t\t\t\t<div class=\"elementor-image-box-wrapper\"><figure class=\"elementor-image-box-img\"><img decoding=\"async\" src=\"https:\/\/beskydrent.cz\/wp-content\/uploads\/2021\/09\/lzice21.jpg\" title=\"\" alt=\"\" loading=\"lazy\" \/><\/figure><div class=\"elementor-image-box-content\"><h3 class=\"elementor-image-box-title\">l\u017e\u00edce 24 cm<\/h3><\/div><\/div>\t\t\t\t<\/div>\n\t\t\t\t<\/div>\n\t\t\t\t\t<\/div>\n\t\t<\/div>\n\t\t\t\t<div class=\"elementor-column elementor-col-25 elementor-top-column elementor-element elementor-element-47abf203\" data-id=\"47abf203\" data-element_type=\"column\" data-e-type=\"column\">\n\t\t\t<div class=\"elementor-widget-wrap elementor-element-populated\">\n\t\t\t\t\t\t<div class=\"elementor-element elementor-element-1f10dd9d elementor-position-top elementor-widget elementor-widget-image-box\" data-id=\"1f10dd9d\" data-element_type=\"widget\" data-e-type=\"widget\" data-widget_type=\"image-box.default\">\n\t\t\t\t<div class=\"elementor-widget-container\">\n\t\t\t\t\t<div class=\"elementor-image-box-wrapper\"><figure class=\"elementor-image-box-img\"><img decoding=\"async\" src=\"https:\/\/beskydrent.cz\/wp-content\/uploads\/2021\/09\/lzice47.jpg\" title=\"\" alt=\"\" loading=\"lazy\" \/><\/figure><div class=\"elementor-image-box-content\"><h3 class=\"elementor-image-box-title\">l\u017e\u00edce 42 cm<\/h3><\/div><\/div>\t\t\t\t<\/div>\n\t\t\t\t<\/div>\n\t\t\t\t\t<\/div>\n\t\t<\/div>\n\t\t\t\t<div class=\"elementor-column elementor-col-25 elementor-top-column elementor-element elementor-element-4045a77b\" data-id=\"4045a77b\" data-element_type=\"column\" data-e-type=\"column\">\n\t\t\t<div class=\"elementor-widget-wrap elementor-element-populated\">\n\t\t\t\t\t\t<div class=\"elementor-element elementor-element-43830306 elementor-position-top elementor-widget elementor-widget-image-box\" data-id=\"43830306\" data-element_type=\"widget\" data-e-type=\"widget\" data-widget_type=\"image-box.default\">\n\t\t\t\t<div class=\"elementor-widget-container\">\n\t\t\t\t\t<div class=\"elementor-image-box-wrapper\"><figure class=\"elementor-image-box-img\"><img decoding=\"async\" src=\"https:\/\/beskydrent.cz\/wp-content\/uploads\/2021\/09\/lzice78.jpg\" title=\"\" alt=\"\" loading=\"lazy\" \/><\/figure><div class=\"elementor-image-box-content\"><h3 class=\"elementor-image-box-title\">svahov\u00e1 97 cm<\/h3><\/div><\/div>\t\t\t\t<\/div>\n\t\t\t\t<\/div>\n\t\t\t\t\t<\/div>\n\t\t<\/div>\n\t\t\t\t<div class=\"elementor-column elementor-col-25 elementor-top-column elementor-element elementor-element-4cc1e7a2\" data-id=\"4cc1e7a2\" data-element_type=\"column\" data-e-type=\"column\">\n\t\t\t<div class=\"elementor-widget-wrap elementor-element-populated\">\n\t\t\t\t\t\t<div class=\"elementor-element elementor-element-259dd10e elementor-align-justify elementor-widget elementor-widget-button\" data-id=\"259dd10e\" data-element_type=\"widget\" data-e-type=\"widget\" data-widget_type=\"button.default\">\n\t\t\t\t<div class=\"elementor-widget-container\">\n\t\t\t\t\t\t\t\t\t<div class=\"elementor-button-wrapper\">\n\t\t\t\t\t<a class=\"elementor-button elementor-button-link elementor-size-md\" href=\"https:\/\/beskydrent.cz\/index.php\/cenik\/\">\n\t\t\t\t\t\t<span class=\"elementor-button-content-wrapper\">\n\t\t\t\t\t\t\t\t\t<span class=\"elementor-button-text\">Cen\u00edk p\u016fj\u010dovn\u00e9ho Janovice a Sedlnice<\/span>\n\t\t\t\t\t<\/span>\n\t\t\t\t\t<\/a>\n\t\t\t\t<\/div>\n\t\t\t\t\t\t\t\t<\/div>\n\t\t\t\t<\/div>\n\t\t\t\t\t<\/div>\n\t\t<\/div>\n\t\t\t\t\t<\/div>\n\t\t<\/section>\n\t\t\t\t<section class=\"elementor-section elementor-top-section elementor-element elementor-element-523a636c elementor-section-boxed elementor-section-height-default elementor-section-height-default\" data-id=\"523a636c\" data-element_type=\"section\" data-e-type=\"section\">\n\t\t\t\t\t\t<div class=\"elementor-container elementor-column-gap-default\">\n\t\t\t\t\t<div class=\"elementor-column elementor-col-100 elementor-top-column elementor-element elementor-element-5bcda2f2\" data-id=\"5bcda2f2\" data-element_type=\"column\" data-e-type=\"column\">\n\t\t\t<div class=\"elementor-widget-wrap elementor-element-populated\">\n\t\t\t\t\t\t<div class=\"elementor-element elementor-element-1315f07f elementor-widget elementor-widget-image-gallery\" data-id=\"1315f07f\" data-element_type=\"widget\" data-e-type=\"widget\" data-widget_type=\"image-gallery.default\">\n\t\t\t\t<div class=\"elementor-widget-container\">\n\t\t\t\t\t\t\t<div class=\"elementor-image-gallery\">\n\t\t\t<div id='gallery-1' class='gallery galleryid-3932 gallery-columns-5 gallery-size-medium'><figure class='gallery-item'>\n\t\t\t<div class='gallery-icon landscape'>\n\t\t\t\t<a data-elementor-open-lightbox=\"yes\" data-elementor-lightbox-slideshow=\"1315f07f\" data-elementor-lightbox-title=\"0Q8A5099\" data-e-action-hash=\"#elementor-action%3Aaction%3Dlightbox%26settings%3DeyJpZCI6Mzk0NSwidXJsIjoiaHR0cHM6XC9cL2Jlc2t5ZHJlbnQuY3pcL3dwLWNvbnRlbnRcL3VwbG9hZHNcLzIwMjNcLzA4XC8wUThBNTA5OS1zY2FsZWQuanBnIiwic2xpZGVzaG93IjoiMTMxNWYwN2YifQ%3D%3D\" href='https:\/\/beskydrent.cz\/wp-content\/uploads\/2023\/08\/0Q8A5099-scaled.jpg'><img decoding=\"async\" width=\"300\" height=\"168\" src=\"https:\/\/beskydrent.cz\/wp-content\/uploads\/2023\/08\/0Q8A5099-300x168.jpg\" class=\"attachment-medium size-medium\" alt=\"\" srcset=\"https:\/\/beskydrent.cz\/wp-content\/uploads\/2023\/08\/0Q8A5099-300x168.jpg 300w, https:\/\/beskydrent.cz\/wp-content\/uploads\/2023\/08\/0Q8A5099-1024x575.jpg 1024w, https:\/\/beskydrent.cz\/wp-content\/uploads\/2023\/08\/0Q8A5099-768x431.jpg 768w, https:\/\/beskydrent.cz\/wp-content\/uploads\/2023\/08\/0Q8A5099-1536x862.jpg 1536w, https:\/\/beskydrent.cz\/wp-content\/uploads\/2023\/08\/0Q8A5099-2048x1150.jpg 2048w, https:\/\/beskydrent.cz\/wp-content\/uploads\/2023\/08\/0Q8A5099-800x450.jpg 800w\" sizes=\"(max-width: 300px) 100vw, 300px\" \/><\/a>\n\t\t\t<\/div><\/figure><figure class='gallery-item'>\n\t\t\t<div class='gallery-icon landscape'>\n\t\t\t\t<a data-elementor-open-lightbox=\"yes\" data-elementor-lightbox-slideshow=\"1315f07f\" data-elementor-lightbox-title=\"0Q8A5122\" data-e-action-hash=\"#elementor-action%3Aaction%3Dlightbox%26settings%3DeyJpZCI6Mzk0NiwidXJsIjoiaHR0cHM6XC9cL2Jlc2t5ZHJlbnQuY3pcL3dwLWNvbnRlbnRcL3VwbG9hZHNcLzIwMjNcLzA4XC8wUThBNTEyMi1zY2FsZWQuanBnIiwic2xpZGVzaG93IjoiMTMxNWYwN2YifQ%3D%3D\" href='https:\/\/beskydrent.cz\/wp-content\/uploads\/2023\/08\/0Q8A5122-scaled.jpg'><img decoding=\"async\" width=\"300\" height=\"168\" src=\"https:\/\/beskydrent.cz\/wp-content\/uploads\/2023\/08\/0Q8A5122-300x168.jpg\" class=\"attachment-medium size-medium\" alt=\"\" srcset=\"https:\/\/beskydrent.cz\/wp-content\/uploads\/2023\/08\/0Q8A5122-300x168.jpg 300w, https:\/\/beskydrent.cz\/wp-content\/uploads\/2023\/08\/0Q8A5122-1024x575.jpg 1024w, https:\/\/beskydrent.cz\/wp-content\/uploads\/2023\/08\/0Q8A5122-768x431.jpg 768w, https:\/\/beskydrent.cz\/wp-content\/uploads\/2023\/08\/0Q8A5122-1536x862.jpg 1536w, https:\/\/beskydrent.cz\/wp-content\/uploads\/2023\/08\/0Q8A5122-2048x1150.jpg 2048w, https:\/\/beskydrent.cz\/wp-content\/uploads\/2023\/08\/0Q8A5122-800x450.jpg 800w\" sizes=\"(max-width: 300px) 100vw, 300px\" \/><\/a>\n\t\t\t<\/div><\/figure><figure class='gallery-item'>\n\t\t\t<div class='gallery-icon landscape'>\n\t\t\t\t<a data-elementor-open-lightbox=\"yes\" data-elementor-lightbox-slideshow=\"1315f07f\" data-elementor-lightbox-title=\"0Q8A5168\" data-e-action-hash=\"#elementor-action%3Aaction%3Dlightbox%26settings%3DeyJpZCI6Mzk0OCwidXJsIjoiaHR0cHM6XC9cL2Jlc2t5ZHJlbnQuY3pcL3dwLWNvbnRlbnRcL3VwbG9hZHNcLzIwMjNcLzA4XC8wUThBNTE2OC1zY2FsZWQuanBnIiwic2xpZGVzaG93IjoiMTMxNWYwN2YifQ%3D%3D\" href='https:\/\/beskydrent.cz\/wp-content\/uploads\/2023\/08\/0Q8A5168-scaled.jpg'><img loading=\"lazy\" decoding=\"async\" width=\"300\" height=\"168\" src=\"https:\/\/beskydrent.cz\/wp-content\/uploads\/2023\/08\/0Q8A5168-300x168.jpg\" class=\"attachment-medium size-medium\" alt=\"\" srcset=\"https:\/\/beskydrent.cz\/wp-content\/uploads\/2023\/08\/0Q8A5168-300x168.jpg 300w, https:\/\/beskydrent.cz\/wp-content\/uploads\/2023\/08\/0Q8A5168-1024x575.jpg 1024w, https:\/\/beskydrent.cz\/wp-content\/uploads\/2023\/08\/0Q8A5168-768x431.jpg 768w, https:\/\/beskydrent.cz\/wp-content\/uploads\/2023\/08\/0Q8A5168-1536x862.jpg 1536w, https:\/\/beskydrent.cz\/wp-content\/uploads\/2023\/08\/0Q8A5168-2048x1150.jpg 2048w, https:\/\/beskydrent.cz\/wp-content\/uploads\/2023\/08\/0Q8A5168-800x450.jpg 800w\" sizes=\"(max-width: 300px) 100vw, 300px\" \/><\/a>\n\t\t\t<\/div><\/figure><figure class='gallery-item'>\n\t\t\t<div class='gallery-icon landscape'>\n\t\t\t\t<a data-elementor-open-lightbox=\"yes\" data-elementor-lightbox-slideshow=\"1315f07f\" data-elementor-lightbox-title=\"0Q8A5176\" data-e-action-hash=\"#elementor-action%3Aaction%3Dlightbox%26settings%3DeyJpZCI6Mzk0OSwidXJsIjoiaHR0cHM6XC9cL2Jlc2t5ZHJlbnQuY3pcL3dwLWNvbnRlbnRcL3VwbG9hZHNcLzIwMjNcLzA4XC8wUThBNTE3Ni1zY2FsZWQuanBnIiwic2xpZGVzaG93IjoiMTMxNWYwN2YifQ%3D%3D\" href='https:\/\/beskydrent.cz\/wp-content\/uploads\/2023\/08\/0Q8A5176-scaled.jpg'><img loading=\"lazy\" decoding=\"async\" width=\"300\" height=\"203\" src=\"https:\/\/beskydrent.cz\/wp-content\/uploads\/2023\/08\/0Q8A5176-300x203.jpg\" class=\"attachment-medium size-medium\" alt=\"\" srcset=\"https:\/\/beskydrent.cz\/wp-content\/uploads\/2023\/08\/0Q8A5176-300x203.jpg 300w, https:\/\/beskydrent.cz\/wp-content\/uploads\/2023\/08\/0Q8A5176-1024x695.jpg 1024w, https:\/\/beskydrent.cz\/wp-content\/uploads\/2023\/08\/0Q8A5176-768x521.jpg 768w, https:\/\/beskydrent.cz\/wp-content\/uploads\/2023\/08\/0Q8A5176-1536x1042.jpg 1536w, https:\/\/beskydrent.cz\/wp-content\/uploads\/2023\/08\/0Q8A5176-2048x1389.jpg 2048w\" sizes=\"(max-width: 300px) 100vw, 300px\" \/><\/a>\n\t\t\t<\/div><\/figure>\n\t\t<\/div>\n\t\t<\/div>\n\t\t\t\t\t\t<\/div>\n\t\t\t\t<\/div>\n\t\t\t\t\t<\/div>\n\t\t<\/div>\n\t\t\t\t\t<\/div>\n\t\t<\/section>\n\t\t\t\t<section class=\"elementor-section elementor-top-section elementor-element elementor-element-7d864833 elementor-section-boxed elementor-section-height-default elementor-section-height-default\" data-id=\"7d864833\" data-element_type=\"section\" data-e-type=\"section\">\n\t\t\t\t\t\t<div class=\"elementor-container elementor-column-gap-default\">\n\t\t\t\t\t<div class=\"elementor-column elementor-col-100 elementor-top-column elementor-element elementor-element-45dd5e8f\" data-id=\"45dd5e8f\" data-element_type=\"column\" data-e-type=\"column\">\n\t\t\t<div class=\"elementor-widget-wrap elementor-element-populated\">\n\t\t\t\t\t\t<div class=\"elementor-element elementor-element-567434c3 elementor-align-center elementor-widget elementor-widget-button\" data-id=\"567434c3\" data-element_type=\"widget\" data-e-type=\"widget\" data-widget_type=\"button.default\">\n\t\t\t\t<div class=\"elementor-widget-container\">\n\t\t\t\t\t\t\t\t\t<div class=\"elementor-button-wrapper\">\n\t\t\t\t\t<a class=\"elementor-button elementor-button-link elementor-size-xl\" href=\"https:\/\/beskydrent.cz\">\n\t\t\t\t\t\t<span class=\"elementor-button-content-wrapper\">\n\t\t\t\t\t\t<span class=\"elementor-button-icon\">\n\t\t\t\t<i aria-hidden=\"true\" class=\"fas fa-home\"><\/i>\t\t\t<\/span>\n\t\t\t\t\t\t\t\t\t<span class=\"elementor-button-text\">na hlavn\u00ed str\u00e1nku<\/span>\n\t\t\t\t\t<\/span>\n\t\t\t\t\t<\/a>\n\t\t\t\t<\/div>\n\t\t\t\t\t\t\t\t<\/div>\n\t\t\t\t<\/div>\n\t\t\t\t\t<\/div>\n\t\t<\/div>\n\t\t\t\t\t<\/div>\n\t\t<\/section>\n\t\t\t\t<\/div>\n\t\t","protected":false},"excerpt":{"rendered":"<p>Typ:Minibagr&nbsp; Kangaro 17&nbsp; Rozm\u011bry:2550 x 1100 mm Hmotnost:1700 kg V\u00fdkon motoru:19 kW Max. hloubka kop\u00e1n\u00ed:1600 mm Max. v\u00fdsypn\u00e1 v\u00fd\u0161ka:2030 m Cen\u00edk p\u016fj\u010dovny \u2013 pobo\u010dky Janovice a SedlniceUveden\u00e9 ceny jsou bez DPH, 1 den = 8 mth 1 den 3-7 dn\u016f 7 a v\u00edce 1-4 h Jistina 2.500,- 2.250,- 2.125,- 1.250,- 40.000,- P\u0159\u00edslu\u0161enstv\u00ed l\u017e\u00edce 24 cm [&hellip;]<\/p>\n","protected":false},"author":5,"featured_media":0,"parent":372,"menu_order":0,"comment_status":"closed","ping_status":"closed","template":"elementor_header_footer","meta":{"ocean_post_layout":"","ocean_both_sidebars_style":"","ocean_both_sidebars_content_width":0,"ocean_both_sidebars_sidebars_width":0,"ocean_sidebar":"","ocean_second_sidebar":"","ocean_disable_margins":"enable","ocean_add_body_class":"","ocean_shortcode_before_top_bar":"","ocean_shortcode_after_top_bar":"","ocean_shortcode_before_header":"","ocean_shortcode_after_header":"","ocean_has_shortcode":"","ocean_shortcode_after_title":"","ocean_shortcode_before_footer_widgets":"","ocean_shortcode_after_footer_widgets":"","ocean_shortcode_before_footer_bottom":"","ocean_shortcode_after_footer_bottom":"","ocean_display_top_bar":"default","ocean_display_header":"default","ocean_header_style":"","ocean_center_header_left_menu":"","ocean_custom_header_template":"","ocean_custom_logo":0,"ocean_custom_retina_logo":0,"ocean_custom_logo_max_width":0,"ocean_custom_logo_tablet_max_width":0,"ocean_custom_logo_mobile_max_width":0,"ocean_custom_logo_max_height":0,"ocean_custom_logo_tablet_max_height":0,"ocean_custom_logo_mobile_max_height":0,"ocean_header_custom_menu":"","ocean_menu_typo_font_family":"","ocean_menu_typo_font_subset":"","ocean_menu_typo_font_size":0,"ocean_menu_typo_font_size_tablet":0,"ocean_menu_typo_font_size_mobile":0,"ocean_menu_typo_font_size_unit":"px","ocean_menu_typo_font_weight":"","ocean_menu_typo_font_weight_tablet":"","ocean_menu_typo_font_weight_mobile":"","ocean_menu_typo_transform":"","ocean_menu_typo_transform_tablet":"","ocean_menu_typo_transform_mobile":"","ocean_menu_typo_line_height":0,"ocean_menu_typo_line_height_tablet":0,"ocean_menu_typo_line_height_mobile":0,"ocean_menu_typo_line_height_unit":"","ocean_menu_typo_spacing":0,"ocean_menu_typo_spacing_tablet":0,"ocean_menu_typo_spacing_mobile":0,"ocean_menu_typo_spacing_unit":"","ocean_menu_link_color":"","ocean_menu_link_color_hover":"","ocean_menu_link_color_active":"","ocean_menu_link_background":"","ocean_menu_link_hover_background":"","ocean_menu_link_active_background":"","ocean_menu_social_links_bg":"","ocean_menu_social_hover_links_bg":"","ocean_menu_social_links_color":"","ocean_menu_social_hover_links_color":"","ocean_disable_title":"default","ocean_disable_heading":"default","ocean_post_title":"","ocean_post_subheading":"","ocean_post_title_style":"","ocean_post_title_background_color":"","ocean_post_title_background":0,"ocean_post_title_bg_image_position":"","ocean_post_title_bg_image_attachment":"","ocean_post_title_bg_image_repeat":"","ocean_post_title_bg_image_size":"","ocean_post_title_height":0,"ocean_post_title_bg_overlay":0.5,"ocean_post_title_bg_overlay_color":"","ocean_disable_breadcrumbs":"default","ocean_breadcrumbs_color":"","ocean_breadcrumbs_separator_color":"","ocean_breadcrumbs_links_color":"","ocean_breadcrumbs_links_hover_color":"","ocean_display_footer_widgets":"default","ocean_display_footer_bottom":"default","ocean_custom_footer_template":"","footnotes":""},"class_list":["post-3932","page","type-page","status-publish","hentry","entry"],"_links":{"self":[{"href":"https:\/\/beskydrent.cz\/index.php\/wp-json\/wp\/v2\/pages\/3932","targetHints":{"allow":["GET"]}}],"collection":[{"href":"https:\/\/beskydrent.cz\/index.php\/wp-json\/wp\/v2\/pages"}],"about":[{"href":"https:\/\/beskydrent.cz\/index.php\/wp-json\/wp\/v2\/types\/page"}],"author":[{"embeddable":true,"href":"https:\/\/beskydrent.cz\/index.php\/wp-json\/wp\/v2\/users\/5"}],"replies":[{"embeddable":true,"href":"https:\/\/beskydrent.cz\/index.php\/wp-json\/wp\/v2\/comments?post=3932"}],"version-history":[{"count":6,"href":"https:\/\/beskydrent.cz\/index.php\/wp-json\/wp\/v2\/pages\/3932\/revisions"}],"predecessor-version":[{"id":93310,"href":"https:\/\/beskydrent.cz\/index.php\/wp-json\/wp\/v2\/pages\/3932\/revisions\/93310"}],"up":[{"embeddable":true,"href":"https:\/\/beskydrent.cz\/index.php\/wp-json\/wp\/v2\/pages\/372"}],"wp:attachment":[{"href":"https:\/\/beskydrent.cz\/index.php\/wp-json\/wp\/v2\/media?parent=3932"}],"curies":[{"name":"wp","href":"https:\/\/api.w.org\/{rel}","templated":true}]}}