{"id":4366,"date":"2023-09-22T08:38:42","date_gmt":"2023-09-22T08:38:42","guid":{"rendered":"https:\/\/beskydrent.cz\/?page_id=4366"},"modified":"2024-02-28T07:08:54","modified_gmt":"2024-02-28T07:08:54","slug":"naprodej","status":"publish","type":"page","link":"https:\/\/beskydrent.cz\/index.php\/beskydrent\/naprodej\/","title":{"rendered":"Na prodej"},"content":{"rendered":"\t\t<div data-elementor-type=\"wp-page\" data-elementor-id=\"4366\" class=\"elementor elementor-4366\">\n\t\t\t\t\t\t<section class=\"elementor-section elementor-top-section elementor-element elementor-element-14fe7d2d elementor-section-boxed elementor-section-height-default elementor-section-height-default\" data-id=\"14fe7d2d\" data-element_type=\"section\" data-e-type=\"section\">\n\t\t\t\t\t\t<div class=\"elementor-container elementor-column-gap-default\">\n\t\t\t\t\t<div class=\"elementor-column elementor-col-100 elementor-top-column elementor-element elementor-element-4a2c3d5d\" data-id=\"4a2c3d5d\" data-element_type=\"column\" data-e-type=\"column\">\n\t\t\t<div class=\"elementor-widget-wrap elementor-element-populated\">\n\t\t\t\t\t\t<div class=\"elementor-element elementor-element-25c2a959 elementor-widget-divider--view-line_icon elementor-view-default elementor-widget-divider--element-align-center elementor-widget elementor-widget-divider\" data-id=\"25c2a959\" data-element_type=\"widget\" data-e-type=\"widget\" data-widget_type=\"divider.default\">\n\t\t\t\t<div class=\"elementor-widget-container\">\n\t\t\t\t\t\t\t<div class=\"elementor-divider\">\n\t\t\t<span class=\"elementor-divider-separator\">\n\t\t\t\t\t\t\t<div class=\"elementor-icon elementor-divider__element\">\n\t\t\t\t\t<i aria-hidden=\"true\" class=\"fas fa-angle-down\"><\/i><\/div>\n\t\t\t\t\t\t<\/span>\n\t\t<\/div>\n\t\t\t\t\t\t<\/div>\n\t\t\t\t<\/div>\n\t\t\t\t<div class=\"elementor-element elementor-element-2d957384 elementor-position-left elementor-vertical-align-top elementor-widget elementor-widget-image-box\" data-id=\"2d957384\" data-element_type=\"widget\" data-e-type=\"widget\" data-widget_type=\"image-box.default\">\n\t\t\t\t<div class=\"elementor-widget-container\">\n\t\t\t\t\t<div class=\"elementor-image-box-wrapper\"><figure class=\"elementor-image-box-img\"><img fetchpriority=\"high\" decoding=\"async\" width=\"1024\" height=\"768\" src=\"https:\/\/beskydrent.cz\/wp-content\/uploads\/2023\/09\/IMG_4005-1024x768.jpg\" class=\"attachment-large size-large wp-image-4368\" alt=\"\" srcset=\"https:\/\/beskydrent.cz\/wp-content\/uploads\/2023\/09\/IMG_4005-1024x768.jpg 1024w, https:\/\/beskydrent.cz\/wp-content\/uploads\/2023\/09\/IMG_4005-300x225.jpg 300w, https:\/\/beskydrent.cz\/wp-content\/uploads\/2023\/09\/IMG_4005-768x576.jpg 768w, https:\/\/beskydrent.cz\/wp-content\/uploads\/2023\/09\/IMG_4005-1536x1152.jpg 1536w, https:\/\/beskydrent.cz\/wp-content\/uploads\/2023\/09\/IMG_4005-2048x1536.jpg 2048w\" sizes=\"(max-width: 1024px) 100vw, 1024px\" \/><\/figure><div class=\"elementor-image-box-content\"><h1 class=\"elementor-image-box-title\">Dumper kolov\u00fd Kangaro Machinery, r.v. 2023<\/h1><p class=\"elementor-image-box-description\"><span style=\"font-family: Verdana, Arial, Helvetica, sans-serif;font-size: 12px;font-style: normal;font-weight: 400\">Prod\u00e1me kolov\u00fd Dumper VTH100. Vykon 18.5 kW .3320*1160*2400mm. Cena 349 000 bez DPH . Volat PO-PA 8-16 hod. <\/span><span style=\"font-family: Verdana, Arial, Helvetica, sans-serif;font-size: 12px;font-style: normal\"><b>733 780 344<\/b><\/span><\/p><\/div><\/div>\t\t\t\t<\/div>\n\t\t\t\t<\/div>\n\t\t\t\t<div class=\"elementor-element elementor-element-5e8b660d elementor-position-left elementor-vertical-align-top elementor-widget elementor-widget-image-box\" data-id=\"5e8b660d\" data-element_type=\"widget\" data-e-type=\"widget\" data-widget_type=\"image-box.default\">\n\t\t\t\t<div class=\"elementor-widget-container\">\n\t\t\t\t\t<div class=\"elementor-image-box-wrapper\"><figure class=\"elementor-image-box-img\"><img decoding=\"async\" width=\"1024\" height=\"768\" src=\"https:\/\/beskydrent.cz\/wp-content\/uploads\/2023\/09\/174243022-1024x768.jpg\" class=\"attachment-large size-large wp-image-4369\" alt=\"\" srcset=\"https:\/\/beskydrent.cz\/wp-content\/uploads\/2023\/09\/174243022-1024x768.jpg 1024w, https:\/\/beskydrent.cz\/wp-content\/uploads\/2023\/09\/174243022-300x225.jpg 300w, https:\/\/beskydrent.cz\/wp-content\/uploads\/2023\/09\/174243022-768x576.jpg 768w, https:\/\/beskydrent.cz\/wp-content\/uploads\/2023\/09\/174243022.jpg 1200w\" sizes=\"(max-width: 1024px) 100vw, 1024px\" \/><\/figure><div class=\"elementor-image-box-content\"><h1 class=\"elementor-image-box-title\">Traktorov\u00e1 seka\u010dka Iseki SF 370<\/h1><p class=\"elementor-image-box-description\"><span style=\"font-family: Verdana, Arial, Helvetica, sans-serif;font-size: 12px;font-style: normal\">Prod\u00e1me traktorovou seka\u010dku Iseki SF 370 , 1500 mth, 4wd, r. v. 2013, \u0161\u00ed\u0159ka z\u00e1b\u011bru 180 cm, pravideln\u00fd servis, SPZ, je univerz\u00e1ln\u00ed stroj kompaktn\u00edch rozm\u011br\u016f s vysok\u00fdm pracovn\u00edm v\u00fdkonem pro \u00fadr\u017ebu velk\u00fdch ploch. Cena dohodou. <br><b>733 780 344<\/b><\/span><\/p><\/div><\/div>\t\t\t\t<\/div>\n\t\t\t\t<\/div>\n\t\t\t\t<div class=\"elementor-element elementor-element-1ddf9c42 elementor-position-left elementor-vertical-align-top elementor-widget elementor-widget-image-box\" data-id=\"1ddf9c42\" data-element_type=\"widget\" data-e-type=\"widget\" data-widget_type=\"image-box.default\">\n\t\t\t\t<div class=\"elementor-widget-container\">\n\t\t\t\t\t<div class=\"elementor-image-box-wrapper\"><figure class=\"elementor-image-box-img\"><img decoding=\"async\" width=\"1024\" height=\"799\" src=\"https:\/\/beskydrent.cz\/wp-content\/uploads\/2023\/09\/IMG_4160-1024x799.jpg\" class=\"attachment-large size-large wp-image-4370\" alt=\"\" srcset=\"https:\/\/beskydrent.cz\/wp-content\/uploads\/2023\/09\/IMG_4160-1024x799.jpg 1024w, https:\/\/beskydrent.cz\/wp-content\/uploads\/2023\/09\/IMG_4160-300x234.jpg 300w, https:\/\/beskydrent.cz\/wp-content\/uploads\/2023\/09\/IMG_4160-768x599.jpg 768w, https:\/\/beskydrent.cz\/wp-content\/uploads\/2023\/09\/IMG_4160-1536x1199.jpg 1536w, https:\/\/beskydrent.cz\/wp-content\/uploads\/2023\/09\/IMG_4160-2048x1598.jpg 2048w\" sizes=\"(max-width: 1024px) 100vw, 1024px\" \/><\/figure><div class=\"elementor-image-box-content\"><h1 class=\"elementor-image-box-title\">P\u00e1sov\u00fd dumper Kangaro Machinery<\/h1><p class=\"elementor-image-box-description\"><span style=\"font-family: Verdana, Arial, Helvetica, sans-serif;font-size: 12px;font-style: normal\">Prod\u00e1me p\u00e1sov\u00fd dumper. Motor Loncin 270 ccm, 6 kW, 9 HP, nostnost 500kg . Cena 70 000 bez DPH. Volat 8- 16 hod<br><b>733 780 344<\/b><br><\/span><\/p><\/div><\/div>\t\t\t\t<\/div>\n\t\t\t\t<\/div>\n\t\t\t\t<div class=\"elementor-element elementor-element-d70e0f2 elementor-position-left elementor-vertical-align-top elementor-widget elementor-widget-image-box\" data-id=\"d70e0f2\" data-element_type=\"widget\" data-e-type=\"widget\" data-widget_type=\"image-box.default\">\n\t\t\t\t<div class=\"elementor-widget-container\">\n\t\t\t\t\t<div class=\"elementor-image-box-wrapper\"><figure class=\"elementor-image-box-img\"><img loading=\"lazy\" decoding=\"async\" width=\"1024\" height=\"768\" src=\"https:\/\/beskydrent.cz\/wp-content\/uploads\/2023\/09\/174209837-1024x768.jpg\" class=\"attachment-large size-large wp-image-4371\" alt=\"\" srcset=\"https:\/\/beskydrent.cz\/wp-content\/uploads\/2023\/09\/174209837-1024x768.jpg 1024w, https:\/\/beskydrent.cz\/wp-content\/uploads\/2023\/09\/174209837-300x225.jpg 300w, https:\/\/beskydrent.cz\/wp-content\/uploads\/2023\/09\/174209837-768x576.jpg 768w, https:\/\/beskydrent.cz\/wp-content\/uploads\/2023\/09\/174209837.jpg 1200w\" sizes=\"(max-width: 1024px) 100vw, 1024px\" \/><\/figure><div class=\"elementor-image-box-content\"><h1 class=\"elementor-image-box-title\">\u010clun + lodn\u00ed motor Yamaha + voz\u00edk<\/h1><p class=\"elementor-image-box-description\"><span style=\"font-family: Verdana, Arial, Helvetica, sans-serif;font-size: 12px;font-style: normal;font-weight: 400\">Prod\u00e1me \u010dlun + lodn\u00ed motor Yamaha + p\u0159\u00edv\u011bsn\u00fd voz\u00edk. Max nostnost \u010dlunu 1087 kg, a\u017e pro 7 osob, motor Yamaha 20 HP. Cena 75 000 bez DPH . Volat 8 - 16 hod&nbsp; <\/span><span style=\"font-family: Verdana, Arial, Helvetica, sans-serif;font-size: 12px;font-style: normal\"><b>733 780 344<\/b><\/span><\/p><\/div><\/div>\t\t\t\t<\/div>\n\t\t\t\t<\/div>\n\t\t\t\t\t<\/div>\n\t\t<\/div>\n\t\t\t\t\t<\/div>\n\t\t<\/section>\n\t\t\t\t<section class=\"elementor-section elementor-top-section elementor-element elementor-element-3d293e5c elementor-section-boxed elementor-section-height-default elementor-section-height-default\" data-id=\"3d293e5c\" data-element_type=\"section\" data-e-type=\"section\">\n\t\t\t\t\t\t<div class=\"elementor-container elementor-column-gap-default\">\n\t\t\t\t\t<div class=\"elementor-column elementor-col-100 elementor-top-column elementor-element elementor-element-9597000\" data-id=\"9597000\" data-element_type=\"column\" data-e-type=\"column\">\n\t\t\t<div class=\"elementor-widget-wrap elementor-element-populated\">\n\t\t\t\t\t\t<div class=\"elementor-element elementor-element-18bd6aa0 elementor-position-left elementor-vertical-align-top elementor-widget elementor-widget-image-box\" data-id=\"18bd6aa0\" data-element_type=\"widget\" data-e-type=\"widget\" data-widget_type=\"image-box.default\">\n\t\t\t\t<div class=\"elementor-widget-container\">\n\t\t\t\t\t<div class=\"elementor-image-box-wrapper\"><figure class=\"elementor-image-box-img\"><img loading=\"lazy\" decoding=\"async\" width=\"300\" height=\"225\" src=\"https:\/\/beskydrent.cz\/wp-content\/uploads\/2023\/09\/IMG_4015-300x225.jpg\" class=\"attachment-medium size-medium wp-image-4374\" alt=\"\" srcset=\"https:\/\/beskydrent.cz\/wp-content\/uploads\/2023\/09\/IMG_4015-300x225.jpg 300w, https:\/\/beskydrent.cz\/wp-content\/uploads\/2023\/09\/IMG_4015-1024x768.jpg 1024w, https:\/\/beskydrent.cz\/wp-content\/uploads\/2023\/09\/IMG_4015-768x576.jpg 768w, https:\/\/beskydrent.cz\/wp-content\/uploads\/2023\/09\/IMG_4015-1536x1152.jpg 1536w, https:\/\/beskydrent.cz\/wp-content\/uploads\/2023\/09\/IMG_4015-2048x1536.jpg 2048w\" sizes=\"(max-width: 300px) 100vw, 300px\" \/><\/figure><div class=\"elementor-image-box-content\"><h3 class=\"elementor-image-box-title\">Traktor 504<\/h3><p class=\"elementor-image-box-description\"><span style=\"font-family: Verdana, Arial, Helvetica, sans-serif;font-size: 12px;font-style: normal;font-weight: 400\">Prod\u00e1me traktor r.v. 2023 diesel . 50 HP, Zadn\u00ed t\u0159\u00edbodov\u00fd z\u00e1v\u011bs, kategorie I a II, hydraulika. V\u00edce po telefonu volat PO-PA 8 - 16 hod . Cena 250 000 bez DPH, <\/span><span style=\"font-family: Verdana, Arial, Helvetica, sans-serif;font-size: 12px;font-style: normal\"><b>733 780 344<\/b><\/span><\/p><\/div><\/div>\t\t\t\t<\/div>\n\t\t\t\t<\/div>\n\t\t\t\t<div class=\"elementor-element elementor-element-6f43fc6 elementor-position-left elementor-vertical-align-top elementor-widget elementor-widget-image-box\" data-id=\"6f43fc6\" data-element_type=\"widget\" data-e-type=\"widget\" data-widget_type=\"image-box.default\">\n\t\t\t\t<div class=\"elementor-widget-container\">\n\t\t\t\t\t<div class=\"elementor-image-box-wrapper\"><figure class=\"elementor-image-box-img\"><img loading=\"lazy\" decoding=\"async\" width=\"1024\" height=\"768\" src=\"https:\/\/beskydrent.cz\/wp-content\/uploads\/2023\/09\/IMG_3933-1024x768.jpg\" class=\"attachment-large size-large wp-image-4373\" alt=\"\" srcset=\"https:\/\/beskydrent.cz\/wp-content\/uploads\/2023\/09\/IMG_3933-1024x768.jpg 1024w, https:\/\/beskydrent.cz\/wp-content\/uploads\/2023\/09\/IMG_3933-300x225.jpg 300w, https:\/\/beskydrent.cz\/wp-content\/uploads\/2023\/09\/IMG_3933-768x576.jpg 768w, https:\/\/beskydrent.cz\/wp-content\/uploads\/2023\/09\/IMG_3933-1536x1152.jpg 1536w, https:\/\/beskydrent.cz\/wp-content\/uploads\/2023\/09\/IMG_3933-2048x1536.jpg 2048w\" sizes=\"(max-width: 1024px) 100vw, 1024px\" \/><\/figure><div class=\"elementor-image-box-content\"><h1 class=\"elementor-image-box-title\">Vibra\u010dn\u00ed deska Kangaro Machinery s motorem Honda<\/h1><p class=\"elementor-image-box-description\"><span style=\"font-family: Verdana, Arial, Helvetica, sans-serif;font-size: 12px;font-style: normal;font-weight: 400\">Prod\u00e1me vibr. desku 122 kg. Motor Honda GX160 o v\u00fdkonu 3,6 kW. Kryc\u00ed guma na z\u00e1mkovou dla\u017ebu . Cena 42 000 bez DPH . Volat PO-PA 8 - 16 hod<\/span><span style=\"font-family: Verdana, Arial, Helvetica, sans-serif;font-size: 12px;font-style: normal\"><b> 733 780 344<\/b><\/span><\/p><\/div><\/div>\t\t\t\t<\/div>\n\t\t\t\t<\/div>\n\t\t\t\t<div class=\"elementor-element elementor-element-8f9005e elementor-position-left elementor-vertical-align-top elementor-widget elementor-widget-image-box\" data-id=\"8f9005e\" data-element_type=\"widget\" data-e-type=\"widget\" data-widget_type=\"image-box.default\">\n\t\t\t\t<div class=\"elementor-widget-container\">\n\t\t\t\t\t<div class=\"elementor-image-box-wrapper\"><figure class=\"elementor-image-box-img\"><img loading=\"lazy\" decoding=\"async\" width=\"300\" height=\"247\" src=\"https:\/\/beskydrent.cz\/wp-content\/uploads\/2023\/09\/173985874-300x247.jpg\" class=\"attachment-medium size-medium wp-image-4375\" alt=\"\" srcset=\"https:\/\/beskydrent.cz\/wp-content\/uploads\/2023\/09\/173985874-300x247.jpg 300w, https:\/\/beskydrent.cz\/wp-content\/uploads\/2023\/09\/173985874-768x633.jpg 768w, https:\/\/beskydrent.cz\/wp-content\/uploads\/2023\/09\/173985874.jpg 900w\" sizes=\"(max-width: 300px) 100vw, 300px\" \/><\/figure><div class=\"elementor-image-box-content\"><h3 class=\"elementor-image-box-title\">Mini bagr Kangaro Machinery 12<\/h3><p class=\"elementor-image-box-description\"><span style=\"font-family: Verdana, Arial, Helvetica, sans-serif;font-size: 12px;font-style: normal;font-weight: 400\">Prod\u00e1me mini bagr. Mimoos\u00e9 kop\u00e1n\u00ed. Spou\u0161t\u011bn\u00ed motoru elektrick\u00fdm start\u00e9rem. S vodou chlazen\u00fdm, 3v\u00e1lcov\u00fdm japonsk\u00fdm motorem KUBOTA D722\/E711 o v\u00fdkonu 10,2kW\/2500ot\/min<\/span><span style=\"font-family: Verdana, Arial, Helvetica, sans-serif;font-size: 12px;font-style: normal;font-weight: 400\">, cena 210 000 bez DPH,&nbsp;&nbsp;<\/span><span style=\"font-family: Verdana, Arial, Helvetica, sans-serif;font-size: 12px;font-style: normal\"><b>733 780 344<\/b><\/span><\/p><\/div><\/div>\t\t\t\t<\/div>\n\t\t\t\t<\/div>\n\t\t\t\t<div class=\"elementor-element elementor-element-a0e471d elementor-position-left elementor-vertical-align-top elementor-widget elementor-widget-image-box\" data-id=\"a0e471d\" data-element_type=\"widget\" data-e-type=\"widget\" data-widget_type=\"image-box.default\">\n\t\t\t\t<div class=\"elementor-widget-container\">\n\t\t\t\t\t<div class=\"elementor-image-box-wrapper\"><figure class=\"elementor-image-box-img\"><img loading=\"lazy\" decoding=\"async\" width=\"300\" height=\"275\" src=\"https:\/\/beskydrent.cz\/wp-content\/uploads\/2023\/09\/IMG_3967-300x275.jpg\" class=\"attachment-medium size-medium wp-image-4380\" alt=\"\" srcset=\"https:\/\/beskydrent.cz\/wp-content\/uploads\/2023\/09\/IMG_3967-300x275.jpg 300w, https:\/\/beskydrent.cz\/wp-content\/uploads\/2023\/09\/IMG_3967-1024x937.jpg 1024w, https:\/\/beskydrent.cz\/wp-content\/uploads\/2023\/09\/IMG_3967-768x703.jpg 768w, https:\/\/beskydrent.cz\/wp-content\/uploads\/2023\/09\/IMG_3967-1536x1406.jpg 1536w, https:\/\/beskydrent.cz\/wp-content\/uploads\/2023\/09\/IMG_3967-2048x1875.jpg 2048w\" sizes=\"(max-width: 300px) 100vw, 300px\" \/><\/figure><div class=\"elementor-image-box-content\"><h3 class=\"elementor-image-box-title\">Mini bagr Kangaro Machinery 12<\/h3><p class=\"elementor-image-box-description\"><span style=\"font-family: Verdana, Arial, Helvetica, sans-serif;font-size: 12px;font-style: normal;font-weight: 400\">Prod\u00e1me mini bagr. Mimoos\u00e9 kop\u00e1n\u00ed. Spou\u0161t\u011bn\u00ed motoru elektrick\u00fdm start\u00e9rem. S vodou chlazen\u00fdm, 3v\u00e1lcov\u00fdm japonsk\u00fdm motorem KUBOTA D722\/E711 o v\u00fdkonu 10,2kW\/2500ot\/min<\/span><span style=\"font-style: normal;font-weight: 400;font-family: Verdana, Arial, Helvetica, sans-serif;font-size: 12px\">, cena 210 000 bez DPH;&nbsp;&nbsp;<\/span><span style=\"font-style: normal;font-family: Verdana, Arial, Helvetica, sans-serif;font-size: 12px\"><b>733 780 344<\/b><\/span><span style=\"font-size: 14px;color: var( --e-global-color-text )\"><\/span><\/p><\/div><\/div>\t\t\t\t<\/div>\n\t\t\t\t<\/div>\n\t\t\t\t<div class=\"elementor-element elementor-element-cf41050 elementor-position-left elementor-vertical-align-top elementor-widget elementor-widget-image-box\" data-id=\"cf41050\" data-element_type=\"widget\" data-e-type=\"widget\" data-widget_type=\"image-box.default\">\n\t\t\t\t<div class=\"elementor-widget-container\">\n\t\t\t\t\t<div class=\"elementor-image-box-wrapper\"><figure class=\"elementor-image-box-img\"><img loading=\"lazy\" decoding=\"async\" width=\"300\" height=\"225\" src=\"https:\/\/beskydrent.cz\/wp-content\/uploads\/2023\/09\/IMG_3325-300x225.jpg\" class=\"attachment-medium size-medium wp-image-4381\" alt=\"\" srcset=\"https:\/\/beskydrent.cz\/wp-content\/uploads\/2023\/09\/IMG_3325-300x225.jpg 300w, https:\/\/beskydrent.cz\/wp-content\/uploads\/2023\/09\/IMG_3325-1024x768.jpg 1024w, https:\/\/beskydrent.cz\/wp-content\/uploads\/2023\/09\/IMG_3325-768x576.jpg 768w, https:\/\/beskydrent.cz\/wp-content\/uploads\/2023\/09\/IMG_3325-1536x1152.jpg 1536w, https:\/\/beskydrent.cz\/wp-content\/uploads\/2023\/09\/IMG_3325-2048x1536.jpg 2048w\" sizes=\"(max-width: 300px) 100vw, 300px\" \/><\/figure><div class=\"elementor-image-box-content\"><h3 class=\"elementor-image-box-title\">Mini bagr WE18<\/h3><p class=\"elementor-image-box-description\"><span style=\"font-family: Verdana, Arial, Helvetica, sans-serif;font-size: 12px;font-style: normal;font-weight: 400\">Minibagr. Kubota motor, 310 mth. Typ: WOLF WE18. Rozm\u011bry: 3800 \u00d7 1050 \u00d7 2280 mm<\/span><br style=\"font-family: Verdana, Arial, Helvetica, sans-serif;font-size: 12px\"><span style=\"font-family: Verdana, Arial, Helvetica, sans-serif;font-size: 12px;font-style: normal;font-weight: 400\">Hmotnost: 1800 kg. V\u00fdkon motoru: 14,2 kW. Max. hloubka kop\u00e1n\u00ed: 2050 mm. Max. v\u00fdsypn\u00e1 v\u00fd\u0161ka: 2390 mm. Max. polom\u011br kop\u00e1n\u00ed na zemi&nbsp;<\/span><span style=\"font-family: Verdana, Arial, Helvetica, sans-serif;font-size: 12px;font-style: normal;font-weight: 400\">3860 mm; cena 290 000 bez DPH;<\/span><span style=\"font-style: normal;font-weight: 400;font-family: Verdana, Arial, Helvetica, sans-serif;font-size: 12px\">&nbsp;&nbsp;<\/span><span style=\"font-style: normal;font-family: Verdana, Arial, Helvetica, sans-serif;font-size: 12px\"><b>733 780 344<\/b><\/span><span style=\"font-size: 14px;color: var( --e-global-color-text )\"><\/span><\/p><\/div><\/div>\t\t\t\t<\/div>\n\t\t\t\t<\/div>\n\t\t\t\t\t<\/div>\n\t\t<\/div>\n\t\t\t\t\t<\/div>\n\t\t<\/section>\n\t\t\t\t<section class=\"elementor-section elementor-top-section elementor-element elementor-element-0e51bef elementor-section-boxed elementor-section-height-default elementor-section-height-default\" data-id=\"0e51bef\" data-element_type=\"section\" data-e-type=\"section\">\n\t\t\t\t\t\t<div class=\"elementor-container elementor-column-gap-default\">\n\t\t\t\t\t<div class=\"elementor-column elementor-col-100 elementor-top-column elementor-element elementor-element-7674fc6\" data-id=\"7674fc6\" data-element_type=\"column\" data-e-type=\"column\">\n\t\t\t<div class=\"elementor-widget-wrap\">\n\t\t\t\t\t\t\t<\/div>\n\t\t<\/div>\n\t\t\t\t\t<\/div>\n\t\t<\/section>\n\t\t\t\t<section class=\"elementor-section elementor-top-section elementor-element elementor-element-3951c10c elementor-section-boxed elementor-section-height-default elementor-section-height-default\" data-id=\"3951c10c\" data-element_type=\"section\" data-e-type=\"section\">\n\t\t\t\t\t\t<div class=\"elementor-container elementor-column-gap-default\">\n\t\t\t\t\t<div class=\"elementor-column elementor-col-100 elementor-top-column elementor-element elementor-element-65704be9\" data-id=\"65704be9\" data-element_type=\"column\" data-e-type=\"column\">\n\t\t\t<div class=\"elementor-widget-wrap elementor-element-populated\">\n\t\t\t\t\t\t<div class=\"elementor-element elementor-element-730e0420 elementor-align-center elementor-widget elementor-widget-button\" data-id=\"730e0420\" data-element_type=\"widget\" data-e-type=\"widget\" data-widget_type=\"button.default\">\n\t\t\t\t<div class=\"elementor-widget-container\">\n\t\t\t\t\t\t\t\t\t<div class=\"elementor-button-wrapper\">\n\t\t\t\t\t<a class=\"elementor-button elementor-button-link elementor-size-xl\" href=\"https:\/\/beskydrent.cz\">\n\t\t\t\t\t\t<span class=\"elementor-button-content-wrapper\">\n\t\t\t\t\t\t<span class=\"elementor-button-icon\">\n\t\t\t\t<i aria-hidden=\"true\" class=\"fas fa-home\"><\/i>\t\t\t<\/span>\n\t\t\t\t\t\t\t\t\t<span class=\"elementor-button-text\">na hlavn\u00ed str\u00e1nku<\/span>\n\t\t\t\t\t<\/span>\n\t\t\t\t\t<\/a>\n\t\t\t\t<\/div>\n\t\t\t\t\t\t\t\t<\/div>\n\t\t\t\t<\/div>\n\t\t\t\t\t<\/div>\n\t\t<\/div>\n\t\t\t\t\t<\/div>\n\t\t<\/section>\n\t\t\t\t<\/div>\n\t\t","protected":false},"excerpt":{"rendered":"<p>Dumper kolov\u00fd Kangaro Machinery, r.v. 2023 Prod\u00e1me kolov\u00fd Dumper VTH100. Vykon 18.5 kW .3320*1160*2400mm. Cena 349 000 bez DPH . Volat PO-PA 8-16 hod. 733 780 344 Traktorov\u00e1 seka\u010dka Iseki SF 370 Prod\u00e1me traktorovou seka\u010dku Iseki SF 370 , 1500 mth, 4wd, r. v. 2013, \u0161\u00ed\u0159ka z\u00e1b\u011bru 180 cm, pravideln\u00fd servis, SPZ, je univerz\u00e1ln\u00ed stroj [&hellip;]<\/p>\n","protected":false},"author":5,"featured_media":0,"parent":2,"menu_order":0,"comment_status":"closed","ping_status":"closed","template":"elementor_header_footer","meta":{"ocean_post_layout":"","ocean_both_sidebars_style":"","ocean_both_sidebars_content_width":0,"ocean_both_sidebars_sidebars_width":0,"ocean_sidebar":"","ocean_second_sidebar":"","ocean_disable_margins":"enable","ocean_add_body_class":"","ocean_shortcode_before_top_bar":"","ocean_shortcode_after_top_bar":"","ocean_shortcode_before_header":"","ocean_shortcode_after_header":"","ocean_has_shortcode":"","ocean_shortcode_after_title":"","ocean_shortcode_before_footer_widgets":"","ocean_shortcode_after_footer_widgets":"","ocean_shortcode_before_footer_bottom":"","ocean_shortcode_after_footer_bottom":"","ocean_display_top_bar":"default","ocean_display_header":"default","ocean_header_style":"","ocean_center_header_left_menu":"","ocean_custom_header_template":"","ocean_custom_logo":0,"ocean_custom_retina_logo":0,"ocean_custom_logo_max_width":0,"ocean_custom_logo_tablet_max_width":0,"ocean_custom_logo_mobile_max_width":0,"ocean_custom_logo_max_height":0,"ocean_custom_logo_tablet_max_height":0,"ocean_custom_logo_mobile_max_height":0,"ocean_header_custom_menu":"","ocean_menu_typo_font_family":"","ocean_menu_typo_font_subset":"","ocean_menu_typo_font_size":0,"ocean_menu_typo_font_size_tablet":0,"ocean_menu_typo_font_size_mobile":0,"ocean_menu_typo_font_size_unit":"px","ocean_menu_typo_font_weight":"","ocean_menu_typo_font_weight_tablet":"","ocean_menu_typo_font_weight_mobile":"","ocean_menu_typo_transform":"","ocean_menu_typo_transform_tablet":"","ocean_menu_typo_transform_mobile":"","ocean_menu_typo_line_height":0,"ocean_menu_typo_line_height_tablet":0,"ocean_menu_typo_line_height_mobile":0,"ocean_menu_typo_line_height_unit":"","ocean_menu_typo_spacing":0,"ocean_menu_typo_spacing_tablet":0,"ocean_menu_typo_spacing_mobile":0,"ocean_menu_typo_spacing_unit":"","ocean_menu_link_color":"","ocean_menu_link_color_hover":"","ocean_menu_link_color_active":"","ocean_menu_link_background":"","ocean_menu_link_hover_background":"","ocean_menu_link_active_background":"","ocean_menu_social_links_bg":"","ocean_menu_social_hover_links_bg":"","ocean_menu_social_links_color":"","ocean_menu_social_hover_links_color":"","ocean_disable_title":"default","ocean_disable_heading":"default","ocean_post_title":"","ocean_post_subheading":"","ocean_post_title_style":"","ocean_post_title_background_color":"","ocean_post_title_background":0,"ocean_post_title_bg_image_position":"","ocean_post_title_bg_image_attachment":"","ocean_post_title_bg_image_repeat":"","ocean_post_title_bg_image_size":"","ocean_post_title_height":0,"ocean_post_title_bg_overlay":0.5,"ocean_post_title_bg_overlay_color":"","ocean_disable_breadcrumbs":"default","ocean_breadcrumbs_color":"","ocean_breadcrumbs_separator_color":"","ocean_breadcrumbs_links_color":"","ocean_breadcrumbs_links_hover_color":"","ocean_display_footer_widgets":"default","ocean_display_footer_bottom":"default","ocean_custom_footer_template":"","footnotes":""},"class_list":["post-4366","page","type-page","status-publish","hentry","entry"],"_links":{"self":[{"href":"https:\/\/beskydrent.cz\/index.php\/wp-json\/wp\/v2\/pages\/4366","targetHints":{"allow":["GET"]}}],"collection":[{"href":"https:\/\/beskydrent.cz\/index.php\/wp-json\/wp\/v2\/pages"}],"about":[{"href":"https:\/\/beskydrent.cz\/index.php\/wp-json\/wp\/v2\/types\/page"}],"author":[{"embeddable":true,"href":"https:\/\/beskydrent.cz\/index.php\/wp-json\/wp\/v2\/users\/5"}],"replies":[{"embeddable":true,"href":"https:\/\/beskydrent.cz\/index.php\/wp-json\/wp\/v2\/comments?post=4366"}],"version-history":[{"count":0,"href":"https:\/\/beskydrent.cz\/index.php\/wp-json\/wp\/v2\/pages\/4366\/revisions"}],"up":[{"embeddable":true,"href":"https:\/\/beskydrent.cz\/index.php\/wp-json\/wp\/v2\/pages\/2"}],"wp:attachment":[{"href":"https:\/\/beskydrent.cz\/index.php\/wp-json\/wp\/v2\/media?parent=4366"}],"curies":[{"name":"wp","href":"https:\/\/api.w.org\/{rel}","templated":true}]}}