{"id":5022,"date":"2023-12-06T07:52:07","date_gmt":"2023-12-06T07:52:07","guid":{"rendered":"https:\/\/beskydrent.cz\/?page_id=5022"},"modified":"2025-04-30T07:16:56","modified_gmt":"2025-04-30T07:16:56","slug":"vjc45","status":"publish","type":"page","link":"https:\/\/beskydrent.cz\/index.php\/beskydrent\/bagry\/vjc45\/","title":{"rendered":"Naklada\u010d Kangaro VJC45"},"content":{"rendered":"\t\t<div data-elementor-type=\"wp-page\" data-elementor-id=\"5022\" class=\"elementor elementor-5022\">\n\t\t\t\t\t\t<section class=\"elementor-section elementor-top-section elementor-element elementor-element-5c9604a3 elementor-section-boxed elementor-section-height-default elementor-section-height-default\" data-id=\"5c9604a3\" data-element_type=\"section\" data-e-type=\"section\">\n\t\t\t\t\t\t<div class=\"elementor-container elementor-column-gap-default\">\n\t\t\t\t\t<div class=\"elementor-column elementor-col-100 elementor-top-column elementor-element elementor-element-191ca83a\" data-id=\"191ca83a\" data-element_type=\"column\" data-e-type=\"column\">\n\t\t\t<div class=\"elementor-widget-wrap elementor-element-populated\">\n\t\t\t\t\t\t<div class=\"elementor-element elementor-element-1f9a3c0 elementor-widget elementor-widget-heading\" data-id=\"1f9a3c0\" data-element_type=\"widget\" data-e-type=\"widget\" data-widget_type=\"heading.default\">\n\t\t\t\t<div class=\"elementor-widget-container\">\n\t\t\t\t\t<h2 class=\"elementor-heading-title elementor-size-default\">P\u016eJ\u010cEN\u00cd JE MO\u017dN\u00c9 JEN SE STROJN\u00cdM PR\u016eKAZEM!<\/h2>\t\t\t\t<\/div>\n\t\t\t\t<\/div>\n\t\t\t\t\t<\/div>\n\t\t<\/div>\n\t\t\t\t\t<\/div>\n\t\t<\/section>\n\t\t\t\t<section class=\"elementor-section elementor-top-section elementor-element elementor-element-a9ec7cf elementor-section-boxed elementor-section-height-default elementor-section-height-default\" data-id=\"a9ec7cf\" data-element_type=\"section\" data-e-type=\"section\">\n\t\t\t\t\t\t<div class=\"elementor-container elementor-column-gap-default\">\n\t\t\t\t\t<div class=\"elementor-column elementor-col-66 elementor-top-column elementor-element elementor-element-69793a3f\" data-id=\"69793a3f\" data-element_type=\"column\" data-e-type=\"column\">\n\t\t\t<div class=\"elementor-widget-wrap elementor-element-populated\">\n\t\t\t\t\t\t<div class=\"elementor-element elementor-element-10aadd9e elementor-widget elementor-widget-image\" data-id=\"10aadd9e\" data-element_type=\"widget\" data-e-type=\"widget\" data-widget_type=\"image.default\">\n\t\t\t\t<div class=\"elementor-widget-container\">\n\t\t\t\t\t\t\t\t\t\t\t\t\t\t\t<img fetchpriority=\"high\" decoding=\"async\" width=\"1024\" height=\"678\" src=\"https:\/\/beskydrent.cz\/wp-content\/uploads\/2023\/12\/DSC_6066-1024x678.jpg\" class=\"attachment-large size-large wp-image-5024\" alt=\"\" srcset=\"https:\/\/beskydrent.cz\/wp-content\/uploads\/2023\/12\/DSC_6066-1024x678.jpg 1024w, https:\/\/beskydrent.cz\/wp-content\/uploads\/2023\/12\/DSC_6066-300x199.jpg 300w, https:\/\/beskydrent.cz\/wp-content\/uploads\/2023\/12\/DSC_6066-768x509.jpg 768w, https:\/\/beskydrent.cz\/wp-content\/uploads\/2023\/12\/DSC_6066-1536x1017.jpg 1536w, https:\/\/beskydrent.cz\/wp-content\/uploads\/2023\/12\/DSC_6066-2048x1356.jpg 2048w\" sizes=\"(max-width: 1024px) 100vw, 1024px\" \/>\t\t\t\t\t\t\t\t\t\t\t\t\t\t\t<\/div>\n\t\t\t\t<\/div>\n\t\t\t\t\t<\/div>\n\t\t<\/div>\n\t\t\t\t<div class=\"elementor-column elementor-col-33 elementor-top-column elementor-element elementor-element-1865b950\" data-id=\"1865b950\" data-element_type=\"column\" data-e-type=\"column\">\n\t\t\t<div class=\"elementor-widget-wrap elementor-element-populated\">\n\t\t\t\t\t\t<div class=\"elementor-element elementor-element-57871823 elementor-widget elementor-widget-text-editor\" data-id=\"57871823\" data-element_type=\"widget\" data-e-type=\"widget\" data-widget_type=\"text-editor.default\">\n\t\t\t\t<div class=\"elementor-widget-container\">\n\t\t\t\t\t\t\t\t\t<p>typ:<br \/><strong>Naklada\u010d Kangaro VJC45<\/strong><\/p><p>rozm\u011bry stroje:<br \/><strong>3350 * 1720 * 2150 mm<\/strong><\/p><p>hmotnost bez n\u00e1kladu:<br \/><strong>3000 kg<\/strong><\/p><p>nosnost:<br \/><strong>700 kg, obsah 0,5 cbm<\/strong><\/p><p>typ vysyp\u00e1v\u00e1n\u00ed:<br \/><strong>vykl\u00e1p\u011bc\u00ed dop\u0159edu<\/strong><\/p><p>motor:<br \/><b>35,5 kw<\/b><\/p>\t\t\t\t\t\t\t\t<\/div>\n\t\t\t\t<\/div>\n\t\t\t\t<div class=\"elementor-element elementor-element-23c2a5e2 elementor-align-justify elementor-widget elementor-widget-button\" data-id=\"23c2a5e2\" data-element_type=\"widget\" data-e-type=\"widget\" data-widget_type=\"button.default\">\n\t\t\t\t<div class=\"elementor-widget-container\">\n\t\t\t\t\t\t\t\t\t<div class=\"elementor-button-wrapper\">\n\t\t\t\t\t<a class=\"elementor-button elementor-button-link elementor-size-md\" href=\"https:\/\/beskydrent.cz\/index.php\/cenik\/\">\n\t\t\t\t\t\t<span class=\"elementor-button-content-wrapper\">\n\t\t\t\t\t\t\t\t\t<span class=\"elementor-button-text\">Cen\u00edk p\u016fj\u010dovn\u00e9ho Janovice a Sedlnice<\/span>\n\t\t\t\t\t<\/span>\n\t\t\t\t\t<\/a>\n\t\t\t\t<\/div>\n\t\t\t\t\t\t\t\t<\/div>\n\t\t\t\t<\/div>\n\t\t\t\t\t<\/div>\n\t\t<\/div>\n\t\t\t\t\t<\/div>\n\t\t<\/section>\n\t\t\t\t<section class=\"elementor-section elementor-top-section elementor-element elementor-element-2472af08 elementor-section-boxed elementor-section-height-default elementor-section-height-default\" data-id=\"2472af08\" data-element_type=\"section\" data-e-type=\"section\">\n\t\t\t\t\t\t<div class=\"elementor-container elementor-column-gap-narrow\">\n\t\t\t\t\t<div class=\"elementor-column elementor-col-100 elementor-top-column elementor-element elementor-element-783d28d0\" data-id=\"783d28d0\" data-element_type=\"column\" data-e-type=\"column\">\n\t\t\t<div class=\"elementor-widget-wrap elementor-element-populated\">\n\t\t\t\t\t\t<div class=\"elementor-element elementor-element-6cdb13c2 elementor-widget elementor-widget-image-gallery\" data-id=\"6cdb13c2\" data-element_type=\"widget\" data-e-type=\"widget\" data-widget_type=\"image-gallery.default\">\n\t\t\t\t<div class=\"elementor-widget-container\">\n\t\t\t\t\t\t\t<div class=\"elementor-image-gallery\">\n\t\t\t<div id='gallery-1' class='gallery galleryid-5022 gallery-columns-5 gallery-size-thumbnail'><figure class='gallery-item'>\n\t\t\t<div class='gallery-icon landscape'>\n\t\t\t\t<a data-elementor-open-lightbox=\"yes\" data-elementor-lightbox-slideshow=\"6cdb13c2\" data-elementor-lightbox-title=\"DSC_6073\" data-e-action-hash=\"#elementor-action%3Aaction%3Dlightbox%26settings%3DeyJpZCI6NTAyNiwidXJsIjoiaHR0cHM6XC9cL2Jlc2t5ZHJlbnQuY3pcL3dwLWNvbnRlbnRcL3VwbG9hZHNcLzIwMjNcLzEyXC9EU0NfNjA3My1zY2FsZWQuanBnIiwic2xpZGVzaG93IjoiNmNkYjEzYzIifQ%3D%3D\" href='https:\/\/beskydrent.cz\/wp-content\/uploads\/2023\/12\/DSC_6073-scaled.jpg'><img decoding=\"async\" width=\"150\" height=\"150\" src=\"https:\/\/beskydrent.cz\/wp-content\/uploads\/2023\/12\/DSC_6073-150x150.jpg\" class=\"attachment-thumbnail size-thumbnail\" alt=\"\" srcset=\"https:\/\/beskydrent.cz\/wp-content\/uploads\/2023\/12\/DSC_6073-150x150.jpg 150w, https:\/\/beskydrent.cz\/wp-content\/uploads\/2023\/12\/DSC_6073-600x600.jpg 600w\" sizes=\"(max-width: 150px) 100vw, 150px\" \/><\/a>\n\t\t\t<\/div><\/figure><figure class='gallery-item'>\n\t\t\t<div class='gallery-icon portrait'>\n\t\t\t\t<a data-elementor-open-lightbox=\"yes\" data-elementor-lightbox-slideshow=\"6cdb13c2\" data-elementor-lightbox-title=\"DSC_6074\" data-e-action-hash=\"#elementor-action%3Aaction%3Dlightbox%26settings%3DeyJpZCI6NTAyNywidXJsIjoiaHR0cHM6XC9cL2Jlc2t5ZHJlbnQuY3pcL3dwLWNvbnRlbnRcL3VwbG9hZHNcLzIwMjNcLzEyXC9EU0NfNjA3NC1zY2FsZWQuanBnIiwic2xpZGVzaG93IjoiNmNkYjEzYzIifQ%3D%3D\" href='https:\/\/beskydrent.cz\/wp-content\/uploads\/2023\/12\/DSC_6074-scaled.jpg'><img decoding=\"async\" width=\"150\" height=\"150\" src=\"https:\/\/beskydrent.cz\/wp-content\/uploads\/2023\/12\/DSC_6074-150x150.jpg\" class=\"attachment-thumbnail size-thumbnail\" alt=\"\" srcset=\"https:\/\/beskydrent.cz\/wp-content\/uploads\/2023\/12\/DSC_6074-150x150.jpg 150w, https:\/\/beskydrent.cz\/wp-content\/uploads\/2023\/12\/DSC_6074-600x600.jpg 600w\" sizes=\"(max-width: 150px) 100vw, 150px\" \/><\/a>\n\t\t\t<\/div><\/figure><figure class='gallery-item'>\n\t\t\t<div class='gallery-icon landscape'>\n\t\t\t\t<a data-elementor-open-lightbox=\"yes\" data-elementor-lightbox-slideshow=\"6cdb13c2\" data-elementor-lightbox-title=\"DSC_6077\" data-e-action-hash=\"#elementor-action%3Aaction%3Dlightbox%26settings%3DeyJpZCI6NTAyOCwidXJsIjoiaHR0cHM6XC9cL2Jlc2t5ZHJlbnQuY3pcL3dwLWNvbnRlbnRcL3VwbG9hZHNcLzIwMjNcLzEyXC9EU0NfNjA3Ny1zY2FsZWQuanBnIiwic2xpZGVzaG93IjoiNmNkYjEzYzIifQ%3D%3D\" href='https:\/\/beskydrent.cz\/wp-content\/uploads\/2023\/12\/DSC_6077-scaled.jpg'><img loading=\"lazy\" decoding=\"async\" width=\"150\" height=\"150\" src=\"https:\/\/beskydrent.cz\/wp-content\/uploads\/2023\/12\/DSC_6077-150x150.jpg\" class=\"attachment-thumbnail size-thumbnail\" alt=\"\" srcset=\"https:\/\/beskydrent.cz\/wp-content\/uploads\/2023\/12\/DSC_6077-150x150.jpg 150w, https:\/\/beskydrent.cz\/wp-content\/uploads\/2023\/12\/DSC_6077-600x600.jpg 600w\" sizes=\"(max-width: 150px) 100vw, 150px\" \/><\/a>\n\t\t\t<\/div><\/figure><figure class='gallery-item'>\n\t\t\t<div class='gallery-icon landscape'>\n\t\t\t\t<a data-elementor-open-lightbox=\"yes\" data-elementor-lightbox-slideshow=\"6cdb13c2\" data-elementor-lightbox-title=\"DSC_6078\" data-e-action-hash=\"#elementor-action%3Aaction%3Dlightbox%26settings%3DeyJpZCI6NTAyOSwidXJsIjoiaHR0cHM6XC9cL2Jlc2t5ZHJlbnQuY3pcL3dwLWNvbnRlbnRcL3VwbG9hZHNcLzIwMjNcLzEyXC9EU0NfNjA3OC1zY2FsZWQuanBnIiwic2xpZGVzaG93IjoiNmNkYjEzYzIifQ%3D%3D\" href='https:\/\/beskydrent.cz\/wp-content\/uploads\/2023\/12\/DSC_6078-scaled.jpg'><img loading=\"lazy\" decoding=\"async\" width=\"150\" height=\"150\" src=\"https:\/\/beskydrent.cz\/wp-content\/uploads\/2023\/12\/DSC_6078-150x150.jpg\" class=\"attachment-thumbnail size-thumbnail\" alt=\"\" srcset=\"https:\/\/beskydrent.cz\/wp-content\/uploads\/2023\/12\/DSC_6078-150x150.jpg 150w, https:\/\/beskydrent.cz\/wp-content\/uploads\/2023\/12\/DSC_6078-600x600.jpg 600w\" sizes=\"(max-width: 150px) 100vw, 150px\" \/><\/a>\n\t\t\t<\/div><\/figure><figure class='gallery-item'>\n\t\t\t<div class='gallery-icon landscape'>\n\t\t\t\t<a data-elementor-open-lightbox=\"yes\" data-elementor-lightbox-slideshow=\"6cdb13c2\" data-elementor-lightbox-title=\"DSC_6079\" data-e-action-hash=\"#elementor-action%3Aaction%3Dlightbox%26settings%3DeyJpZCI6NTAzMCwidXJsIjoiaHR0cHM6XC9cL2Jlc2t5ZHJlbnQuY3pcL3dwLWNvbnRlbnRcL3VwbG9hZHNcLzIwMjNcLzEyXC9EU0NfNjA3OS1zY2FsZWQuanBnIiwic2xpZGVzaG93IjoiNmNkYjEzYzIifQ%3D%3D\" href='https:\/\/beskydrent.cz\/wp-content\/uploads\/2023\/12\/DSC_6079-scaled.jpg'><img loading=\"lazy\" decoding=\"async\" width=\"150\" height=\"150\" src=\"https:\/\/beskydrent.cz\/wp-content\/uploads\/2023\/12\/DSC_6079-150x150.jpg\" class=\"attachment-thumbnail size-thumbnail\" alt=\"\" srcset=\"https:\/\/beskydrent.cz\/wp-content\/uploads\/2023\/12\/DSC_6079-150x150.jpg 150w, https:\/\/beskydrent.cz\/wp-content\/uploads\/2023\/12\/DSC_6079-600x600.jpg 600w\" sizes=\"(max-width: 150px) 100vw, 150px\" \/><\/a>\n\t\t\t<\/div><\/figure>\n\t\t<\/div>\n\t\t<\/div>\n\t\t\t\t\t\t<\/div>\n\t\t\t\t<\/div>\n\t\t\t\t\t<\/div>\n\t\t<\/div>\n\t\t\t\t\t<\/div>\n\t\t<\/section>\n\t\t\t\t<section class=\"elementor-section elementor-top-section elementor-element elementor-element-185b8b27 elementor-section-boxed elementor-section-height-default elementor-section-height-default\" data-id=\"185b8b27\" data-element_type=\"section\" data-e-type=\"section\">\n\t\t\t\t\t\t<div class=\"elementor-container elementor-column-gap-default\">\n\t\t\t\t\t<div class=\"elementor-column elementor-col-100 elementor-top-column elementor-element elementor-element-75179d1c\" data-id=\"75179d1c\" data-element_type=\"column\" data-e-type=\"column\">\n\t\t\t<div class=\"elementor-widget-wrap elementor-element-populated\">\n\t\t\t\t\t\t<div class=\"elementor-element elementor-element-5ab3de84 elementor-align-center elementor-widget elementor-widget-button\" data-id=\"5ab3de84\" data-element_type=\"widget\" data-e-type=\"widget\" data-widget_type=\"button.default\">\n\t\t\t\t<div class=\"elementor-widget-container\">\n\t\t\t\t\t\t\t\t\t<div class=\"elementor-button-wrapper\">\n\t\t\t\t\t<a class=\"elementor-button elementor-button-link elementor-size-xl\" href=\"https:\/\/beskydrent.cz\">\n\t\t\t\t\t\t<span class=\"elementor-button-content-wrapper\">\n\t\t\t\t\t\t<span class=\"elementor-button-icon\">\n\t\t\t\t<i aria-hidden=\"true\" class=\"fas fa-home\"><\/i>\t\t\t<\/span>\n\t\t\t\t\t\t\t\t\t<span class=\"elementor-button-text\">na hlavn\u00ed str\u00e1nku<\/span>\n\t\t\t\t\t<\/span>\n\t\t\t\t\t<\/a>\n\t\t\t\t<\/div>\n\t\t\t\t\t\t\t\t<\/div>\n\t\t\t\t<\/div>\n\t\t\t\t\t<\/div>\n\t\t<\/div>\n\t\t\t\t\t<\/div>\n\t\t<\/section>\n\t\t\t\t<\/div>\n\t\t","protected":false},"excerpt":{"rendered":"<p>P\u016eJ\u010cEN\u00cd JE MO\u017dN\u00c9 JEN SE STROJN\u00cdM PR\u016eKAZEM! typ:Naklada\u010d Kangaro VJC45 rozm\u011bry stroje:3350 * 1720 * 2150 mm hmotnost bez n\u00e1kladu:3000 kg nosnost:700 kg, obsah 0,5 cbm typ vysyp\u00e1v\u00e1n\u00ed:vykl\u00e1p\u011bc\u00ed dop\u0159edu motor:35,5 kw Cen\u00edk p\u016fj\u010dovn\u00e9ho Janovice a Sedlnice na hlavn\u00ed str\u00e1nku<\/p>\n","protected":false},"author":5,"featured_media":0,"parent":372,"menu_order":0,"comment_status":"closed","ping_status":"closed","template":"elementor_header_footer","meta":{"ocean_post_layout":"","ocean_both_sidebars_style":"","ocean_both_sidebars_content_width":0,"ocean_both_sidebars_sidebars_width":0,"ocean_sidebar":"","ocean_second_sidebar":"","ocean_disable_margins":"enable","ocean_add_body_class":"","ocean_shortcode_before_top_bar":"","ocean_shortcode_after_top_bar":"","ocean_shortcode_before_header":"","ocean_shortcode_after_header":"","ocean_has_shortcode":"","ocean_shortcode_after_title":"","ocean_shortcode_before_footer_widgets":"","ocean_shortcode_after_footer_widgets":"","ocean_shortcode_before_footer_bottom":"","ocean_shortcode_after_footer_bottom":"","ocean_display_top_bar":"default","ocean_display_header":"default","ocean_header_style":"","ocean_center_header_left_menu":"","ocean_custom_header_template":"","ocean_custom_logo":0,"ocean_custom_retina_logo":0,"ocean_custom_logo_max_width":0,"ocean_custom_logo_tablet_max_width":0,"ocean_custom_logo_mobile_max_width":0,"ocean_custom_logo_max_height":0,"ocean_custom_logo_tablet_max_height":0,"ocean_custom_logo_mobile_max_height":0,"ocean_header_custom_menu":"","ocean_menu_typo_font_family":"","ocean_menu_typo_font_subset":"","ocean_menu_typo_font_size":0,"ocean_menu_typo_font_size_tablet":0,"ocean_menu_typo_font_size_mobile":0,"ocean_menu_typo_font_size_unit":"px","ocean_menu_typo_font_weight":"","ocean_menu_typo_font_weight_tablet":"","ocean_menu_typo_font_weight_mobile":"","ocean_menu_typo_transform":"","ocean_menu_typo_transform_tablet":"","ocean_menu_typo_transform_mobile":"","ocean_menu_typo_line_height":0,"ocean_menu_typo_line_height_tablet":0,"ocean_menu_typo_line_height_mobile":0,"ocean_menu_typo_line_height_unit":"","ocean_menu_typo_spacing":0,"ocean_menu_typo_spacing_tablet":0,"ocean_menu_typo_spacing_mobile":0,"ocean_menu_typo_spacing_unit":"","ocean_menu_link_color":"","ocean_menu_link_color_hover":"","ocean_menu_link_color_active":"","ocean_menu_link_background":"","ocean_menu_link_hover_background":"","ocean_menu_link_active_background":"","ocean_menu_social_links_bg":"","ocean_menu_social_hover_links_bg":"","ocean_menu_social_links_color":"","ocean_menu_social_hover_links_color":"","ocean_disable_title":"default","ocean_disable_heading":"default","ocean_post_title":"","ocean_post_subheading":"","ocean_post_title_style":"","ocean_post_title_background_color":"","ocean_post_title_background":0,"ocean_post_title_bg_image_position":"","ocean_post_title_bg_image_attachment":"","ocean_post_title_bg_image_repeat":"","ocean_post_title_bg_image_size":"","ocean_post_title_height":0,"ocean_post_title_bg_overlay":0.5,"ocean_post_title_bg_overlay_color":"","ocean_disable_breadcrumbs":"default","ocean_breadcrumbs_color":"","ocean_breadcrumbs_separator_color":"","ocean_breadcrumbs_links_color":"","ocean_breadcrumbs_links_hover_color":"","ocean_display_footer_widgets":"default","ocean_display_footer_bottom":"default","ocean_custom_footer_template":"","footnotes":""},"class_list":["post-5022","page","type-page","status-publish","hentry","entry"],"_links":{"self":[{"href":"https:\/\/beskydrent.cz\/index.php\/wp-json\/wp\/v2\/pages\/5022","targetHints":{"allow":["GET"]}}],"collection":[{"href":"https:\/\/beskydrent.cz\/index.php\/wp-json\/wp\/v2\/pages"}],"about":[{"href":"https:\/\/beskydrent.cz\/index.php\/wp-json\/wp\/v2\/types\/page"}],"author":[{"embeddable":true,"href":"https:\/\/beskydrent.cz\/index.php\/wp-json\/wp\/v2\/users\/5"}],"replies":[{"embeddable":true,"href":"https:\/\/beskydrent.cz\/index.php\/wp-json\/wp\/v2\/comments?post=5022"}],"version-history":[{"count":3,"href":"https:\/\/beskydrent.cz\/index.php\/wp-json\/wp\/v2\/pages\/5022\/revisions"}],"predecessor-version":[{"id":93386,"href":"https:\/\/beskydrent.cz\/index.php\/wp-json\/wp\/v2\/pages\/5022\/revisions\/93386"}],"up":[{"embeddable":true,"href":"https:\/\/beskydrent.cz\/index.php\/wp-json\/wp\/v2\/pages\/372"}],"wp:attachment":[{"href":"https:\/\/beskydrent.cz\/index.php\/wp-json\/wp\/v2\/media?parent=5022"}],"curies":[{"name":"wp","href":"https:\/\/api.w.org\/{rel}","templated":true}]}}