{"id":5128,"date":"2023-12-07T20:33:30","date_gmt":"2023-12-07T20:33:30","guid":{"rendered":"https:\/\/beskydrent.cz\/?page_id=5128"},"modified":"2025-04-24T08:18:59","modified_gmt":"2025-04-24T08:18:59","slug":"kangaro25","status":"publish","type":"page","link":"https:\/\/beskydrent.cz\/index.php\/beskydrent\/bagry\/kangaro25\/","title":{"rendered":"Kangaro bagr 25"},"content":{"rendered":"\t\t<div data-elementor-type=\"wp-page\" data-elementor-id=\"5128\" class=\"elementor elementor-5128\">\n\t\t\t\t\t\t<section class=\"elementor-section elementor-top-section elementor-element elementor-element-5b400a95 elementor-section-boxed elementor-section-height-default elementor-section-height-default\" data-id=\"5b400a95\" data-element_type=\"section\" data-e-type=\"section\">\n\t\t\t\t\t\t<div class=\"elementor-container elementor-column-gap-default\">\n\t\t\t\t\t<div class=\"elementor-column elementor-col-66 elementor-top-column elementor-element elementor-element-7854b48f\" data-id=\"7854b48f\" data-element_type=\"column\" data-e-type=\"column\">\n\t\t\t<div class=\"elementor-widget-wrap elementor-element-populated\">\n\t\t\t\t\t\t<div class=\"elementor-element elementor-element-70a94f12 elementor-widget elementor-widget-image\" data-id=\"70a94f12\" data-element_type=\"widget\" data-e-type=\"widget\" data-widget_type=\"image.default\">\n\t\t\t\t<div class=\"elementor-widget-container\">\n\t\t\t\t\t\t\t\t\t\t\t\t\t\t\t<img fetchpriority=\"high\" decoding=\"async\" width=\"1024\" height=\"768\" src=\"https:\/\/beskydrent.cz\/wp-content\/uploads\/2023\/12\/0Q8A3651b-1-1024x768.png\" class=\"attachment-large size-large wp-image-5130\" alt=\"\" srcset=\"https:\/\/beskydrent.cz\/wp-content\/uploads\/2023\/12\/0Q8A3651b-1-1024x768.png 1024w, https:\/\/beskydrent.cz\/wp-content\/uploads\/2023\/12\/0Q8A3651b-1-300x225.png 300w, https:\/\/beskydrent.cz\/wp-content\/uploads\/2023\/12\/0Q8A3651b-1-768x576.png 768w, https:\/\/beskydrent.cz\/wp-content\/uploads\/2023\/12\/0Q8A3651b-1-1536x1152.png 1536w, https:\/\/beskydrent.cz\/wp-content\/uploads\/2023\/12\/0Q8A3651b-1-2048x1536.png 2048w\" sizes=\"(max-width: 1024px) 100vw, 1024px\" \/>\t\t\t\t\t\t\t\t\t\t\t\t\t\t\t<\/div>\n\t\t\t\t<\/div>\n\t\t\t\t\t<\/div>\n\t\t<\/div>\n\t\t\t\t<div class=\"elementor-column elementor-col-33 elementor-top-column elementor-element elementor-element-64ede143\" data-id=\"64ede143\" data-element_type=\"column\" data-e-type=\"column\">\n\t\t\t<div class=\"elementor-widget-wrap elementor-element-populated\">\n\t\t\t\t\t\t<div class=\"elementor-element elementor-element-61fbafaa elementor-widget elementor-widget-text-editor\" data-id=\"61fbafaa\" data-element_type=\"widget\" data-e-type=\"widget\" data-widget_type=\"text-editor.default\">\n\t\t\t\t<div class=\"elementor-widget-container\">\n\t\t\t\t\t\t\t\t\t<p>Typ:<br \/><strong>Kangaro 25<\/strong><\/p><p>Rozm\u011bry:<br \/><strong>3966 x 1350 x 2280 mm<\/strong><\/p><p>Hmotnost:<br \/><strong>2500 kg<\/strong><\/p><p>V\u00fdkon motoru:<br \/><strong>Cummins 18,4 kW<\/strong><\/p><p>Max. hloubka kop\u00e1n\u00ed:<br \/><strong>2500 mm<\/strong><\/p>\t\t\t\t\t\t\t\t<\/div>\n\t\t\t\t<\/div>\n\t\t\t\t<div class=\"elementor-element elementor-element-6d9b07de elementor-align-justify elementor-widget elementor-widget-button\" data-id=\"6d9b07de\" data-element_type=\"widget\" data-e-type=\"widget\" data-widget_type=\"button.default\">\n\t\t\t\t<div class=\"elementor-widget-container\">\n\t\t\t\t\t\t\t\t\t<div class=\"elementor-button-wrapper\">\n\t\t\t\t\t<a class=\"elementor-button elementor-button-link elementor-size-md\" href=\"https:\/\/beskydrent.cz\/index.php\/cenik\/\">\n\t\t\t\t\t\t<span class=\"elementor-button-content-wrapper\">\n\t\t\t\t\t\t\t\t\t<span class=\"elementor-button-text\">Cen\u00edk p\u016fj\u010dovn\u00e9ho Janovice a Sedlnice<\/span>\n\t\t\t\t\t<\/span>\n\t\t\t\t\t<\/a>\n\t\t\t\t<\/div>\n\t\t\t\t\t\t\t\t<\/div>\n\t\t\t\t<\/div>\n\t\t\t\t\t<\/div>\n\t\t<\/div>\n\t\t\t\t\t<\/div>\n\t\t<\/section>\n\t\t\t\t<section class=\"elementor-section elementor-top-section elementor-element elementor-element-50070afa elementor-section-boxed elementor-section-height-default elementor-section-height-default\" data-id=\"50070afa\" data-element_type=\"section\" data-e-type=\"section\">\n\t\t\t\t\t\t<div class=\"elementor-container elementor-column-gap-default\">\n\t\t\t\t\t<div class=\"elementor-column elementor-col-100 elementor-top-column elementor-element elementor-element-20bf7bab\" data-id=\"20bf7bab\" data-element_type=\"column\" data-e-type=\"column\">\n\t\t\t<div class=\"elementor-widget-wrap elementor-element-populated\">\n\t\t\t\t\t\t<div class=\"elementor-element elementor-element-658ce293 elementor-widget elementor-widget-heading\" data-id=\"658ce293\" data-element_type=\"widget\" data-e-type=\"widget\" data-widget_type=\"heading.default\">\n\t\t\t\t<div class=\"elementor-widget-container\">\n\t\t\t\t\t<h3 class=\"elementor-heading-title elementor-size-default\">P\u0159\u00edslu\u0161enstv\u00ed<\/h3>\t\t\t\t<\/div>\n\t\t\t\t<\/div>\n\t\t\t\t\t<\/div>\n\t\t<\/div>\n\t\t\t\t\t<\/div>\n\t\t<\/section>\n\t\t\t\t<section class=\"elementor-section elementor-top-section elementor-element elementor-element-538463ea elementor-section-height-min-height elementor-section-boxed elementor-section-height-default elementor-section-items-middle\" data-id=\"538463ea\" data-element_type=\"section\" data-e-type=\"section\">\n\t\t\t\t\t\t<div class=\"elementor-container elementor-column-gap-default\">\n\t\t\t\t\t<div class=\"elementor-column elementor-col-33 elementor-top-column elementor-element elementor-element-6ae315b1\" data-id=\"6ae315b1\" data-element_type=\"column\" data-e-type=\"column\">\n\t\t\t<div class=\"elementor-widget-wrap elementor-element-populated\">\n\t\t\t\t\t\t<div class=\"elementor-element elementor-element-4c5d349 elementor-position-top elementor-widget elementor-widget-image-box\" data-id=\"4c5d349\" data-element_type=\"widget\" data-e-type=\"widget\" data-widget_type=\"image-box.default\">\n\t\t\t\t<div class=\"elementor-widget-container\">\n\t\t\t\t\t<div class=\"elementor-image-box-wrapper\"><figure class=\"elementor-image-box-img\"><img decoding=\"async\" src=\"https:\/\/beskydrent.cz\/wp-content\/uploads\/2021\/09\/lzice21.jpg\" title=\"\" alt=\"\" loading=\"lazy\" \/><\/figure><div class=\"elementor-image-box-content\"><h3 class=\"elementor-image-box-title\">l\u017e\u00edce \u00fazk\u00e1<\/h3><\/div><\/div>\t\t\t\t<\/div>\n\t\t\t\t<\/div>\n\t\t\t\t\t<\/div>\n\t\t<\/div>\n\t\t\t\t<div class=\"elementor-column elementor-col-33 elementor-top-column elementor-element elementor-element-69f70eab\" data-id=\"69f70eab\" data-element_type=\"column\" data-e-type=\"column\">\n\t\t\t<div class=\"elementor-widget-wrap elementor-element-populated\">\n\t\t\t\t\t\t<div class=\"elementor-element elementor-element-200329b3 elementor-position-top elementor-widget elementor-widget-image-box\" data-id=\"200329b3\" data-element_type=\"widget\" data-e-type=\"widget\" data-widget_type=\"image-box.default\">\n\t\t\t\t<div class=\"elementor-widget-container\">\n\t\t\t\t\t<div class=\"elementor-image-box-wrapper\"><figure class=\"elementor-image-box-img\"><img decoding=\"async\" src=\"https:\/\/beskydrent.cz\/wp-content\/uploads\/2021\/09\/lzice47.jpg\" title=\"\" alt=\"\" loading=\"lazy\" \/><\/figure><div class=\"elementor-image-box-content\"><h3 class=\"elementor-image-box-title\">l\u017e\u00edce klasick\u00e1<\/h3><\/div><\/div>\t\t\t\t<\/div>\n\t\t\t\t<\/div>\n\t\t\t\t\t<\/div>\n\t\t<\/div>\n\t\t\t\t<div class=\"elementor-column elementor-col-33 elementor-top-column elementor-element elementor-element-28e6fb54\" data-id=\"28e6fb54\" data-element_type=\"column\" data-e-type=\"column\">\n\t\t\t<div class=\"elementor-widget-wrap elementor-element-populated\">\n\t\t\t\t\t\t<div class=\"elementor-element elementor-element-62cfba90 elementor-position-top elementor-widget elementor-widget-image-box\" data-id=\"62cfba90\" data-element_type=\"widget\" data-e-type=\"widget\" data-widget_type=\"image-box.default\">\n\t\t\t\t<div class=\"elementor-widget-container\">\n\t\t\t\t\t<div class=\"elementor-image-box-wrapper\"><figure class=\"elementor-image-box-img\"><img decoding=\"async\" src=\"https:\/\/beskydrent.cz\/wp-content\/uploads\/2021\/09\/lzice78.jpg\" title=\"\" alt=\"\" loading=\"lazy\" \/><\/figure><div class=\"elementor-image-box-content\"><h3 class=\"elementor-image-box-title\">l\u017e\u00edce svahov\u00e1<\/h3><\/div><\/div>\t\t\t\t<\/div>\n\t\t\t\t<\/div>\n\t\t\t\t\t<\/div>\n\t\t<\/div>\n\t\t\t\t\t<\/div>\n\t\t<\/section>\n\t\t\t\t<section class=\"elementor-section elementor-top-section elementor-element elementor-element-1cf869d9 elementor-section-height-min-height elementor-section-boxed elementor-section-height-default elementor-section-items-middle\" data-id=\"1cf869d9\" data-element_type=\"section\" data-e-type=\"section\">\n\t\t\t\t\t\t<div class=\"elementor-container elementor-column-gap-narrow\">\n\t\t\t\t\t<div class=\"elementor-column elementor-col-100 elementor-top-column elementor-element elementor-element-3685d7a6\" data-id=\"3685d7a6\" data-element_type=\"column\" data-e-type=\"column\">\n\t\t\t<div class=\"elementor-widget-wrap elementor-element-populated\">\n\t\t\t\t\t\t<div class=\"elementor-element elementor-element-eef22d1 elementor-widget elementor-widget-heading\" data-id=\"eef22d1\" data-element_type=\"widget\" data-e-type=\"widget\" data-widget_type=\"heading.default\">\n\t\t\t\t<div class=\"elementor-widget-container\">\n\t\t\t\t\t<h3 class=\"elementor-heading-title elementor-size-default\">Galerie<\/h3>\t\t\t\t<\/div>\n\t\t\t\t<\/div>\n\t\t\t\t<div class=\"elementor-element elementor-element-338fd2d6 elementor-widget elementor-widget-image-gallery\" data-id=\"338fd2d6\" data-element_type=\"widget\" data-e-type=\"widget\" data-widget_type=\"image-gallery.default\">\n\t\t\t\t<div class=\"elementor-widget-container\">\n\t\t\t\t\t\t\t<div class=\"elementor-image-gallery\">\n\t\t\t<div id='gallery-1' class='gallery galleryid-5128 gallery-columns-5 gallery-size-medium'><figure class='gallery-item'>\n\t\t\t<div class='gallery-icon landscape'>\n\t\t\t\t<a data-elementor-open-lightbox=\"yes\" data-elementor-lightbox-slideshow=\"338fd2d6\" data-elementor-lightbox-title=\"0Q8A4576\" data-e-action-hash=\"#elementor-action%3Aaction%3Dlightbox%26settings%3DeyJpZCI6NTE0MiwidXJsIjoiaHR0cHM6XC9cL2Jlc2t5ZHJlbnQuY3pcL3dwLWNvbnRlbnRcL3VwbG9hZHNcLzIwMjNcLzEyXC8wUThBNDU3Ni0xLXNjYWxlZC5qcGciLCJzbGlkZXNob3ciOiIzMzhmZDJkNiJ9\" href='https:\/\/beskydrent.cz\/wp-content\/uploads\/2023\/12\/0Q8A4576-1-scaled.jpg'><img decoding=\"async\" width=\"300\" height=\"184\" src=\"https:\/\/beskydrent.cz\/wp-content\/uploads\/2023\/12\/0Q8A4576-1-300x184.jpg\" class=\"attachment-medium size-medium\" alt=\"\" aria-describedby=\"gallery-1-5142\" srcset=\"https:\/\/beskydrent.cz\/wp-content\/uploads\/2023\/12\/0Q8A4576-1-300x184.jpg 300w, https:\/\/beskydrent.cz\/wp-content\/uploads\/2023\/12\/0Q8A4576-1-1024x627.jpg 1024w, https:\/\/beskydrent.cz\/wp-content\/uploads\/2023\/12\/0Q8A4576-1-768x470.jpg 768w, https:\/\/beskydrent.cz\/wp-content\/uploads\/2023\/12\/0Q8A4576-1-1536x940.jpg 1536w, https:\/\/beskydrent.cz\/wp-content\/uploads\/2023\/12\/0Q8A4576-1-2048x1253.jpg 2048w\" sizes=\"(max-width: 300px) 100vw, 300px\" \/><\/a>\n\t\t\t<\/div>\n\t\t\t\t<figcaption class='wp-caption-text gallery-caption' id='gallery-1-5142'>\n\t\t\t\tVarianta s kabinou\n\t\t\t\t<\/figcaption><\/figure><figure class='gallery-item'>\n\t\t\t<div class='gallery-icon landscape'>\n\t\t\t\t<a data-elementor-open-lightbox=\"yes\" data-elementor-lightbox-slideshow=\"338fd2d6\" data-elementor-lightbox-title=\"0Q8A3758\" data-e-action-hash=\"#elementor-action%3Aaction%3Dlightbox%26settings%3DeyJpZCI6NTE0NSwidXJsIjoiaHR0cHM6XC9cL2Jlc2t5ZHJlbnQuY3pcL3dwLWNvbnRlbnRcL3VwbG9hZHNcLzIwMjNcLzEyXC8wUThBMzc1OC0yLXNjYWxlZC5qcGciLCJzbGlkZXNob3ciOiIzMzhmZDJkNiJ9\" href='https:\/\/beskydrent.cz\/wp-content\/uploads\/2023\/12\/0Q8A3758-2-scaled.jpg'><img decoding=\"async\" width=\"300\" height=\"183\" src=\"https:\/\/beskydrent.cz\/wp-content\/uploads\/2023\/12\/0Q8A3758-2-300x183.jpg\" class=\"attachment-medium size-medium\" alt=\"\" aria-describedby=\"gallery-1-5145\" srcset=\"https:\/\/beskydrent.cz\/wp-content\/uploads\/2023\/12\/0Q8A3758-2-300x183.jpg 300w, https:\/\/beskydrent.cz\/wp-content\/uploads\/2023\/12\/0Q8A3758-2-1024x624.jpg 1024w, https:\/\/beskydrent.cz\/wp-content\/uploads\/2023\/12\/0Q8A3758-2-768x468.jpg 768w, https:\/\/beskydrent.cz\/wp-content\/uploads\/2023\/12\/0Q8A3758-2-1536x936.jpg 1536w, https:\/\/beskydrent.cz\/wp-content\/uploads\/2023\/12\/0Q8A3758-2-2048x1247.jpg 2048w\" sizes=\"(max-width: 300px) 100vw, 300px\" \/><\/a>\n\t\t\t<\/div>\n\t\t\t\t<figcaption class='wp-caption-text gallery-caption' id='gallery-1-5145'>\n\t\t\t\tVarianta bez kabiny\n\t\t\t\t<\/figcaption><\/figure><figure class='gallery-item'>\n\t\t\t<div class='gallery-icon landscape'>\n\t\t\t\t<a data-elementor-open-lightbox=\"yes\" data-elementor-lightbox-slideshow=\"338fd2d6\" data-elementor-lightbox-title=\"0Q8A5214\" data-e-action-hash=\"#elementor-action%3Aaction%3Dlightbox%26settings%3DeyJpZCI6NTEzNCwidXJsIjoiaHR0cHM6XC9cL2Jlc2t5ZHJlbnQuY3pcL3dwLWNvbnRlbnRcL3VwbG9hZHNcLzIwMjNcLzEyXC8wUThBNTIxNC1zY2FsZWQuanBnIiwic2xpZGVzaG93IjoiMzM4ZmQyZDYifQ%3D%3D\" href='https:\/\/beskydrent.cz\/wp-content\/uploads\/2023\/12\/0Q8A5214-scaled.jpg'><img loading=\"lazy\" decoding=\"async\" width=\"300\" height=\"168\" src=\"https:\/\/beskydrent.cz\/wp-content\/uploads\/2023\/12\/0Q8A5214-300x168.jpg\" class=\"attachment-medium size-medium\" alt=\"\" aria-describedby=\"gallery-1-5134\" srcset=\"https:\/\/beskydrent.cz\/wp-content\/uploads\/2023\/12\/0Q8A5214-300x168.jpg 300w, https:\/\/beskydrent.cz\/wp-content\/uploads\/2023\/12\/0Q8A5214-1024x575.jpg 1024w, https:\/\/beskydrent.cz\/wp-content\/uploads\/2023\/12\/0Q8A5214-768x431.jpg 768w, https:\/\/beskydrent.cz\/wp-content\/uploads\/2023\/12\/0Q8A5214-1536x862.jpg 1536w, https:\/\/beskydrent.cz\/wp-content\/uploads\/2023\/12\/0Q8A5214-2048x1150.jpg 2048w, https:\/\/beskydrent.cz\/wp-content\/uploads\/2023\/12\/0Q8A5214-800x450.jpg 800w\" sizes=\"(max-width: 300px) 100vw, 300px\" \/><\/a>\n\t\t\t<\/div>\n\t\t\t\t<figcaption class='wp-caption-text gallery-caption' id='gallery-1-5134'>\n\t\t\t\tDetail \n\t\t\t\t<\/figcaption><\/figure><figure class='gallery-item'>\n\t\t\t<div class='gallery-icon landscape'>\n\t\t\t\t<a data-elementor-open-lightbox=\"yes\" data-elementor-lightbox-slideshow=\"338fd2d6\" data-elementor-lightbox-title=\"0Q8A5278bbb\" data-e-action-hash=\"#elementor-action%3Aaction%3Dlightbox%26settings%3DeyJpZCI6NTEzMywidXJsIjoiaHR0cHM6XC9cL2Jlc2t5ZHJlbnQuY3pcL3dwLWNvbnRlbnRcL3VwbG9hZHNcLzIwMjNcLzEyXC8wUThBNTI3OGJiYi1zY2FsZWQuanBnIiwic2xpZGVzaG93IjoiMzM4ZmQyZDYifQ%3D%3D\" href='https:\/\/beskydrent.cz\/wp-content\/uploads\/2023\/12\/0Q8A5278bbb-scaled.jpg'><img loading=\"lazy\" decoding=\"async\" width=\"300\" height=\"168\" src=\"https:\/\/beskydrent.cz\/wp-content\/uploads\/2023\/12\/0Q8A5278bbb-300x168.jpg\" class=\"attachment-medium size-medium\" alt=\"\" aria-describedby=\"gallery-1-5133\" srcset=\"https:\/\/beskydrent.cz\/wp-content\/uploads\/2023\/12\/0Q8A5278bbb-300x168.jpg 300w, https:\/\/beskydrent.cz\/wp-content\/uploads\/2023\/12\/0Q8A5278bbb-1024x575.jpg 1024w, https:\/\/beskydrent.cz\/wp-content\/uploads\/2023\/12\/0Q8A5278bbb-768x431.jpg 768w, https:\/\/beskydrent.cz\/wp-content\/uploads\/2023\/12\/0Q8A5278bbb-1536x862.jpg 1536w, https:\/\/beskydrent.cz\/wp-content\/uploads\/2023\/12\/0Q8A5278bbb-2048x1150.jpg 2048w, https:\/\/beskydrent.cz\/wp-content\/uploads\/2023\/12\/0Q8A5278bbb-800x450.jpg 800w\" sizes=\"(max-width: 300px) 100vw, 300px\" \/><\/a>\n\t\t\t<\/div>\n\t\t\t\t<figcaption class='wp-caption-text gallery-caption' id='gallery-1-5133'>\n\t\t\t\tDetail podvozku\n\t\t\t\t<\/figcaption><\/figure><figure class='gallery-item'>\n\t\t\t<div class='gallery-icon landscape'>\n\t\t\t\t<a data-elementor-open-lightbox=\"yes\" data-elementor-lightbox-slideshow=\"338fd2d6\" data-elementor-lightbox-title=\"0Q8A5278\" data-e-action-hash=\"#elementor-action%3Aaction%3Dlightbox%26settings%3DeyJpZCI6NTEzMiwidXJsIjoiaHR0cHM6XC9cL2Jlc2t5ZHJlbnQuY3pcL3dwLWNvbnRlbnRcL3VwbG9hZHNcLzIwMjNcLzEyXC8wUThBNTI3OC1zY2FsZWQuanBnIiwic2xpZGVzaG93IjoiMzM4ZmQyZDYifQ%3D%3D\" href='https:\/\/beskydrent.cz\/wp-content\/uploads\/2023\/12\/0Q8A5278-scaled.jpg'><img loading=\"lazy\" decoding=\"async\" width=\"300\" height=\"168\" src=\"https:\/\/beskydrent.cz\/wp-content\/uploads\/2023\/12\/0Q8A5278-300x168.jpg\" class=\"attachment-medium size-medium\" alt=\"\" aria-describedby=\"gallery-1-5132\" srcset=\"https:\/\/beskydrent.cz\/wp-content\/uploads\/2023\/12\/0Q8A5278-300x168.jpg 300w, https:\/\/beskydrent.cz\/wp-content\/uploads\/2023\/12\/0Q8A5278-1024x575.jpg 1024w, https:\/\/beskydrent.cz\/wp-content\/uploads\/2023\/12\/0Q8A5278-768x431.jpg 768w, https:\/\/beskydrent.cz\/wp-content\/uploads\/2023\/12\/0Q8A5278-1536x862.jpg 1536w, https:\/\/beskydrent.cz\/wp-content\/uploads\/2023\/12\/0Q8A5278-2048x1150.jpg 2048w, https:\/\/beskydrent.cz\/wp-content\/uploads\/2023\/12\/0Q8A5278-800x450.jpg 800w\" sizes=\"(max-width: 300px) 100vw, 300px\" \/><\/a>\n\t\t\t<\/div>\n\t\t\t\t<figcaption class='wp-caption-text gallery-caption' id='gallery-1-5132'>\n\t\t\t\tdetail pozice strojn\u00edka\n\t\t\t\t<\/figcaption><\/figure>\n\t\t<\/div>\n\t\t<\/div>\n\t\t\t\t\t\t<\/div>\n\t\t\t\t<\/div>\n\t\t\t\t\t<\/div>\n\t\t<\/div>\n\t\t\t\t\t<\/div>\n\t\t<\/section>\n\t\t\t\t<section class=\"elementor-section elementor-top-section elementor-element elementor-element-6147d7bd elementor-section-boxed elementor-section-height-default elementor-section-height-default\" data-id=\"6147d7bd\" data-element_type=\"section\" data-e-type=\"section\">\n\t\t\t\t\t\t<div class=\"elementor-container elementor-column-gap-default\">\n\t\t\t\t\t<div class=\"elementor-column elementor-col-100 elementor-top-column elementor-element elementor-element-21072433\" data-id=\"21072433\" data-element_type=\"column\" data-e-type=\"column\">\n\t\t\t<div class=\"elementor-widget-wrap elementor-element-populated\">\n\t\t\t\t\t\t<div class=\"elementor-element elementor-element-7d0f0de0 elementor-align-center elementor-widget elementor-widget-button\" data-id=\"7d0f0de0\" data-element_type=\"widget\" data-e-type=\"widget\" data-widget_type=\"button.default\">\n\t\t\t\t<div class=\"elementor-widget-container\">\n\t\t\t\t\t\t\t\t\t<div class=\"elementor-button-wrapper\">\n\t\t\t\t\t<a class=\"elementor-button elementor-button-link elementor-size-xl\" href=\"https:\/\/beskydrent.cz\">\n\t\t\t\t\t\t<span class=\"elementor-button-content-wrapper\">\n\t\t\t\t\t\t<span class=\"elementor-button-icon\">\n\t\t\t\t<i aria-hidden=\"true\" class=\"fas fa-home\"><\/i>\t\t\t<\/span>\n\t\t\t\t\t\t\t\t\t<span class=\"elementor-button-text\">na hlavn\u00ed str\u00e1nku<\/span>\n\t\t\t\t\t<\/span>\n\t\t\t\t\t<\/a>\n\t\t\t\t<\/div>\n\t\t\t\t\t\t\t\t<\/div>\n\t\t\t\t<\/div>\n\t\t\t\t\t<\/div>\n\t\t<\/div>\n\t\t\t\t\t<\/div>\n\t\t<\/section>\n\t\t\t\t<\/div>\n\t\t","protected":false},"excerpt":{"rendered":"<p>Typ:Kangaro 25 Rozm\u011bry:3966 x 1350 x 2280 mm Hmotnost:2500 kg V\u00fdkon motoru:Cummins 18,4 kW Max. hloubka kop\u00e1n\u00ed:2500 mm Cen\u00edk p\u016fj\u010dovn\u00e9ho Janovice a Sedlnice P\u0159\u00edslu\u0161enstv\u00ed l\u017e\u00edce \u00fazk\u00e1 l\u017e\u00edce klasick\u00e1 l\u017e\u00edce svahov\u00e1 Galerie Varianta s kabinou Varianta bez kabiny Detail Detail podvozku detail pozice strojn\u00edka na hlavn\u00ed str\u00e1nku<\/p>\n","protected":false},"author":5,"featured_media":0,"parent":372,"menu_order":0,"comment_status":"closed","ping_status":"closed","template":"elementor_header_footer","meta":{"ocean_post_layout":"","ocean_both_sidebars_style":"","ocean_both_sidebars_content_width":0,"ocean_both_sidebars_sidebars_width":0,"ocean_sidebar":"","ocean_second_sidebar":"","ocean_disable_margins":"enable","ocean_add_body_class":"","ocean_shortcode_before_top_bar":"","ocean_shortcode_after_top_bar":"","ocean_shortcode_before_header":"","ocean_shortcode_after_header":"","ocean_has_shortcode":"","ocean_shortcode_after_title":"","ocean_shortcode_before_footer_widgets":"","ocean_shortcode_after_footer_widgets":"","ocean_shortcode_before_footer_bottom":"","ocean_shortcode_after_footer_bottom":"","ocean_display_top_bar":"default","ocean_display_header":"default","ocean_header_style":"","ocean_center_header_left_menu":"","ocean_custom_header_template":"","ocean_custom_logo":0,"ocean_custom_retina_logo":0,"ocean_custom_logo_max_width":0,"ocean_custom_logo_tablet_max_width":0,"ocean_custom_logo_mobile_max_width":0,"ocean_custom_logo_max_height":0,"ocean_custom_logo_tablet_max_height":0,"ocean_custom_logo_mobile_max_height":0,"ocean_header_custom_menu":"","ocean_menu_typo_font_family":"","ocean_menu_typo_font_subset":"","ocean_menu_typo_font_size":0,"ocean_menu_typo_font_size_tablet":0,"ocean_menu_typo_font_size_mobile":0,"ocean_menu_typo_font_size_unit":"px","ocean_menu_typo_font_weight":"","ocean_menu_typo_font_weight_tablet":"","ocean_menu_typo_font_weight_mobile":"","ocean_menu_typo_transform":"","ocean_menu_typo_transform_tablet":"","ocean_menu_typo_transform_mobile":"","ocean_menu_typo_line_height":0,"ocean_menu_typo_line_height_tablet":0,"ocean_menu_typo_line_height_mobile":0,"ocean_menu_typo_line_height_unit":"","ocean_menu_typo_spacing":0,"ocean_menu_typo_spacing_tablet":0,"ocean_menu_typo_spacing_mobile":0,"ocean_menu_typo_spacing_unit":"","ocean_menu_link_color":"","ocean_menu_link_color_hover":"","ocean_menu_link_color_active":"","ocean_menu_link_background":"","ocean_menu_link_hover_background":"","ocean_menu_link_active_background":"","ocean_menu_social_links_bg":"","ocean_menu_social_hover_links_bg":"","ocean_menu_social_links_color":"","ocean_menu_social_hover_links_color":"","ocean_disable_title":"default","ocean_disable_heading":"default","ocean_post_title":"","ocean_post_subheading":"","ocean_post_title_style":"","ocean_post_title_background_color":"","ocean_post_title_background":0,"ocean_post_title_bg_image_position":"","ocean_post_title_bg_image_attachment":"","ocean_post_title_bg_image_repeat":"","ocean_post_title_bg_image_size":"","ocean_post_title_height":0,"ocean_post_title_bg_overlay":0.5,"ocean_post_title_bg_overlay_color":"","ocean_disable_breadcrumbs":"default","ocean_breadcrumbs_color":"","ocean_breadcrumbs_separator_color":"","ocean_breadcrumbs_links_color":"","ocean_breadcrumbs_links_hover_color":"","ocean_display_footer_widgets":"default","ocean_display_footer_bottom":"default","ocean_custom_footer_template":"","footnotes":""},"class_list":["post-5128","page","type-page","status-publish","hentry","entry"],"_links":{"self":[{"href":"https:\/\/beskydrent.cz\/index.php\/wp-json\/wp\/v2\/pages\/5128","targetHints":{"allow":["GET"]}}],"collection":[{"href":"https:\/\/beskydrent.cz\/index.php\/wp-json\/wp\/v2\/pages"}],"about":[{"href":"https:\/\/beskydrent.cz\/index.php\/wp-json\/wp\/v2\/types\/page"}],"author":[{"embeddable":true,"href":"https:\/\/beskydrent.cz\/index.php\/wp-json\/wp\/v2\/users\/5"}],"replies":[{"embeddable":true,"href":"https:\/\/beskydrent.cz\/index.php\/wp-json\/wp\/v2\/comments?post=5128"}],"version-history":[{"count":3,"href":"https:\/\/beskydrent.cz\/index.php\/wp-json\/wp\/v2\/pages\/5128\/revisions"}],"predecessor-version":[{"id":93304,"href":"https:\/\/beskydrent.cz\/index.php\/wp-json\/wp\/v2\/pages\/5128\/revisions\/93304"}],"up":[{"embeddable":true,"href":"https:\/\/beskydrent.cz\/index.php\/wp-json\/wp\/v2\/pages\/372"}],"wp:attachment":[{"href":"https:\/\/beskydrent.cz\/index.php\/wp-json\/wp\/v2\/media?parent=5128"}],"curies":[{"name":"wp","href":"https:\/\/api.w.org\/{rel}","templated":true}]}}