{"id":5206,"date":"2023-12-18T09:55:09","date_gmt":"2023-12-18T09:55:09","guid":{"rendered":"https:\/\/beskydrent.cz\/?page_id=5206"},"modified":"2025-05-15T07:45:18","modified_gmt":"2025-05-15T07:45:18","slug":"yanmar1500","status":"publish","type":"page","link":"https:\/\/beskydrent.cz\/index.php\/beskydrent\/zahrada\/yanmar1500\/","title":{"rendered":"Yanmar 1500 se zaklada\u010dem"},"content":{"rendered":"\t\t<div data-elementor-type=\"wp-page\" data-elementor-id=\"5206\" class=\"elementor elementor-5206\">\n\t\t\t\t\t\t<section class=\"elementor-section elementor-top-section elementor-element elementor-element-570b29ea elementor-section-boxed elementor-section-height-default elementor-section-height-default\" data-id=\"570b29ea\" data-element_type=\"section\" data-e-type=\"section\">\n\t\t\t\t\t\t<div class=\"elementor-container elementor-column-gap-default\">\n\t\t\t\t\t<div class=\"elementor-column elementor-col-100 elementor-top-column elementor-element elementor-element-48d8c1b4\" data-id=\"48d8c1b4\" data-element_type=\"column\" data-e-type=\"column\">\n\t\t\t<div class=\"elementor-widget-wrap elementor-element-populated\">\n\t\t\t\t\t\t<div class=\"elementor-element elementor-element-1a328275 elementor-widget__width-initial elementor-widget elementor-widget-text-editor\" data-id=\"1a328275\" data-element_type=\"widget\" data-e-type=\"widget\" data-widget_type=\"text-editor.default\">\n\t\t\t\t<div class=\"elementor-widget-container\">\n\t\t\t\t\t\t\t\t\t<h3 style=\"text-align: center;\">Malotraktor legend\u00e1rn\u00ed japonsk\u00e9 zna\u010dky Yanmar. Tento mal\u00fd \u010derven\u00fd pracant odvede na ka\u017ed\u00e9 zahrad\u011b penzum pr\u00e1ce. Zap\u0159a\u017een je rotav\u00e1tor pro va\u0161e dokonal\u00e9 zalo\u017een\u00ed nov\u00e9ho tr\u00e1vn\u00edku. Vhodn\u00e9 pro zku\u0161en\u011bj\u0161\u00ed u\u017eivatele.<\/h3>\t\t\t\t\t\t\t\t<\/div>\n\t\t\t\t<\/div>\n\t\t\t\t\t<\/div>\n\t\t<\/div>\n\t\t\t\t\t<\/div>\n\t\t<\/section>\n\t\t\t\t<section class=\"elementor-section elementor-top-section elementor-element elementor-element-5d0087e5 elementor-section-boxed elementor-section-height-default elementor-section-height-default\" data-id=\"5d0087e5\" data-element_type=\"section\" data-e-type=\"section\">\n\t\t\t\t\t\t<div class=\"elementor-container elementor-column-gap-default\">\n\t\t\t\t\t<div class=\"elementor-column elementor-col-66 elementor-top-column elementor-element elementor-element-3ac790ec\" data-id=\"3ac790ec\" data-element_type=\"column\" data-e-type=\"column\">\n\t\t\t<div class=\"elementor-widget-wrap elementor-element-populated\">\n\t\t\t\t\t\t<div class=\"elementor-element elementor-element-51bac6aa elementor-widget elementor-widget-image\" data-id=\"51bac6aa\" data-element_type=\"widget\" data-e-type=\"widget\" data-widget_type=\"image.default\">\n\t\t\t\t<div class=\"elementor-widget-container\">\n\t\t\t\t\t\t\t\t\t\t\t\t\t\t\t<img fetchpriority=\"high\" decoding=\"async\" width=\"1024\" height=\"678\" src=\"https:\/\/beskydrent.cz\/wp-content\/uploads\/2023\/12\/DSC_6100-1024x678.jpg\" class=\"attachment-large size-large wp-image-5208\" alt=\"\" srcset=\"https:\/\/beskydrent.cz\/wp-content\/uploads\/2023\/12\/DSC_6100-1024x678.jpg 1024w, https:\/\/beskydrent.cz\/wp-content\/uploads\/2023\/12\/DSC_6100-300x199.jpg 300w, https:\/\/beskydrent.cz\/wp-content\/uploads\/2023\/12\/DSC_6100-768x509.jpg 768w, https:\/\/beskydrent.cz\/wp-content\/uploads\/2023\/12\/DSC_6100-1536x1017.jpg 1536w, https:\/\/beskydrent.cz\/wp-content\/uploads\/2023\/12\/DSC_6100-2048x1356.jpg 2048w\" sizes=\"(max-width: 1024px) 100vw, 1024px\" \/>\t\t\t\t\t\t\t\t\t\t\t\t\t\t\t<\/div>\n\t\t\t\t<\/div>\n\t\t\t\t\t<\/div>\n\t\t<\/div>\n\t\t\t\t<div class=\"elementor-column elementor-col-33 elementor-top-column elementor-element elementor-element-75113b3b\" data-id=\"75113b3b\" data-element_type=\"column\" data-e-type=\"column\">\n\t\t\t<div class=\"elementor-widget-wrap elementor-element-populated\">\n\t\t\t\t\t\t<div class=\"elementor-element elementor-element-23a7919b elementor-widget elementor-widget-text-editor\" data-id=\"23a7919b\" data-element_type=\"widget\" data-e-type=\"widget\" data-widget_type=\"text-editor.default\">\n\t\t\t\t<div class=\"elementor-widget-container\">\n\t\t\t\t\t\t\t\t\t<p>typ:<br><strong>Yanmar 1500&nbsp;<\/strong><\/p>\n<p>rozm\u011bry stroje:<br><br><\/p>\n<p>hmotnost:<br><br><\/p>\n<p><span style=\"color: var( --e-global-color-text ); font-size: 14px;\">motor:<br><\/span><b style=\"font-size: 14px; color: var( --e-global-color-text );\">15 kon\u00ed<\/b><\/p>\n<p><\/p>\t\t\t\t\t\t\t\t<\/div>\n\t\t\t\t<\/div>\n\t\t\t\t<div class=\"elementor-element elementor-element-3587814f elementor-align-justify elementor-widget elementor-widget-button\" data-id=\"3587814f\" data-element_type=\"widget\" data-e-type=\"widget\" data-widget_type=\"button.default\">\n\t\t\t\t<div class=\"elementor-widget-container\">\n\t\t\t\t\t\t\t\t\t<div class=\"elementor-button-wrapper\">\n\t\t\t\t\t<a class=\"elementor-button elementor-button-link elementor-size-md\" href=\"https:\/\/beskydrent.cz\/index.php\/cenik\/\">\n\t\t\t\t\t\t<span class=\"elementor-button-content-wrapper\">\n\t\t\t\t\t\t\t\t\t<span class=\"elementor-button-text\">Cen\u00edk p\u016fj\u010dovn\u00e9ho Janovice a Sedlnice<\/span>\n\t\t\t\t\t<\/span>\n\t\t\t\t\t<\/a>\n\t\t\t\t<\/div>\n\t\t\t\t\t\t\t\t<\/div>\n\t\t\t\t<\/div>\n\t\t\t\t<div class=\"elementor-element elementor-element-50b2cebb elementor-align-justify elementor-widget elementor-widget-button\" data-id=\"50b2cebb\" data-element_type=\"widget\" data-e-type=\"widget\" data-widget_type=\"button.default\">\n\t\t\t\t<div class=\"elementor-widget-container\">\n\t\t\t\t\t\t\t\t\t<div class=\"elementor-button-wrapper\">\n\t\t\t\t\t<a class=\"elementor-button elementor-button-link elementor-size-md\" href=\"https:\/\/beskydrent.cz\/index.php\/beskydrent\/cenikjakubcovice\/\">\n\t\t\t\t\t\t<span class=\"elementor-button-content-wrapper\">\n\t\t\t\t\t\t\t\t\t<span class=\"elementor-button-text\">Cen\u00edk p\u016fj\u010dovn\u00e9ho Jakub\u010dovice<\/span>\n\t\t\t\t\t<\/span>\n\t\t\t\t\t<\/a>\n\t\t\t\t<\/div>\n\t\t\t\t\t\t\t\t<\/div>\n\t\t\t\t<\/div>\n\t\t\t\t\t<\/div>\n\t\t<\/div>\n\t\t\t\t\t<\/div>\n\t\t<\/section>\n\t\t\t\t<section class=\"elementor-section elementor-top-section elementor-element elementor-element-53e4a1bf elementor-section-height-min-height elementor-section-boxed elementor-section-height-default elementor-section-items-middle\" data-id=\"53e4a1bf\" data-element_type=\"section\" data-e-type=\"section\">\n\t\t\t\t\t\t<div class=\"elementor-container elementor-column-gap-custom\">\n\t\t\t\t\t<div class=\"elementor-column elementor-col-100 elementor-top-column elementor-element elementor-element-80cca23\" data-id=\"80cca23\" data-element_type=\"column\" data-e-type=\"column\">\n\t\t\t<div class=\"elementor-widget-wrap elementor-element-populated\">\n\t\t\t\t\t\t<div class=\"elementor-element elementor-element-4500808e gallery-spacing-custom elementor-widget elementor-widget-image-gallery\" data-id=\"4500808e\" data-element_type=\"widget\" data-e-type=\"widget\" data-widget_type=\"image-gallery.default\">\n\t\t\t\t<div class=\"elementor-widget-container\">\n\t\t\t\t\t\t\t<div class=\"elementor-image-gallery\">\n\t\t\t<div id='gallery-1' class='gallery galleryid-5206 gallery-columns-6 gallery-size-thumbnail'><figure class='gallery-item'>\n\t\t\t<div class='gallery-icon landscape'>\n\t\t\t\t<a data-elementor-open-lightbox=\"yes\" data-elementor-lightbox-slideshow=\"4500808e\" data-elementor-lightbox-title=\"DSC_6115\" data-e-action-hash=\"#elementor-action%3Aaction%3Dlightbox%26settings%3DeyJpZCI6NTIxNCwidXJsIjoiaHR0cHM6XC9cL2Jlc2t5ZHJlbnQuY3pcL3dwLWNvbnRlbnRcL3VwbG9hZHNcLzIwMjNcLzEyXC9EU0NfNjExNS1zY2FsZWQuanBnIiwic2xpZGVzaG93IjoiNDUwMDgwOGUifQ%3D%3D\" href='https:\/\/beskydrent.cz\/wp-content\/uploads\/2023\/12\/DSC_6115-scaled.jpg'><img decoding=\"async\" width=\"150\" height=\"150\" src=\"https:\/\/beskydrent.cz\/wp-content\/uploads\/2023\/12\/DSC_6115-150x150.jpg\" class=\"attachment-thumbnail size-thumbnail\" alt=\"\" srcset=\"https:\/\/beskydrent.cz\/wp-content\/uploads\/2023\/12\/DSC_6115-150x150.jpg 150w, https:\/\/beskydrent.cz\/wp-content\/uploads\/2023\/12\/DSC_6115-600x600.jpg 600w\" sizes=\"(max-width: 150px) 100vw, 150px\" \/><\/a>\n\t\t\t<\/div><\/figure><figure class='gallery-item'>\n\t\t\t<div class='gallery-icon landscape'>\n\t\t\t\t<a data-elementor-open-lightbox=\"yes\" data-elementor-lightbox-slideshow=\"4500808e\" data-elementor-lightbox-title=\"DSC_6102\" data-e-action-hash=\"#elementor-action%3Aaction%3Dlightbox%26settings%3DeyJpZCI6NTIwOSwidXJsIjoiaHR0cHM6XC9cL2Jlc2t5ZHJlbnQuY3pcL3dwLWNvbnRlbnRcL3VwbG9hZHNcLzIwMjNcLzEyXC9EU0NfNjEwMi1zY2FsZWQuanBnIiwic2xpZGVzaG93IjoiNDUwMDgwOGUifQ%3D%3D\" href='https:\/\/beskydrent.cz\/wp-content\/uploads\/2023\/12\/DSC_6102-scaled.jpg'><img decoding=\"async\" width=\"150\" height=\"150\" src=\"https:\/\/beskydrent.cz\/wp-content\/uploads\/2023\/12\/DSC_6102-150x150.jpg\" class=\"attachment-thumbnail size-thumbnail\" alt=\"\" srcset=\"https:\/\/beskydrent.cz\/wp-content\/uploads\/2023\/12\/DSC_6102-150x150.jpg 150w, https:\/\/beskydrent.cz\/wp-content\/uploads\/2023\/12\/DSC_6102-600x600.jpg 600w\" sizes=\"(max-width: 150px) 100vw, 150px\" \/><\/a>\n\t\t\t<\/div><\/figure><figure class='gallery-item'>\n\t\t\t<div class='gallery-icon landscape'>\n\t\t\t\t<a data-elementor-open-lightbox=\"yes\" data-elementor-lightbox-slideshow=\"4500808e\" data-elementor-lightbox-title=\"DSC_6108\" data-e-action-hash=\"#elementor-action%3Aaction%3Dlightbox%26settings%3DeyJpZCI6NTIxMSwidXJsIjoiaHR0cHM6XC9cL2Jlc2t5ZHJlbnQuY3pcL3dwLWNvbnRlbnRcL3VwbG9hZHNcLzIwMjNcLzEyXC9EU0NfNjEwOC1zY2FsZWQuanBnIiwic2xpZGVzaG93IjoiNDUwMDgwOGUifQ%3D%3D\" href='https:\/\/beskydrent.cz\/wp-content\/uploads\/2023\/12\/DSC_6108-scaled.jpg'><img loading=\"lazy\" decoding=\"async\" width=\"150\" height=\"150\" src=\"https:\/\/beskydrent.cz\/wp-content\/uploads\/2023\/12\/DSC_6108-150x150.jpg\" class=\"attachment-thumbnail size-thumbnail\" alt=\"\" srcset=\"https:\/\/beskydrent.cz\/wp-content\/uploads\/2023\/12\/DSC_6108-150x150.jpg 150w, https:\/\/beskydrent.cz\/wp-content\/uploads\/2023\/12\/DSC_6108-600x600.jpg 600w\" sizes=\"(max-width: 150px) 100vw, 150px\" \/><\/a>\n\t\t\t<\/div><\/figure><figure class='gallery-item'>\n\t\t\t<div class='gallery-icon portrait'>\n\t\t\t\t<a data-elementor-open-lightbox=\"yes\" data-elementor-lightbox-slideshow=\"4500808e\" data-elementor-lightbox-title=\"DSC_6103\" data-e-action-hash=\"#elementor-action%3Aaction%3Dlightbox%26settings%3DeyJpZCI6NTIxMCwidXJsIjoiaHR0cHM6XC9cL2Jlc2t5ZHJlbnQuY3pcL3dwLWNvbnRlbnRcL3VwbG9hZHNcLzIwMjNcLzEyXC9EU0NfNjEwMy1zY2FsZWQuanBnIiwic2xpZGVzaG93IjoiNDUwMDgwOGUifQ%3D%3D\" href='https:\/\/beskydrent.cz\/wp-content\/uploads\/2023\/12\/DSC_6103-scaled.jpg'><img loading=\"lazy\" decoding=\"async\" width=\"150\" height=\"150\" src=\"https:\/\/beskydrent.cz\/wp-content\/uploads\/2023\/12\/DSC_6103-150x150.jpg\" class=\"attachment-thumbnail size-thumbnail\" alt=\"\" srcset=\"https:\/\/beskydrent.cz\/wp-content\/uploads\/2023\/12\/DSC_6103-150x150.jpg 150w, https:\/\/beskydrent.cz\/wp-content\/uploads\/2023\/12\/DSC_6103-600x600.jpg 600w\" sizes=\"(max-width: 150px) 100vw, 150px\" \/><\/a>\n\t\t\t<\/div><\/figure><figure class='gallery-item'>\n\t\t\t<div class='gallery-icon landscape'>\n\t\t\t\t<a data-elementor-open-lightbox=\"yes\" data-elementor-lightbox-slideshow=\"4500808e\" data-elementor-lightbox-title=\"DSC_6111\" data-e-action-hash=\"#elementor-action%3Aaction%3Dlightbox%26settings%3DeyJpZCI6NTIxMiwidXJsIjoiaHR0cHM6XC9cL2Jlc2t5ZHJlbnQuY3pcL3dwLWNvbnRlbnRcL3VwbG9hZHNcLzIwMjNcLzEyXC9EU0NfNjExMS1zY2FsZWQuanBnIiwic2xpZGVzaG93IjoiNDUwMDgwOGUifQ%3D%3D\" href='https:\/\/beskydrent.cz\/wp-content\/uploads\/2023\/12\/DSC_6111-scaled.jpg'><img loading=\"lazy\" decoding=\"async\" width=\"150\" height=\"150\" src=\"https:\/\/beskydrent.cz\/wp-content\/uploads\/2023\/12\/DSC_6111-150x150.jpg\" class=\"attachment-thumbnail size-thumbnail\" alt=\"\" srcset=\"https:\/\/beskydrent.cz\/wp-content\/uploads\/2023\/12\/DSC_6111-150x150.jpg 150w, https:\/\/beskydrent.cz\/wp-content\/uploads\/2023\/12\/DSC_6111-600x600.jpg 600w\" sizes=\"(max-width: 150px) 100vw, 150px\" \/><\/a>\n\t\t\t<\/div><\/figure><figure class='gallery-item'>\n\t\t\t<div class='gallery-icon landscape'>\n\t\t\t\t<a data-elementor-open-lightbox=\"yes\" data-elementor-lightbox-slideshow=\"4500808e\" data-elementor-lightbox-title=\"DSC_6113\" data-e-action-hash=\"#elementor-action%3Aaction%3Dlightbox%26settings%3DeyJpZCI6NTIxMywidXJsIjoiaHR0cHM6XC9cL2Jlc2t5ZHJlbnQuY3pcL3dwLWNvbnRlbnRcL3VwbG9hZHNcLzIwMjNcLzEyXC9EU0NfNjExMy1zY2FsZWQuanBnIiwic2xpZGVzaG93IjoiNDUwMDgwOGUifQ%3D%3D\" href='https:\/\/beskydrent.cz\/wp-content\/uploads\/2023\/12\/DSC_6113-scaled.jpg'><img loading=\"lazy\" decoding=\"async\" width=\"150\" height=\"150\" src=\"https:\/\/beskydrent.cz\/wp-content\/uploads\/2023\/12\/DSC_6113-150x150.jpg\" class=\"attachment-thumbnail size-thumbnail\" alt=\"\" srcset=\"https:\/\/beskydrent.cz\/wp-content\/uploads\/2023\/12\/DSC_6113-150x150.jpg 150w, https:\/\/beskydrent.cz\/wp-content\/uploads\/2023\/12\/DSC_6113-600x600.jpg 600w\" sizes=\"(max-width: 150px) 100vw, 150px\" \/><\/a>\n\t\t\t<\/div><\/figure>\n\t\t<\/div>\n\t\t<\/div>\n\t\t\t\t\t\t<\/div>\n\t\t\t\t<\/div>\n\t\t\t\t\t<\/div>\n\t\t<\/div>\n\t\t\t\t\t<\/div>\n\t\t<\/section>\n\t\t\t\t<section class=\"elementor-section elementor-top-section elementor-element elementor-element-31efe0ac elementor-section-boxed elementor-section-height-default elementor-section-height-default\" data-id=\"31efe0ac\" data-element_type=\"section\" data-e-type=\"section\">\n\t\t\t\t\t\t<div class=\"elementor-container elementor-column-gap-default\">\n\t\t\t\t\t<div class=\"elementor-column elementor-col-100 elementor-top-column elementor-element elementor-element-b48271c\" data-id=\"b48271c\" data-element_type=\"column\" data-e-type=\"column\">\n\t\t\t<div class=\"elementor-widget-wrap elementor-element-populated\">\n\t\t\t\t\t\t<div class=\"elementor-element elementor-element-49839f44 elementor-align-center elementor-widget elementor-widget-button\" data-id=\"49839f44\" data-element_type=\"widget\" data-e-type=\"widget\" data-widget_type=\"button.default\">\n\t\t\t\t<div class=\"elementor-widget-container\">\n\t\t\t\t\t\t\t\t\t<div class=\"elementor-button-wrapper\">\n\t\t\t\t\t<a class=\"elementor-button elementor-button-link elementor-size-xl\" href=\"https:\/\/beskydrent.cz\">\n\t\t\t\t\t\t<span class=\"elementor-button-content-wrapper\">\n\t\t\t\t\t\t<span class=\"elementor-button-icon\">\n\t\t\t\t<i aria-hidden=\"true\" class=\"fas fa-home\"><\/i>\t\t\t<\/span>\n\t\t\t\t\t\t\t\t\t<span class=\"elementor-button-text\">na hlavn\u00ed str\u00e1nku<\/span>\n\t\t\t\t\t<\/span>\n\t\t\t\t\t<\/a>\n\t\t\t\t<\/div>\n\t\t\t\t\t\t\t\t<\/div>\n\t\t\t\t<\/div>\n\t\t\t\t\t<\/div>\n\t\t<\/div>\n\t\t\t\t\t<\/div>\n\t\t<\/section>\n\t\t\t\t<\/div>\n\t\t","protected":false},"excerpt":{"rendered":"<p>Malotraktor legend\u00e1rn\u00ed japonsk\u00e9 zna\u010dky Yanmar. Tento mal\u00fd \u010derven\u00fd pracant odvede na ka\u017ed\u00e9 zahrad\u011b penzum pr\u00e1ce. Zap\u0159a\u017een je rotav\u00e1tor pro va\u0161e dokonal\u00e9 zalo\u017een\u00ed nov\u00e9ho tr\u00e1vn\u00edku. Vhodn\u00e9 pro zku\u0161en\u011bj\u0161\u00ed u\u017eivatele. typ:Yanmar 1500&nbsp; rozm\u011bry stroje: hmotnost: motor:15 kon\u00ed Cen\u00edk p\u016fj\u010dovn\u00e9ho Janovice a Sedlnice Cen\u00edk p\u016fj\u010dovn\u00e9ho Jakub\u010dovice na hlavn\u00ed str\u00e1nku<\/p>\n","protected":false},"author":5,"featured_media":0,"parent":93450,"menu_order":0,"comment_status":"closed","ping_status":"closed","template":"elementor_header_footer","meta":{"ocean_post_layout":"","ocean_both_sidebars_style":"","ocean_both_sidebars_content_width":0,"ocean_both_sidebars_sidebars_width":0,"ocean_sidebar":"","ocean_second_sidebar":"","ocean_disable_margins":"enable","ocean_add_body_class":"","ocean_shortcode_before_top_bar":"","ocean_shortcode_after_top_bar":"","ocean_shortcode_before_header":"","ocean_shortcode_after_header":"","ocean_has_shortcode":"","ocean_shortcode_after_title":"","ocean_shortcode_before_footer_widgets":"","ocean_shortcode_after_footer_widgets":"","ocean_shortcode_before_footer_bottom":"","ocean_shortcode_after_footer_bottom":"","ocean_display_top_bar":"default","ocean_display_header":"default","ocean_header_style":"","ocean_center_header_left_menu":"","ocean_custom_header_template":"","ocean_custom_logo":0,"ocean_custom_retina_logo":0,"ocean_custom_logo_max_width":0,"ocean_custom_logo_tablet_max_width":0,"ocean_custom_logo_mobile_max_width":0,"ocean_custom_logo_max_height":0,"ocean_custom_logo_tablet_max_height":0,"ocean_custom_logo_mobile_max_height":0,"ocean_header_custom_menu":"","ocean_menu_typo_font_family":"","ocean_menu_typo_font_subset":"","ocean_menu_typo_font_size":0,"ocean_menu_typo_font_size_tablet":0,"ocean_menu_typo_font_size_mobile":0,"ocean_menu_typo_font_size_unit":"px","ocean_menu_typo_font_weight":"","ocean_menu_typo_font_weight_tablet":"","ocean_menu_typo_font_weight_mobile":"","ocean_menu_typo_transform":"","ocean_menu_typo_transform_tablet":"","ocean_menu_typo_transform_mobile":"","ocean_menu_typo_line_height":0,"ocean_menu_typo_line_height_tablet":0,"ocean_menu_typo_line_height_mobile":0,"ocean_menu_typo_line_height_unit":"","ocean_menu_typo_spacing":0,"ocean_menu_typo_spacing_tablet":0,"ocean_menu_typo_spacing_mobile":0,"ocean_menu_typo_spacing_unit":"","ocean_menu_link_color":"","ocean_menu_link_color_hover":"","ocean_menu_link_color_active":"","ocean_menu_link_background":"","ocean_menu_link_hover_background":"","ocean_menu_link_active_background":"","ocean_menu_social_links_bg":"","ocean_menu_social_hover_links_bg":"","ocean_menu_social_links_color":"","ocean_menu_social_hover_links_color":"","ocean_disable_title":"default","ocean_disable_heading":"default","ocean_post_title":"","ocean_post_subheading":"","ocean_post_title_style":"","ocean_post_title_background_color":"","ocean_post_title_background":0,"ocean_post_title_bg_image_position":"","ocean_post_title_bg_image_attachment":"","ocean_post_title_bg_image_repeat":"","ocean_post_title_bg_image_size":"","ocean_post_title_height":0,"ocean_post_title_bg_overlay":0.5,"ocean_post_title_bg_overlay_color":"","ocean_disable_breadcrumbs":"default","ocean_breadcrumbs_color":"","ocean_breadcrumbs_separator_color":"","ocean_breadcrumbs_links_color":"","ocean_breadcrumbs_links_hover_color":"","ocean_display_footer_widgets":"default","ocean_display_footer_bottom":"default","ocean_custom_footer_template":"","footnotes":""},"class_list":["post-5206","page","type-page","status-publish","hentry","entry"],"_links":{"self":[{"href":"https:\/\/beskydrent.cz\/index.php\/wp-json\/wp\/v2\/pages\/5206","targetHints":{"allow":["GET"]}}],"collection":[{"href":"https:\/\/beskydrent.cz\/index.php\/wp-json\/wp\/v2\/pages"}],"about":[{"href":"https:\/\/beskydrent.cz\/index.php\/wp-json\/wp\/v2\/types\/page"}],"author":[{"embeddable":true,"href":"https:\/\/beskydrent.cz\/index.php\/wp-json\/wp\/v2\/users\/5"}],"replies":[{"embeddable":true,"href":"https:\/\/beskydrent.cz\/index.php\/wp-json\/wp\/v2\/comments?post=5206"}],"version-history":[{"count":1,"href":"https:\/\/beskydrent.cz\/index.php\/wp-json\/wp\/v2\/pages\/5206\/revisions"}],"predecessor-version":[{"id":93459,"href":"https:\/\/beskydrent.cz\/index.php\/wp-json\/wp\/v2\/pages\/5206\/revisions\/93459"}],"up":[{"embeddable":true,"href":"https:\/\/beskydrent.cz\/index.php\/wp-json\/wp\/v2\/pages\/93450"}],"wp:attachment":[{"href":"https:\/\/beskydrent.cz\/index.php\/wp-json\/wp\/v2\/media?parent=5206"}],"curies":[{"name":"wp","href":"https:\/\/api.w.org\/{rel}","templated":true}]}}