{"id":6198,"date":"2024-03-19T09:11:12","date_gmt":"2024-03-19T09:11:12","guid":{"rendered":"https:\/\/beskydrent.cz\/?page_id=6198"},"modified":"2025-05-15T07:46:12","modified_gmt":"2025-05-15T07:46:12","slug":"kangarod500","status":"publish","type":"page","link":"https:\/\/beskydrent.cz\/index.php\/beskydrent\/dumpery\/kangarod500\/","title":{"rendered":"Kanagaro dumper D500 se l\u017e\u00edc\u00ed"},"content":{"rendered":"\t\t<div data-elementor-type=\"wp-page\" data-elementor-id=\"6198\" class=\"elementor elementor-6198\">\n\t\t\t\t\t\t<section class=\"elementor-section elementor-top-section elementor-element elementor-element-60bd3dcc elementor-section-boxed elementor-section-height-default elementor-section-height-default\" data-id=\"60bd3dcc\" data-element_type=\"section\" data-e-type=\"section\">\n\t\t\t\t\t\t<div class=\"elementor-container elementor-column-gap-default\">\n\t\t\t\t\t<div class=\"elementor-column elementor-col-100 elementor-top-column elementor-element elementor-element-c8a5f80\" data-id=\"c8a5f80\" data-element_type=\"column\" data-e-type=\"column\">\n\t\t\t<div class=\"elementor-widget-wrap elementor-element-populated\">\n\t\t\t\t\t\t<div class=\"elementor-element elementor-element-1b3c5e7d elementor-widget elementor-widget-text-editor\" data-id=\"1b3c5e7d\" data-element_type=\"widget\" data-e-type=\"widget\" data-widget_type=\"text-editor.default\">\n\t\t\t\t<div class=\"elementor-widget-container\">\n\t\t\t\t\t\t\t\t\t<h5 style=\"text-align: center;\">Tento Mini Dumper je kombinac\u00ed mobiln\u00edho podvozku a hydraulick\u00e9 skl\u00e1p\u011b\u010dky. Jeho p\u0159ednost\u00ed je snadn\u00e1 operace a jednoduch\u00e1 \u00fadr\u017eba. Dumper byl konstruov\u00e1n pro kr\u00e1tk\u00e9 transporty materi\u00e1l\u016f v\u0161eho druhu (\u0161t\u011brk, uhl\u00ed, hl\u00edna atd). Jedn\u00e1 se o velice snadno ovladateln\u00fd Dumper, kter\u00fd pom\u016f\u017ee p\u0159i pr\u00e1ci na stavb\u011b, zahrad\u011b a v budov\u00e1ch.<\/h5>\t\t\t\t\t\t\t\t<\/div>\n\t\t\t\t<\/div>\n\t\t\t\t\t<\/div>\n\t\t<\/div>\n\t\t\t\t\t<\/div>\n\t\t<\/section>\n\t\t\t\t<section class=\"elementor-section elementor-top-section elementor-element elementor-element-3314dc5e elementor-section-boxed elementor-section-height-default elementor-section-height-default\" data-id=\"3314dc5e\" data-element_type=\"section\" data-e-type=\"section\">\n\t\t\t\t\t\t<div class=\"elementor-container elementor-column-gap-default\">\n\t\t\t\t\t<div class=\"elementor-column elementor-col-66 elementor-top-column elementor-element elementor-element-7dd6ffd0\" data-id=\"7dd6ffd0\" data-element_type=\"column\" data-e-type=\"column\">\n\t\t\t<div class=\"elementor-widget-wrap elementor-element-populated\">\n\t\t\t\t\t\t<div class=\"elementor-element elementor-element-5a531814 elementor-widget elementor-widget-image\" data-id=\"5a531814\" data-element_type=\"widget\" data-e-type=\"widget\" data-widget_type=\"image.default\">\n\t\t\t\t<div class=\"elementor-widget-container\">\n\t\t\t\t\t\t\t\t\t\t\t\t\t\t\t<img fetchpriority=\"high\" decoding=\"async\" width=\"1024\" height=\"768\" src=\"https:\/\/beskydrent.cz\/wp-content\/uploads\/2024\/03\/fb20240313_121326-1024x768.jpg\" class=\"attachment-large size-large wp-image-6212\" alt=\"\" srcset=\"https:\/\/beskydrent.cz\/wp-content\/uploads\/2024\/03\/fb20240313_121326-1024x768.jpg 1024w, https:\/\/beskydrent.cz\/wp-content\/uploads\/2024\/03\/fb20240313_121326-300x225.jpg 300w, https:\/\/beskydrent.cz\/wp-content\/uploads\/2024\/03\/fb20240313_121326-768x576.jpg 768w, https:\/\/beskydrent.cz\/wp-content\/uploads\/2024\/03\/fb20240313_121326-1536x1152.jpg 1536w, https:\/\/beskydrent.cz\/wp-content\/uploads\/2024\/03\/fb20240313_121326-2048x1536.jpg 2048w\" sizes=\"(max-width: 1024px) 100vw, 1024px\" \/>\t\t\t\t\t\t\t\t\t\t\t\t\t\t\t<\/div>\n\t\t\t\t<\/div>\n\t\t\t\t\t<\/div>\n\t\t<\/div>\n\t\t\t\t<div class=\"elementor-column elementor-col-33 elementor-top-column elementor-element elementor-element-db777c8\" data-id=\"db777c8\" data-element_type=\"column\" data-e-type=\"column\">\n\t\t\t<div class=\"elementor-widget-wrap elementor-element-populated\">\n\t\t\t\t\t\t<div class=\"elementor-element elementor-element-26a61931 elementor-widget__width-initial elementor-widget elementor-widget-text-editor\" data-id=\"26a61931\" data-element_type=\"widget\" data-e-type=\"widget\" data-widget_type=\"text-editor.default\">\n\t\t\t\t<div class=\"elementor-widget-container\">\n\t\t\t\t\t\t\t\t\t<p style=\"text-align: center;\">typ:<br \/><b>Dumper Kangaro D500<\/b><\/p><p style=\"text-align: center;\">rozm\u011bry stroje:<br \/><strong>1925 \u00d7 880 \u00d7 1850 mm<\/strong><\/p><p style=\"text-align: center;\">hmotnost bez n\u00e1kladu:<\/p><p style=\"text-align: center;\">nosnost:<br \/><strong>500 kg\u00a0<\/strong><\/p><p style=\"text-align: center;\">typ vysyp\u00e1v\u00e1n\u00ed:<br \/><strong>vykl\u00e1p\u011bc\u00ed dop\u0159edu<\/strong><\/p><p style=\"text-align: center;\">motor<br \/><strong>6,5 hp<\/strong><\/p>\t\t\t\t\t\t\t\t<\/div>\n\t\t\t\t<\/div>\n\t\t\t\t<div class=\"elementor-element elementor-element-22a9e80d elementor-align-justify elementor-widget elementor-widget-button\" data-id=\"22a9e80d\" data-element_type=\"widget\" data-e-type=\"widget\" data-widget_type=\"button.default\">\n\t\t\t\t<div class=\"elementor-widget-container\">\n\t\t\t\t\t\t\t\t\t<div class=\"elementor-button-wrapper\">\n\t\t\t\t\t<a class=\"elementor-button elementor-button-link elementor-size-md\" href=\"https:\/\/beskydrent.cz\/index.php\/cenik\/\">\n\t\t\t\t\t\t<span class=\"elementor-button-content-wrapper\">\n\t\t\t\t\t\t\t\t\t<span class=\"elementor-button-text\">Cen\u00edk p\u016fj\u010dovn\u00e9ho Janovice a Sedlnice<\/span>\n\t\t\t\t\t<\/span>\n\t\t\t\t\t<\/a>\n\t\t\t\t<\/div>\n\t\t\t\t\t\t\t\t<\/div>\n\t\t\t\t<\/div>\n\t\t\t\t\t<\/div>\n\t\t<\/div>\n\t\t\t\t\t<\/div>\n\t\t<\/section>\n\t\t\t\t<section class=\"elementor-section elementor-top-section elementor-element elementor-element-2ae37a82 elementor-section-boxed elementor-section-height-default elementor-section-height-default\" data-id=\"2ae37a82\" data-element_type=\"section\" data-e-type=\"section\">\n\t\t\t\t\t\t<div class=\"elementor-container elementor-column-gap-default\">\n\t\t\t\t\t<div class=\"elementor-column elementor-col-100 elementor-top-column elementor-element elementor-element-74f85281\" data-id=\"74f85281\" data-element_type=\"column\" data-e-type=\"column\">\n\t\t\t<div class=\"elementor-widget-wrap elementor-element-populated\">\n\t\t\t\t\t\t<div class=\"elementor-element elementor-element-6a0749a1 elementor-widget elementor-widget-image-gallery\" data-id=\"6a0749a1\" data-element_type=\"widget\" data-e-type=\"widget\" data-widget_type=\"image-gallery.default\">\n\t\t\t\t<div class=\"elementor-widget-container\">\n\t\t\t\t\t\t\t<div class=\"elementor-image-gallery\">\n\t\t\t<div id='gallery-1' class='gallery galleryid-6198 gallery-columns-4 gallery-size-thumbnail'><figure class='gallery-item'>\n\t\t\t<div class='gallery-icon landscape'>\n\t\t\t\t<a data-elementor-open-lightbox=\"yes\" data-elementor-lightbox-slideshow=\"6a0749a1\" data-elementor-lightbox-title=\"fb20240313_121137\" data-e-action-hash=\"#elementor-action%3Aaction%3Dlightbox%26settings%3DeyJpZCI6NjIxMCwidXJsIjoiaHR0cHM6XC9cL2Jlc2t5ZHJlbnQuY3pcL3dwLWNvbnRlbnRcL3VwbG9hZHNcLzIwMjRcLzAzXC9mYjIwMjQwMzEzXzEyMTEzNy1zY2FsZWQuanBnIiwic2xpZGVzaG93IjoiNmEwNzQ5YTEifQ%3D%3D\" href='https:\/\/beskydrent.cz\/wp-content\/uploads\/2024\/03\/fb20240313_121137-scaled.jpg'><img decoding=\"async\" width=\"150\" height=\"150\" src=\"https:\/\/beskydrent.cz\/wp-content\/uploads\/2024\/03\/fb20240313_121137-150x150.jpg\" class=\"attachment-thumbnail size-thumbnail\" alt=\"\" srcset=\"https:\/\/beskydrent.cz\/wp-content\/uploads\/2024\/03\/fb20240313_121137-150x150.jpg 150w, https:\/\/beskydrent.cz\/wp-content\/uploads\/2024\/03\/fb20240313_121137-600x600.jpg 600w\" sizes=\"(max-width: 150px) 100vw, 150px\" \/><\/a>\n\t\t\t<\/div><\/figure><figure class='gallery-item'>\n\t\t\t<div class='gallery-icon landscape'>\n\t\t\t\t<a data-elementor-open-lightbox=\"yes\" data-elementor-lightbox-slideshow=\"6a0749a1\" data-elementor-lightbox-title=\"fb20240313_121051\" data-e-action-hash=\"#elementor-action%3Aaction%3Dlightbox%26settings%3DeyJpZCI6NjIwOSwidXJsIjoiaHR0cHM6XC9cL2Jlc2t5ZHJlbnQuY3pcL3dwLWNvbnRlbnRcL3VwbG9hZHNcLzIwMjRcLzAzXC9mYjIwMjQwMzEzXzEyMTA1MS1zY2FsZWQuanBnIiwic2xpZGVzaG93IjoiNmEwNzQ5YTEifQ%3D%3D\" href='https:\/\/beskydrent.cz\/wp-content\/uploads\/2024\/03\/fb20240313_121051-scaled.jpg'><img decoding=\"async\" width=\"150\" height=\"150\" src=\"https:\/\/beskydrent.cz\/wp-content\/uploads\/2024\/03\/fb20240313_121051-150x150.jpg\" class=\"attachment-thumbnail size-thumbnail\" alt=\"\" srcset=\"https:\/\/beskydrent.cz\/wp-content\/uploads\/2024\/03\/fb20240313_121051-150x150.jpg 150w, https:\/\/beskydrent.cz\/wp-content\/uploads\/2024\/03\/fb20240313_121051-600x600.jpg 600w\" sizes=\"(max-width: 150px) 100vw, 150px\" \/><\/a>\n\t\t\t<\/div><\/figure><figure class='gallery-item'>\n\t\t\t<div class='gallery-icon landscape'>\n\t\t\t\t<a data-elementor-open-lightbox=\"yes\" data-elementor-lightbox-slideshow=\"6a0749a1\" data-elementor-lightbox-title=\"fb20240313_120914\" data-e-action-hash=\"#elementor-action%3Aaction%3Dlightbox%26settings%3DeyJpZCI6NjIwOCwidXJsIjoiaHR0cHM6XC9cL2Jlc2t5ZHJlbnQuY3pcL3dwLWNvbnRlbnRcL3VwbG9hZHNcLzIwMjRcLzAzXC9mYjIwMjQwMzEzXzEyMDkxNC1zY2FsZWQuanBnIiwic2xpZGVzaG93IjoiNmEwNzQ5YTEifQ%3D%3D\" href='https:\/\/beskydrent.cz\/wp-content\/uploads\/2024\/03\/fb20240313_120914-scaled.jpg'><img loading=\"lazy\" decoding=\"async\" width=\"150\" height=\"150\" src=\"https:\/\/beskydrent.cz\/wp-content\/uploads\/2024\/03\/fb20240313_120914-150x150.jpg\" class=\"attachment-thumbnail size-thumbnail\" alt=\"\" srcset=\"https:\/\/beskydrent.cz\/wp-content\/uploads\/2024\/03\/fb20240313_120914-150x150.jpg 150w, https:\/\/beskydrent.cz\/wp-content\/uploads\/2024\/03\/fb20240313_120914-600x600.jpg 600w\" sizes=\"(max-width: 150px) 100vw, 150px\" \/><\/a>\n\t\t\t<\/div><\/figure><figure class='gallery-item'>\n\t\t\t<div class='gallery-icon landscape'>\n\t\t\t\t<a data-elementor-open-lightbox=\"yes\" data-elementor-lightbox-slideshow=\"6a0749a1\" data-elementor-lightbox-title=\"fb20240313_121243\" data-e-action-hash=\"#elementor-action%3Aaction%3Dlightbox%26settings%3DeyJpZCI6NjIwMywidXJsIjoiaHR0cHM6XC9cL2Jlc2t5ZHJlbnQuY3pcL3dwLWNvbnRlbnRcL3VwbG9hZHNcLzIwMjRcLzAzXC9mYjIwMjQwMzEzXzEyMTI0My1zY2FsZWQuanBnIiwic2xpZGVzaG93IjoiNmEwNzQ5YTEifQ%3D%3D\" href='https:\/\/beskydrent.cz\/wp-content\/uploads\/2024\/03\/fb20240313_121243-scaled.jpg'><img loading=\"lazy\" decoding=\"async\" width=\"150\" height=\"150\" src=\"https:\/\/beskydrent.cz\/wp-content\/uploads\/2024\/03\/fb20240313_121243-150x150.jpg\" class=\"attachment-thumbnail size-thumbnail\" alt=\"\" srcset=\"https:\/\/beskydrent.cz\/wp-content\/uploads\/2024\/03\/fb20240313_121243-150x150.jpg 150w, https:\/\/beskydrent.cz\/wp-content\/uploads\/2024\/03\/fb20240313_121243-600x600.jpg 600w\" sizes=\"(max-width: 150px) 100vw, 150px\" \/><\/a>\n\t\t\t<\/div><\/figure>\n\t\t<\/div>\n\t\t<\/div>\n\t\t\t\t\t\t<\/div>\n\t\t\t\t<\/div>\n\t\t\t\t\t<\/div>\n\t\t<\/div>\n\t\t\t\t\t<\/div>\n\t\t<\/section>\n\t\t\t\t<section class=\"elementor-section elementor-top-section elementor-element elementor-element-3f87358b elementor-section-boxed elementor-section-height-default elementor-section-height-default\" data-id=\"3f87358b\" data-element_type=\"section\" data-e-type=\"section\">\n\t\t\t\t\t\t<div class=\"elementor-container elementor-column-gap-default\">\n\t\t\t\t\t<div class=\"elementor-column elementor-col-100 elementor-top-column elementor-element elementor-element-6750cde3\" data-id=\"6750cde3\" data-element_type=\"column\" data-e-type=\"column\">\n\t\t\t<div class=\"elementor-widget-wrap elementor-element-populated\">\n\t\t\t\t\t\t<div class=\"elementor-element elementor-element-2277fb23 elementor-align-center elementor-widget elementor-widget-button\" data-id=\"2277fb23\" data-element_type=\"widget\" data-e-type=\"widget\" data-widget_type=\"button.default\">\n\t\t\t\t<div class=\"elementor-widget-container\">\n\t\t\t\t\t\t\t\t\t<div class=\"elementor-button-wrapper\">\n\t\t\t\t\t<a class=\"elementor-button elementor-button-link elementor-size-xl\" href=\"https:\/\/beskydrent.cz\">\n\t\t\t\t\t\t<span class=\"elementor-button-content-wrapper\">\n\t\t\t\t\t\t<span class=\"elementor-button-icon\">\n\t\t\t\t<i aria-hidden=\"true\" class=\"fas fa-home\"><\/i>\t\t\t<\/span>\n\t\t\t\t\t\t\t\t\t<span class=\"elementor-button-text\">na hlavn\u00ed str\u00e1nku<\/span>\n\t\t\t\t\t<\/span>\n\t\t\t\t\t<\/a>\n\t\t\t\t<\/div>\n\t\t\t\t\t\t\t\t<\/div>\n\t\t\t\t<\/div>\n\t\t\t\t\t<\/div>\n\t\t<\/div>\n\t\t\t\t\t<\/div>\n\t\t<\/section>\n\t\t\t\t<\/div>\n\t\t","protected":false},"excerpt":{"rendered":"<p>Tento Mini Dumper je kombinac\u00ed mobiln\u00edho podvozku a hydraulick\u00e9 skl\u00e1p\u011b\u010dky. Jeho p\u0159ednost\u00ed je snadn\u00e1 operace a jednoduch\u00e1 \u00fadr\u017eba. Dumper byl konstruov\u00e1n pro kr\u00e1tk\u00e9 transporty materi\u00e1l\u016f v\u0161eho druhu (\u0161t\u011brk, uhl\u00ed, hl\u00edna atd). Jedn\u00e1 se o velice snadno ovladateln\u00fd Dumper, kter\u00fd pom\u016f\u017ee p\u0159i pr\u00e1ci na stavb\u011b, zahrad\u011b a v budov\u00e1ch. typ:Dumper Kangaro D500 rozm\u011bry stroje:1925 \u00d7 880 [&hellip;]<\/p>\n","protected":false},"author":5,"featured_media":0,"parent":93394,"menu_order":0,"comment_status":"closed","ping_status":"closed","template":"elementor_header_footer","meta":{"ocean_post_layout":"","ocean_both_sidebars_style":"","ocean_both_sidebars_content_width":0,"ocean_both_sidebars_sidebars_width":0,"ocean_sidebar":"","ocean_second_sidebar":"","ocean_disable_margins":"enable","ocean_add_body_class":"","ocean_shortcode_before_top_bar":"","ocean_shortcode_after_top_bar":"","ocean_shortcode_before_header":"","ocean_shortcode_after_header":"","ocean_has_shortcode":"","ocean_shortcode_after_title":"","ocean_shortcode_before_footer_widgets":"","ocean_shortcode_after_footer_widgets":"","ocean_shortcode_before_footer_bottom":"","ocean_shortcode_after_footer_bottom":"","ocean_display_top_bar":"default","ocean_display_header":"default","ocean_header_style":"","ocean_center_header_left_menu":"","ocean_custom_header_template":"","ocean_custom_logo":0,"ocean_custom_retina_logo":0,"ocean_custom_logo_max_width":0,"ocean_custom_logo_tablet_max_width":0,"ocean_custom_logo_mobile_max_width":0,"ocean_custom_logo_max_height":0,"ocean_custom_logo_tablet_max_height":0,"ocean_custom_logo_mobile_max_height":0,"ocean_header_custom_menu":"","ocean_menu_typo_font_family":"","ocean_menu_typo_font_subset":"","ocean_menu_typo_font_size":0,"ocean_menu_typo_font_size_tablet":0,"ocean_menu_typo_font_size_mobile":0,"ocean_menu_typo_font_size_unit":"px","ocean_menu_typo_font_weight":"","ocean_menu_typo_font_weight_tablet":"","ocean_menu_typo_font_weight_mobile":"","ocean_menu_typo_transform":"","ocean_menu_typo_transform_tablet":"","ocean_menu_typo_transform_mobile":"","ocean_menu_typo_line_height":0,"ocean_menu_typo_line_height_tablet":0,"ocean_menu_typo_line_height_mobile":0,"ocean_menu_typo_line_height_unit":"","ocean_menu_typo_spacing":0,"ocean_menu_typo_spacing_tablet":0,"ocean_menu_typo_spacing_mobile":0,"ocean_menu_typo_spacing_unit":"","ocean_menu_link_color":"","ocean_menu_link_color_hover":"","ocean_menu_link_color_active":"","ocean_menu_link_background":"","ocean_menu_link_hover_background":"","ocean_menu_link_active_background":"","ocean_menu_social_links_bg":"","ocean_menu_social_hover_links_bg":"","ocean_menu_social_links_color":"","ocean_menu_social_hover_links_color":"","ocean_disable_title":"default","ocean_disable_heading":"default","ocean_post_title":"","ocean_post_subheading":"","ocean_post_title_style":"","ocean_post_title_background_color":"","ocean_post_title_background":0,"ocean_post_title_bg_image_position":"","ocean_post_title_bg_image_attachment":"","ocean_post_title_bg_image_repeat":"","ocean_post_title_bg_image_size":"","ocean_post_title_height":0,"ocean_post_title_bg_overlay":0.5,"ocean_post_title_bg_overlay_color":"","ocean_disable_breadcrumbs":"default","ocean_breadcrumbs_color":"","ocean_breadcrumbs_separator_color":"","ocean_breadcrumbs_links_color":"","ocean_breadcrumbs_links_hover_color":"","ocean_display_footer_widgets":"default","ocean_display_footer_bottom":"default","ocean_custom_footer_template":"","footnotes":""},"class_list":["post-6198","page","type-page","status-publish","hentry","entry"],"_links":{"self":[{"href":"https:\/\/beskydrent.cz\/index.php\/wp-json\/wp\/v2\/pages\/6198","targetHints":{"allow":["GET"]}}],"collection":[{"href":"https:\/\/beskydrent.cz\/index.php\/wp-json\/wp\/v2\/pages"}],"about":[{"href":"https:\/\/beskydrent.cz\/index.php\/wp-json\/wp\/v2\/types\/page"}],"author":[{"embeddable":true,"href":"https:\/\/beskydrent.cz\/index.php\/wp-json\/wp\/v2\/users\/5"}],"replies":[{"embeddable":true,"href":"https:\/\/beskydrent.cz\/index.php\/wp-json\/wp\/v2\/comments?post=6198"}],"version-history":[{"count":6,"href":"https:\/\/beskydrent.cz\/index.php\/wp-json\/wp\/v2\/pages\/6198\/revisions"}],"predecessor-version":[{"id":93433,"href":"https:\/\/beskydrent.cz\/index.php\/wp-json\/wp\/v2\/pages\/6198\/revisions\/93433"}],"up":[{"embeddable":true,"href":"https:\/\/beskydrent.cz\/index.php\/wp-json\/wp\/v2\/pages\/93394"}],"wp:attachment":[{"href":"https:\/\/beskydrent.cz\/index.php\/wp-json\/wp\/v2\/media?parent=6198"}],"curies":[{"name":"wp","href":"https:\/\/api.w.org\/{rel}","templated":true}]}}