{"id":6594,"date":"2024-04-05T07:42:55","date_gmt":"2024-04-05T07:42:55","guid":{"rendered":"https:\/\/beskydrent.cz\/?page_id=6594"},"modified":"2025-04-24T08:14:54","modified_gmt":"2025-04-24T08:14:54","slug":"rezackadlazby","status":"publish","type":"page","link":"https:\/\/beskydrent.cz\/index.php\/beskydrent\/naradi\/rezackadlazby\/","title":{"rendered":"Stolov\u00e1 pila \/ \u0159eza\u010dka dla\u017eby"},"content":{"rendered":"\t\t<div data-elementor-type=\"wp-page\" data-elementor-id=\"6594\" class=\"elementor elementor-6594\">\n\t\t\t\t\t\t<section class=\"elementor-section elementor-top-section elementor-element elementor-element-68ff4498 elementor-section-boxed elementor-section-height-default elementor-section-height-default\" data-id=\"68ff4498\" data-element_type=\"section\" data-e-type=\"section\">\n\t\t\t\t\t\t<div class=\"elementor-container elementor-column-gap-default\">\n\t\t\t\t\t<div class=\"elementor-column elementor-col-100 elementor-top-column elementor-element elementor-element-605c171c\" data-id=\"605c171c\" data-element_type=\"column\" data-e-type=\"column\">\n\t\t\t<div class=\"elementor-widget-wrap elementor-element-populated\">\n\t\t\t\t\t\t<div class=\"elementor-element elementor-element-a77fa46 elementor-widget elementor-widget-text-editor\" data-id=\"a77fa46\" data-element_type=\"widget\" data-e-type=\"widget\" data-widget_type=\"text-editor.default\">\n\t\t\t\t<div class=\"elementor-widget-container\">\n\t\t\t\t\t\t\t\t\t<p style=\"text-align: center;\"><strong>Stolov\u00e1 pila pro \u0159ez keramiky s d\u00e9lkou \u0159ezu a\u017e 610 mm. Pila pro \u0159ez stavebn\u00edch materi\u00e1l\u016f typu cihla, betonov\u00e9 dla\u017eby s nakl\u00e1p\u011bn\u00edm i bez nakl\u00e1p\u011bn\u00ed.<\/strong>\u00a0<br \/><strong>Opot\u0159eben\u00ed kotou\u010de 300 K\u010d \/ 1 mm<\/strong><\/p>\t\t\t\t\t\t\t\t<\/div>\n\t\t\t\t<\/div>\n\t\t\t\t\t<\/div>\n\t\t<\/div>\n\t\t\t\t\t<\/div>\n\t\t<\/section>\n\t\t\t\t<section class=\"elementor-section elementor-top-section elementor-element elementor-element-7eb22f3c elementor-section-boxed elementor-section-height-default elementor-section-height-default\" data-id=\"7eb22f3c\" data-element_type=\"section\" data-e-type=\"section\">\n\t\t\t\t\t\t<div class=\"elementor-container elementor-column-gap-default\">\n\t\t\t\t\t<div class=\"elementor-column elementor-col-66 elementor-top-column elementor-element elementor-element-24d7f15c\" data-id=\"24d7f15c\" data-element_type=\"column\" data-e-type=\"column\">\n\t\t\t<div class=\"elementor-widget-wrap elementor-element-populated\">\n\t\t\t\t\t\t<div class=\"elementor-element elementor-element-1b5d4c5d elementor-widget elementor-widget-image\" data-id=\"1b5d4c5d\" data-element_type=\"widget\" data-e-type=\"widget\" data-widget_type=\"image.default\">\n\t\t\t\t<div class=\"elementor-widget-container\">\n\t\t\t\t\t\t\t\t\t\t\t\t\t\t\t<img fetchpriority=\"high\" decoding=\"async\" width=\"1024\" height=\"768\" src=\"https:\/\/beskydrent.cz\/wp-content\/uploads\/2024\/04\/20240402_151404-1024x768.png\" class=\"attachment-large size-large wp-image-6596\" alt=\"\" srcset=\"https:\/\/beskydrent.cz\/wp-content\/uploads\/2024\/04\/20240402_151404-1024x768.png 1024w, https:\/\/beskydrent.cz\/wp-content\/uploads\/2024\/04\/20240402_151404-300x225.png 300w, https:\/\/beskydrent.cz\/wp-content\/uploads\/2024\/04\/20240402_151404-768x576.png 768w, https:\/\/beskydrent.cz\/wp-content\/uploads\/2024\/04\/20240402_151404-1536x1152.png 1536w, https:\/\/beskydrent.cz\/wp-content\/uploads\/2024\/04\/20240402_151404-2048x1536.png 2048w\" sizes=\"(max-width: 1024px) 100vw, 1024px\" \/>\t\t\t\t\t\t\t\t\t\t\t\t\t\t\t<\/div>\n\t\t\t\t<\/div>\n\t\t\t\t\t<\/div>\n\t\t<\/div>\n\t\t\t\t<div class=\"elementor-column elementor-col-33 elementor-top-column elementor-element elementor-element-ad088df\" data-id=\"ad088df\" data-element_type=\"column\" data-e-type=\"column\">\n\t\t\t<div class=\"elementor-widget-wrap elementor-element-populated\">\n\t\t\t\t\t\t<div class=\"elementor-element elementor-element-256dc4ea elementor-widget elementor-widget-text-editor\" data-id=\"256dc4ea\" data-element_type=\"widget\" data-e-type=\"widget\" data-widget_type=\"text-editor.default\">\n\t\t\t\t<div class=\"elementor-widget-container\">\n\t\t\t\t\t\t\t\t\t<p style=\"text-align: center;\">typ:<br \/><strong>Stolov\u00e1 pila DA A 44\u00a0<\/strong><\/p><p style=\"text-align: center;\">ot\u00e1\u010dky:<br \/><strong>2800 ot\/min<\/strong><\/p><p style=\"text-align: center;\">max. pr\u016fm\u011br n\u00e1stroje:<br \/><strong>350 mm<\/strong><\/p><p style=\"text-align: center;\">d\u00e9lka \u0159ezu:<br \/><strong>610 mm<\/strong><\/p><p style=\"text-align: center;\">hloubka \u0159ezu:<br \/><b>110 mm<\/b><\/p>\t\t\t\t\t\t\t\t<\/div>\n\t\t\t\t<\/div>\n\t\t\t\t<div class=\"elementor-element elementor-element-16e48058 elementor-align-justify elementor-widget elementor-widget-button\" data-id=\"16e48058\" data-element_type=\"widget\" data-e-type=\"widget\" data-widget_type=\"button.default\">\n\t\t\t\t<div class=\"elementor-widget-container\">\n\t\t\t\t\t\t\t\t\t<div class=\"elementor-button-wrapper\">\n\t\t\t\t\t<a class=\"elementor-button elementor-button-link elementor-size-md\" href=\"https:\/\/beskydrent.cz\/index.php\/cenik\/\">\n\t\t\t\t\t\t<span class=\"elementor-button-content-wrapper\">\n\t\t\t\t\t\t\t\t\t<span class=\"elementor-button-text\">Cen\u00edk p\u016fj\u010dovn\u00e9ho Janovice a Sedlnice<\/span>\n\t\t\t\t\t<\/span>\n\t\t\t\t\t<\/a>\n\t\t\t\t<\/div>\n\t\t\t\t\t\t\t\t<\/div>\n\t\t\t\t<\/div>\n\t\t\t\t\t<\/div>\n\t\t<\/div>\n\t\t\t\t\t<\/div>\n\t\t<\/section>\n\t\t\t\t<section class=\"elementor-section elementor-top-section elementor-element elementor-element-484a455e elementor-section-boxed elementor-section-height-default elementor-section-height-default\" data-id=\"484a455e\" data-element_type=\"section\" data-e-type=\"section\">\n\t\t\t\t\t\t<div class=\"elementor-container elementor-column-gap-default\">\n\t\t\t\t\t<div class=\"elementor-column elementor-col-100 elementor-top-column elementor-element elementor-element-1561108e\" data-id=\"1561108e\" data-element_type=\"column\" data-e-type=\"column\">\n\t\t\t<div class=\"elementor-widget-wrap elementor-element-populated\">\n\t\t\t\t\t\t<div class=\"elementor-element elementor-element-2b48242 elementor-widget elementor-widget-image-gallery\" data-id=\"2b48242\" data-element_type=\"widget\" data-e-type=\"widget\" data-widget_type=\"image-gallery.default\">\n\t\t\t\t<div class=\"elementor-widget-container\">\n\t\t\t\t\t\t\t<div class=\"elementor-image-gallery\">\n\t\t\t<div id='gallery-1' class='gallery galleryid-6594 gallery-columns-4 gallery-size-thumbnail'><figure class='gallery-item'>\n\t\t\t<div class='gallery-icon landscape'>\n\t\t\t\t<a data-elementor-open-lightbox=\"yes\" data-elementor-lightbox-slideshow=\"2b48242\" data-elementor-lightbox-title=\"20240402_151525\" data-e-action-hash=\"#elementor-action%3Aaction%3Dlightbox%26settings%3DeyJpZCI6NjU5OCwidXJsIjoiaHR0cHM6XC9cL2Jlc2t5ZHJlbnQuY3pcL3dwLWNvbnRlbnRcL3VwbG9hZHNcLzIwMjRcLzA0XC8yMDI0MDQwMl8xNTE1MjUtc2NhbGVkLmpwZyIsInNsaWRlc2hvdyI6IjJiNDgyNDIifQ%3D%3D\" href='https:\/\/beskydrent.cz\/wp-content\/uploads\/2024\/04\/20240402_151525-scaled.jpg'><img decoding=\"async\" width=\"150\" height=\"150\" src=\"https:\/\/beskydrent.cz\/wp-content\/uploads\/2024\/04\/20240402_151525-150x150.jpg\" class=\"attachment-thumbnail size-thumbnail\" alt=\"\" srcset=\"https:\/\/beskydrent.cz\/wp-content\/uploads\/2024\/04\/20240402_151525-150x150.jpg 150w, https:\/\/beskydrent.cz\/wp-content\/uploads\/2024\/04\/20240402_151525-600x600.jpg 600w\" sizes=\"(max-width: 150px) 100vw, 150px\" \/><\/a>\n\t\t\t<\/div><\/figure><figure class='gallery-item'>\n\t\t\t<div class='gallery-icon landscape'>\n\t\t\t\t<a data-elementor-open-lightbox=\"yes\" data-elementor-lightbox-slideshow=\"2b48242\" data-elementor-lightbox-title=\"20240402_151606\" data-e-action-hash=\"#elementor-action%3Aaction%3Dlightbox%26settings%3DeyJpZCI6NjU5OSwidXJsIjoiaHR0cHM6XC9cL2Jlc2t5ZHJlbnQuY3pcL3dwLWNvbnRlbnRcL3VwbG9hZHNcLzIwMjRcLzA0XC8yMDI0MDQwMl8xNTE2MDYtc2NhbGVkLmpwZyIsInNsaWRlc2hvdyI6IjJiNDgyNDIifQ%3D%3D\" href='https:\/\/beskydrent.cz\/wp-content\/uploads\/2024\/04\/20240402_151606-scaled.jpg'><img decoding=\"async\" width=\"150\" height=\"150\" src=\"https:\/\/beskydrent.cz\/wp-content\/uploads\/2024\/04\/20240402_151606-150x150.jpg\" class=\"attachment-thumbnail size-thumbnail\" alt=\"\" srcset=\"https:\/\/beskydrent.cz\/wp-content\/uploads\/2024\/04\/20240402_151606-150x150.jpg 150w, https:\/\/beskydrent.cz\/wp-content\/uploads\/2024\/04\/20240402_151606-600x600.jpg 600w\" sizes=\"(max-width: 150px) 100vw, 150px\" \/><\/a>\n\t\t\t<\/div><\/figure><figure class='gallery-item'>\n\t\t\t<div class='gallery-icon landscape'>\n\t\t\t\t<a data-elementor-open-lightbox=\"yes\" data-elementor-lightbox-slideshow=\"2b48242\" data-elementor-lightbox-title=\"20240402_151347\" data-e-action-hash=\"#elementor-action%3Aaction%3Dlightbox%26settings%3DeyJpZCI6NjU5NywidXJsIjoiaHR0cHM6XC9cL2Jlc2t5ZHJlbnQuY3pcL3dwLWNvbnRlbnRcL3VwbG9hZHNcLzIwMjRcLzA0XC8yMDI0MDQwMl8xNTEzNDctc2NhbGVkLmpwZyIsInNsaWRlc2hvdyI6IjJiNDgyNDIifQ%3D%3D\" href='https:\/\/beskydrent.cz\/wp-content\/uploads\/2024\/04\/20240402_151347-scaled.jpg'><img loading=\"lazy\" decoding=\"async\" width=\"150\" height=\"150\" src=\"https:\/\/beskydrent.cz\/wp-content\/uploads\/2024\/04\/20240402_151347-150x150.jpg\" class=\"attachment-thumbnail size-thumbnail\" alt=\"\" srcset=\"https:\/\/beskydrent.cz\/wp-content\/uploads\/2024\/04\/20240402_151347-150x150.jpg 150w, https:\/\/beskydrent.cz\/wp-content\/uploads\/2024\/04\/20240402_151347-600x600.jpg 600w\" sizes=\"(max-width: 150px) 100vw, 150px\" \/><\/a>\n\t\t\t<\/div><\/figure>\n\t\t<\/div>\n\t\t<\/div>\n\t\t\t\t\t\t<\/div>\n\t\t\t\t<\/div>\n\t\t\t\t\t<\/div>\n\t\t<\/div>\n\t\t\t\t\t<\/div>\n\t\t<\/section>\n\t\t\t\t<section class=\"elementor-section elementor-top-section elementor-element elementor-element-3f66f353 elementor-section-boxed elementor-section-height-default elementor-section-height-default\" data-id=\"3f66f353\" data-element_type=\"section\" data-e-type=\"section\">\n\t\t\t\t\t\t<div class=\"elementor-container elementor-column-gap-default\">\n\t\t\t\t\t<div class=\"elementor-column elementor-col-100 elementor-top-column elementor-element elementor-element-2e6cb016\" data-id=\"2e6cb016\" data-element_type=\"column\" data-e-type=\"column\">\n\t\t\t<div class=\"elementor-widget-wrap elementor-element-populated\">\n\t\t\t\t\t\t<div class=\"elementor-element elementor-element-53b79543 elementor-align-center elementor-widget elementor-widget-button\" data-id=\"53b79543\" data-element_type=\"widget\" data-e-type=\"widget\" data-widget_type=\"button.default\">\n\t\t\t\t<div class=\"elementor-widget-container\">\n\t\t\t\t\t\t\t\t\t<div class=\"elementor-button-wrapper\">\n\t\t\t\t\t<a class=\"elementor-button elementor-button-link elementor-size-xl\" href=\"https:\/\/beskydrent.cz\">\n\t\t\t\t\t\t<span class=\"elementor-button-content-wrapper\">\n\t\t\t\t\t\t<span class=\"elementor-button-icon\">\n\t\t\t\t<i aria-hidden=\"true\" class=\"fas fa-home\"><\/i>\t\t\t<\/span>\n\t\t\t\t\t\t\t\t\t<span class=\"elementor-button-text\">na hlavn\u00ed str\u00e1nku<\/span>\n\t\t\t\t\t<\/span>\n\t\t\t\t\t<\/a>\n\t\t\t\t<\/div>\n\t\t\t\t\t\t\t\t<\/div>\n\t\t\t\t<\/div>\n\t\t\t\t\t<\/div>\n\t\t<\/div>\n\t\t\t\t\t<\/div>\n\t\t<\/section>\n\t\t\t\t<\/div>\n\t\t","protected":false},"excerpt":{"rendered":"<p>Stolov\u00e1 pila pro \u0159ez keramiky s d\u00e9lkou \u0159ezu a\u017e 610 mm. Pila pro \u0159ez stavebn\u00edch materi\u00e1l\u016f typu cihla, betonov\u00e9 dla\u017eby s nakl\u00e1p\u011bn\u00edm i bez nakl\u00e1p\u011bn\u00ed.\u00a0Opot\u0159eben\u00ed kotou\u010de 300 K\u010d \/ 1 mm typ:Stolov\u00e1 pila DA A 44\u00a0 ot\u00e1\u010dky:2800 ot\/min max. pr\u016fm\u011br n\u00e1stroje:350 mm d\u00e9lka \u0159ezu:610 mm hloubka \u0159ezu:110 mm Cen\u00edk p\u016fj\u010dovn\u00e9ho Janovice a Sedlnice na hlavn\u00ed [&hellip;]<\/p>\n","protected":false},"author":5,"featured_media":0,"parent":342,"menu_order":0,"comment_status":"closed","ping_status":"closed","template":"elementor_header_footer","meta":{"ocean_post_layout":"","ocean_both_sidebars_style":"","ocean_both_sidebars_content_width":0,"ocean_both_sidebars_sidebars_width":0,"ocean_sidebar":"","ocean_second_sidebar":"","ocean_disable_margins":"enable","ocean_add_body_class":"","ocean_shortcode_before_top_bar":"","ocean_shortcode_after_top_bar":"","ocean_shortcode_before_header":"","ocean_shortcode_after_header":"","ocean_has_shortcode":"","ocean_shortcode_after_title":"","ocean_shortcode_before_footer_widgets":"","ocean_shortcode_after_footer_widgets":"","ocean_shortcode_before_footer_bottom":"","ocean_shortcode_after_footer_bottom":"","ocean_display_top_bar":"default","ocean_display_header":"default","ocean_header_style":"","ocean_center_header_left_menu":"","ocean_custom_header_template":"","ocean_custom_logo":0,"ocean_custom_retina_logo":0,"ocean_custom_logo_max_width":0,"ocean_custom_logo_tablet_max_width":0,"ocean_custom_logo_mobile_max_width":0,"ocean_custom_logo_max_height":0,"ocean_custom_logo_tablet_max_height":0,"ocean_custom_logo_mobile_max_height":0,"ocean_header_custom_menu":"","ocean_menu_typo_font_family":"","ocean_menu_typo_font_subset":"","ocean_menu_typo_font_size":0,"ocean_menu_typo_font_size_tablet":0,"ocean_menu_typo_font_size_mobile":0,"ocean_menu_typo_font_size_unit":"px","ocean_menu_typo_font_weight":"","ocean_menu_typo_font_weight_tablet":"","ocean_menu_typo_font_weight_mobile":"","ocean_menu_typo_transform":"","ocean_menu_typo_transform_tablet":"","ocean_menu_typo_transform_mobile":"","ocean_menu_typo_line_height":0,"ocean_menu_typo_line_height_tablet":0,"ocean_menu_typo_line_height_mobile":0,"ocean_menu_typo_line_height_unit":"","ocean_menu_typo_spacing":0,"ocean_menu_typo_spacing_tablet":0,"ocean_menu_typo_spacing_mobile":0,"ocean_menu_typo_spacing_unit":"","ocean_menu_link_color":"","ocean_menu_link_color_hover":"","ocean_menu_link_color_active":"","ocean_menu_link_background":"","ocean_menu_link_hover_background":"","ocean_menu_link_active_background":"","ocean_menu_social_links_bg":"","ocean_menu_social_hover_links_bg":"","ocean_menu_social_links_color":"","ocean_menu_social_hover_links_color":"","ocean_disable_title":"default","ocean_disable_heading":"default","ocean_post_title":"","ocean_post_subheading":"","ocean_post_title_style":"","ocean_post_title_background_color":"","ocean_post_title_background":0,"ocean_post_title_bg_image_position":"","ocean_post_title_bg_image_attachment":"","ocean_post_title_bg_image_repeat":"","ocean_post_title_bg_image_size":"","ocean_post_title_height":0,"ocean_post_title_bg_overlay":0.5,"ocean_post_title_bg_overlay_color":"","ocean_disable_breadcrumbs":"default","ocean_breadcrumbs_color":"","ocean_breadcrumbs_separator_color":"","ocean_breadcrumbs_links_color":"","ocean_breadcrumbs_links_hover_color":"","ocean_display_footer_widgets":"default","ocean_display_footer_bottom":"default","ocean_custom_footer_template":"","footnotes":""},"class_list":["post-6594","page","type-page","status-publish","hentry","entry"],"_links":{"self":[{"href":"https:\/\/beskydrent.cz\/index.php\/wp-json\/wp\/v2\/pages\/6594","targetHints":{"allow":["GET"]}}],"collection":[{"href":"https:\/\/beskydrent.cz\/index.php\/wp-json\/wp\/v2\/pages"}],"about":[{"href":"https:\/\/beskydrent.cz\/index.php\/wp-json\/wp\/v2\/types\/page"}],"author":[{"embeddable":true,"href":"https:\/\/beskydrent.cz\/index.php\/wp-json\/wp\/v2\/users\/5"}],"replies":[{"embeddable":true,"href":"https:\/\/beskydrent.cz\/index.php\/wp-json\/wp\/v2\/comments?post=6594"}],"version-history":[{"count":5,"href":"https:\/\/beskydrent.cz\/index.php\/wp-json\/wp\/v2\/pages\/6594\/revisions"}],"predecessor-version":[{"id":93295,"href":"https:\/\/beskydrent.cz\/index.php\/wp-json\/wp\/v2\/pages\/6594\/revisions\/93295"}],"up":[{"embeddable":true,"href":"https:\/\/beskydrent.cz\/index.php\/wp-json\/wp\/v2\/pages\/342"}],"wp:attachment":[{"href":"https:\/\/beskydrent.cz\/index.php\/wp-json\/wp\/v2\/media?parent=6594"}],"curies":[{"name":"wp","href":"https:\/\/api.w.org\/{rel}","templated":true}]}}