{"id":813,"date":"2021-09-16T09:43:10","date_gmt":"2021-09-16T09:43:10","guid":{"rendered":"http:\/\/beskydrent.cz\/?page_id=813"},"modified":"2025-04-25T06:15:30","modified_gmt":"2025-04-25T06:15:30","slug":"bagr-xn12","status":"publish","type":"page","link":"https:\/\/beskydrent.cz\/index.php\/beskydrent\/bagry\/bagr-xn12\/","title":{"rendered":"bagr XN12"},"content":{"rendered":"\t\t<div data-elementor-type=\"wp-page\" data-elementor-id=\"813\" class=\"elementor elementor-813\">\n\t\t\t\t\t\t<section class=\"elementor-section elementor-top-section elementor-element elementor-element-2d7343ba elementor-section-boxed elementor-section-height-default elementor-section-height-default\" data-id=\"2d7343ba\" data-element_type=\"section\" data-e-type=\"section\">\n\t\t\t\t\t\t<div class=\"elementor-container elementor-column-gap-default\">\n\t\t\t\t\t<div class=\"elementor-column elementor-col-66 elementor-top-column elementor-element elementor-element-a5edbf1\" data-id=\"a5edbf1\" data-element_type=\"column\" data-e-type=\"column\">\n\t\t\t<div class=\"elementor-widget-wrap elementor-element-populated\">\n\t\t\t\t\t\t<div class=\"elementor-element elementor-element-2e7097b7 elementor-widget elementor-widget-image\" data-id=\"2e7097b7\" data-element_type=\"widget\" data-e-type=\"widget\" data-widget_type=\"image.default\">\n\t\t\t\t<div class=\"elementor-widget-container\">\n\t\t\t\t\t\t\t\t\t\t\t\t\t\t\t<img fetchpriority=\"high\" decoding=\"async\" width=\"1024\" height=\"576\" src=\"https:\/\/beskydrent.cz\/wp-content\/uploads\/2025\/04\/Bez-nazvu-1-1024x576.jpg\" class=\"attachment-large size-large wp-image-93311\" alt=\"\" srcset=\"https:\/\/beskydrent.cz\/wp-content\/uploads\/2025\/04\/Bez-nazvu-1-1024x576.jpg 1024w, https:\/\/beskydrent.cz\/wp-content\/uploads\/2025\/04\/Bez-nazvu-1-300x169.jpg 300w, https:\/\/beskydrent.cz\/wp-content\/uploads\/2025\/04\/Bez-nazvu-1-768x432.jpg 768w, https:\/\/beskydrent.cz\/wp-content\/uploads\/2025\/04\/Bez-nazvu-1-800x450.jpg 800w, https:\/\/beskydrent.cz\/wp-content\/uploads\/2025\/04\/Bez-nazvu-1.jpg 1290w\" sizes=\"(max-width: 1024px) 100vw, 1024px\" \/>\t\t\t\t\t\t\t\t\t\t\t\t\t\t\t<\/div>\n\t\t\t\t<\/div>\n\t\t\t\t\t<\/div>\n\t\t<\/div>\n\t\t\t\t<div class=\"elementor-column elementor-col-33 elementor-top-column elementor-element elementor-element-54ab6685\" data-id=\"54ab6685\" data-element_type=\"column\" data-e-type=\"column\">\n\t\t\t<div class=\"elementor-widget-wrap elementor-element-populated\">\n\t\t\t\t\t\t<div class=\"elementor-element elementor-element-58a9c44b elementor-widget elementor-widget-text-editor\" data-id=\"58a9c44b\" data-element_type=\"widget\" data-e-type=\"widget\" data-widget_type=\"text-editor.default\">\n\t\t\t\t<div class=\"elementor-widget-container\">\n\t\t\t\t\t\t\t\t\t<p style=\"text-align: center;\"><span style=\"font-size: 14px;\">Typ:<br><\/span><strong style=\"font-size: 14px;\">Rhinoceros XN12<\/strong><\/p>\n<p style=\"text-align: center;\">Rozm\u011bry:<br><strong>1877 x 896 x 1990 mm<\/strong><\/p>\n<p style=\"text-align: center;\">Hmotnost:<br><strong>1200 kg<\/strong><\/p>\n<p style=\"text-align: center;\">V\u00fdkon motoru:<br><strong>Kubota 10 kW<\/strong><\/p>\n<p style=\"text-align: center;\">Max. hloubka kop\u00e1n\u00ed:<br><strong>1650 mm<\/strong><\/p>\n<p style=\"text-align: center;\">Max. v\u00fdsypn\u00e1 v\u00fd\u0161ka:<br><strong>1655 mm<\/strong><\/p>\n<p style=\"text-align: center;\">Max. polom\u011br kop\u00e1n\u00ed na zemi<br><strong>2560 mm<\/strong><\/p>\t\t\t\t\t\t\t\t<\/div>\n\t\t\t\t<\/div>\n\t\t\t\t<div class=\"elementor-element elementor-element-fd83fae elementor-widget elementor-widget-text-editor\" data-id=\"fd83fae\" data-element_type=\"widget\" data-e-type=\"widget\" data-widget_type=\"text-editor.default\">\n\t\t\t\t<div class=\"elementor-widget-container\">\n\t\t\t\t\t\t\t\t\t<p><strong>Cen\u00edk p\u016fj\u010dovny \u2013 pobo\u010dky Janovice a Sedlnice<\/strong><br \/>Uveden\u00e9 ceny jsou bez DPH, 1 den = 8 mth<\/p><table style=\"height: 36px; width: 100%; border-collapse: collapse; background-color: #e0e0e0;\" border=\"1\" cellpadding=\"6\"><tbody><tr style=\"height: 18px;\"><td style=\"width: 20%; height: 18px;\"><strong>1 den<\/strong><\/td><td style=\"width: 20%; height: 18px;\"><strong>3-7 dn\u016f<\/strong><\/td><td style=\"width: 20%; height: 18px;\"><strong>7 a v\u00edce<\/strong><\/td><td style=\"width: 20%; height: 18px;\"><strong>1-4 h<\/strong><\/td><td style=\"width: 20%; height: 18px;\"><strong>Jistina<\/strong><\/td><\/tr><tr style=\"height: 18px;\"><td style=\"width: 20%; height: 18px;\">1.900 ,-<\/td><td style=\"width: 20%; height: 18px;\">1.710,-<\/td><td style=\"width: 20%; height: 18px;\">1.615,-<\/td><td style=\"width: 20%; height: 18px;\">1.000,-<\/td><td style=\"width: 20%; height: 18px;\">30.000,-<\/td><\/tr><\/tbody><\/table>\t\t\t\t\t\t\t\t<\/div>\n\t\t\t\t<\/div>\n\t\t\t\t<div class=\"elementor-element elementor-element-06bb1e0 elementor-align-justify elementor-widget elementor-widget-button\" data-id=\"06bb1e0\" data-element_type=\"widget\" data-e-type=\"widget\" data-widget_type=\"button.default\">\n\t\t\t\t<div class=\"elementor-widget-container\">\n\t\t\t\t\t\t\t\t\t<div class=\"elementor-button-wrapper\">\n\t\t\t\t\t<a class=\"elementor-button elementor-button-link elementor-size-md\" href=\"https:\/\/beskydrent.cz\/index.php\/cenik\/\">\n\t\t\t\t\t\t<span class=\"elementor-button-content-wrapper\">\n\t\t\t\t\t\t\t\t\t<span class=\"elementor-button-text\">Cen\u00edk p\u016fj\u010dovn\u00e9ho Janovice a Sedlnice<\/span>\n\t\t\t\t\t<\/span>\n\t\t\t\t\t<\/a>\n\t\t\t\t<\/div>\n\t\t\t\t\t\t\t\t<\/div>\n\t\t\t\t<\/div>\n\t\t\t\t\t<\/div>\n\t\t<\/div>\n\t\t\t\t\t<\/div>\n\t\t<\/section>\n\t\t\t\t<section class=\"elementor-section elementor-top-section elementor-element elementor-element-a447a31 elementor-section-boxed elementor-section-height-default elementor-section-height-default\" data-id=\"a447a31\" data-element_type=\"section\" data-e-type=\"section\">\n\t\t\t\t\t\t<div class=\"elementor-container elementor-column-gap-default\">\n\t\t\t\t\t<div class=\"elementor-column elementor-col-100 elementor-top-column elementor-element elementor-element-2cf028d\" data-id=\"2cf028d\" data-element_type=\"column\" data-e-type=\"column\">\n\t\t\t<div class=\"elementor-widget-wrap elementor-element-populated\">\n\t\t\t\t\t\t<div class=\"elementor-element elementor-element-c104969 elementor-widget elementor-widget-heading\" data-id=\"c104969\" data-element_type=\"widget\" data-e-type=\"widget\" data-widget_type=\"heading.default\">\n\t\t\t\t<div class=\"elementor-widget-container\">\n\t\t\t\t\t<h3 class=\"elementor-heading-title elementor-size-default\">P\u0159\u00edslu\u0161enstv\u00ed<\/h3>\t\t\t\t<\/div>\n\t\t\t\t<\/div>\n\t\t\t\t\t<\/div>\n\t\t<\/div>\n\t\t\t\t\t<\/div>\n\t\t<\/section>\n\t\t\t\t<section class=\"elementor-section elementor-top-section elementor-element elementor-element-6a86ee9d elementor-section-boxed elementor-section-height-default elementor-section-height-default\" data-id=\"6a86ee9d\" data-element_type=\"section\" data-e-type=\"section\">\n\t\t\t\t\t\t<div class=\"elementor-container elementor-column-gap-default\">\n\t\t\t\t\t<div class=\"elementor-column elementor-col-25 elementor-top-column elementor-element elementor-element-649dfac7\" data-id=\"649dfac7\" data-element_type=\"column\" data-e-type=\"column\">\n\t\t\t<div class=\"elementor-widget-wrap elementor-element-populated\">\n\t\t\t\t\t\t<div class=\"elementor-element elementor-element-302c7b79 elementor-position-top elementor-widget elementor-widget-image-box\" data-id=\"302c7b79\" data-element_type=\"widget\" data-e-type=\"widget\" data-widget_type=\"image-box.default\">\n\t\t\t\t<div class=\"elementor-widget-container\">\n\t\t\t\t\t<div class=\"elementor-image-box-wrapper\"><figure class=\"elementor-image-box-img\"><img decoding=\"async\" src=\"https:\/\/beskydrent.cz\/wp-content\/uploads\/2021\/09\/lzice21.jpg\" title=\"\" alt=\"\" loading=\"lazy\" \/><\/figure><div class=\"elementor-image-box-content\"><h3 class=\"elementor-image-box-title\">l\u017e\u00edce 21cm<\/h3><\/div><\/div>\t\t\t\t<\/div>\n\t\t\t\t<\/div>\n\t\t\t\t\t<\/div>\n\t\t<\/div>\n\t\t\t\t<div class=\"elementor-column elementor-col-25 elementor-top-column elementor-element elementor-element-1f65f808\" data-id=\"1f65f808\" data-element_type=\"column\" data-e-type=\"column\">\n\t\t\t<div class=\"elementor-widget-wrap elementor-element-populated\">\n\t\t\t\t\t\t<div class=\"elementor-element elementor-element-9806503 elementor-position-top elementor-widget elementor-widget-image-box\" data-id=\"9806503\" data-element_type=\"widget\" data-e-type=\"widget\" data-widget_type=\"image-box.default\">\n\t\t\t\t<div class=\"elementor-widget-container\">\n\t\t\t\t\t<div class=\"elementor-image-box-wrapper\"><figure class=\"elementor-image-box-img\"><img decoding=\"async\" src=\"https:\/\/beskydrent.cz\/wp-content\/uploads\/2021\/09\/lzice47.jpg\" title=\"\" alt=\"\" loading=\"lazy\" \/><\/figure><div class=\"elementor-image-box-content\"><h3 class=\"elementor-image-box-title\">l\u017e\u00edce 47cm<\/h3><\/div><\/div>\t\t\t\t<\/div>\n\t\t\t\t<\/div>\n\t\t\t\t\t<\/div>\n\t\t<\/div>\n\t\t\t\t<div class=\"elementor-column elementor-col-25 elementor-top-column elementor-element elementor-element-5ff6a332\" data-id=\"5ff6a332\" data-element_type=\"column\" data-e-type=\"column\">\n\t\t\t<div class=\"elementor-widget-wrap elementor-element-populated\">\n\t\t\t\t\t\t<div class=\"elementor-element elementor-element-4ae1f88b elementor-position-top elementor-widget elementor-widget-image-box\" data-id=\"4ae1f88b\" data-element_type=\"widget\" data-e-type=\"widget\" data-widget_type=\"image-box.default\">\n\t\t\t\t<div class=\"elementor-widget-container\">\n\t\t\t\t\t<div class=\"elementor-image-box-wrapper\"><figure class=\"elementor-image-box-img\"><img decoding=\"async\" src=\"https:\/\/beskydrent.cz\/wp-content\/uploads\/2021\/09\/lzice78.jpg\" title=\"\" alt=\"\" loading=\"lazy\" \/><\/figure><div class=\"elementor-image-box-content\"><h3 class=\"elementor-image-box-title\">svahov\u00e1 78cm<\/h3><\/div><\/div>\t\t\t\t<\/div>\n\t\t\t\t<\/div>\n\t\t\t\t\t<\/div>\n\t\t<\/div>\n\t\t\t\t<div class=\"elementor-column elementor-col-25 elementor-top-column elementor-element elementor-element-3a24fc42\" data-id=\"3a24fc42\" data-element_type=\"column\" data-e-type=\"column\">\n\t\t\t<div class=\"elementor-widget-wrap elementor-element-populated\">\n\t\t\t\t\t\t<div class=\"elementor-element elementor-element-1ed95e63 elementor-position-top elementor-widget elementor-widget-image-box\" data-id=\"1ed95e63\" data-element_type=\"widget\" data-e-type=\"widget\" data-widget_type=\"image-box.default\">\n\t\t\t\t<div class=\"elementor-widget-container\">\n\t\t\t\t\t<div class=\"elementor-image-box-wrapper\"><figure class=\"elementor-image-box-img\"><img decoding=\"async\" src=\"https:\/\/beskydrent.cz\/wp-content\/uploads\/2021\/09\/bagrvrtak.jpg\" title=\"\" alt=\"\" loading=\"lazy\" \/><\/figure><div class=\"elementor-image-box-content\"><h3 class=\"elementor-image-box-title\">p\u016fdn\u00ed vrt\u00e1k  \u00d820cm<\/h3><\/div><\/div>\t\t\t\t<\/div>\n\t\t\t\t<\/div>\n\t\t\t\t\t<\/div>\n\t\t<\/div>\n\t\t\t\t\t<\/div>\n\t\t<\/section>\n\t\t\t\t<section class=\"elementor-section elementor-top-section elementor-element elementor-element-23f29d79 elementor-section-boxed elementor-section-height-default elementor-section-height-default\" data-id=\"23f29d79\" data-element_type=\"section\" data-e-type=\"section\">\n\t\t\t\t\t\t<div class=\"elementor-container elementor-column-gap-default\">\n\t\t\t\t\t<div class=\"elementor-column elementor-col-100 elementor-top-column elementor-element elementor-element-676ff2f0\" data-id=\"676ff2f0\" data-element_type=\"column\" data-e-type=\"column\">\n\t\t\t<div class=\"elementor-widget-wrap elementor-element-populated\">\n\t\t\t\t\t\t<div class=\"elementor-element elementor-element-5a1a09c0 elementor-widget elementor-widget-image-gallery\" data-id=\"5a1a09c0\" data-element_type=\"widget\" data-e-type=\"widget\" data-widget_type=\"image-gallery.default\">\n\t\t\t\t<div class=\"elementor-widget-container\">\n\t\t\t\t\t\t\t<div class=\"elementor-image-gallery\">\n\t\t\t\t\t<\/div>\n\t\t\t\t\t\t<\/div>\n\t\t\t\t<\/div>\n\t\t\t\t\t<\/div>\n\t\t<\/div>\n\t\t\t\t\t<\/div>\n\t\t<\/section>\n\t\t\t\t<section class=\"elementor-section elementor-top-section elementor-element elementor-element-10a320dc elementor-section-boxed elementor-section-height-default elementor-section-height-default\" data-id=\"10a320dc\" data-element_type=\"section\" data-e-type=\"section\">\n\t\t\t\t\t\t<div class=\"elementor-container elementor-column-gap-default\">\n\t\t\t\t\t<div class=\"elementor-column elementor-col-100 elementor-top-column elementor-element elementor-element-9097a6e\" data-id=\"9097a6e\" data-element_type=\"column\" data-e-type=\"column\">\n\t\t\t<div class=\"elementor-widget-wrap elementor-element-populated\">\n\t\t\t\t\t\t<div class=\"elementor-element elementor-element-3bf597f7 elementor-align-center elementor-widget elementor-widget-button\" data-id=\"3bf597f7\" data-element_type=\"widget\" data-e-type=\"widget\" data-widget_type=\"button.default\">\n\t\t\t\t<div class=\"elementor-widget-container\">\n\t\t\t\t\t\t\t\t\t<div class=\"elementor-button-wrapper\">\n\t\t\t\t\t<a class=\"elementor-button elementor-button-link elementor-size-xl\" href=\"https:\/\/beskydrent.cz\">\n\t\t\t\t\t\t<span class=\"elementor-button-content-wrapper\">\n\t\t\t\t\t\t<span class=\"elementor-button-icon\">\n\t\t\t\t<i aria-hidden=\"true\" class=\"fas fa-home\"><\/i>\t\t\t<\/span>\n\t\t\t\t\t\t\t\t\t<span class=\"elementor-button-text\">na hlavn\u00ed str\u00e1nku<\/span>\n\t\t\t\t\t<\/span>\n\t\t\t\t\t<\/a>\n\t\t\t\t<\/div>\n\t\t\t\t\t\t\t\t<\/div>\n\t\t\t\t<\/div>\n\t\t\t\t\t<\/div>\n\t\t<\/div>\n\t\t\t\t\t<\/div>\n\t\t<\/section>\n\t\t\t\t<\/div>\n\t\t","protected":false},"excerpt":{"rendered":"<p>Typ:Rhinoceros XN12 Rozm\u011bry:1877 x 896 x 1990 mm Hmotnost:1200 kg V\u00fdkon motoru:Kubota 10 kW Max. hloubka kop\u00e1n\u00ed:1650 mm Max. v\u00fdsypn\u00e1 v\u00fd\u0161ka:1655 mm Max. polom\u011br kop\u00e1n\u00ed na zemi2560 mm Cen\u00edk p\u016fj\u010dovny \u2013 pobo\u010dky Janovice a SedlniceUveden\u00e9 ceny jsou bez DPH, 1 den = 8 mth 1 den 3-7 dn\u016f 7 a v\u00edce 1-4 h Jistina 1.900 [&hellip;]<\/p>\n","protected":false},"author":1,"featured_media":0,"parent":372,"menu_order":3,"comment_status":"closed","ping_status":"closed","template":"elementor_header_footer","meta":{"ocean_post_layout":"","ocean_both_sidebars_style":"","ocean_both_sidebars_content_width":0,"ocean_both_sidebars_sidebars_width":0,"ocean_sidebar":"","ocean_second_sidebar":"","ocean_disable_margins":"enable","ocean_add_body_class":"","ocean_shortcode_before_top_bar":"","ocean_shortcode_after_top_bar":"","ocean_shortcode_before_header":"","ocean_shortcode_after_header":"","ocean_has_shortcode":"","ocean_shortcode_after_title":"","ocean_shortcode_before_footer_widgets":"","ocean_shortcode_after_footer_widgets":"","ocean_shortcode_before_footer_bottom":"","ocean_shortcode_after_footer_bottom":"","ocean_display_top_bar":"default","ocean_display_header":"default","ocean_header_style":"","ocean_center_header_left_menu":"","ocean_custom_header_template":"","ocean_custom_logo":0,"ocean_custom_retina_logo":0,"ocean_custom_logo_max_width":0,"ocean_custom_logo_tablet_max_width":0,"ocean_custom_logo_mobile_max_width":0,"ocean_custom_logo_max_height":0,"ocean_custom_logo_tablet_max_height":0,"ocean_custom_logo_mobile_max_height":0,"ocean_header_custom_menu":"","ocean_menu_typo_font_family":"","ocean_menu_typo_font_subset":"","ocean_menu_typo_font_size":0,"ocean_menu_typo_font_size_tablet":0,"ocean_menu_typo_font_size_mobile":0,"ocean_menu_typo_font_size_unit":"px","ocean_menu_typo_font_weight":"","ocean_menu_typo_font_weight_tablet":"","ocean_menu_typo_font_weight_mobile":"","ocean_menu_typo_transform":"","ocean_menu_typo_transform_tablet":"","ocean_menu_typo_transform_mobile":"","ocean_menu_typo_line_height":0,"ocean_menu_typo_line_height_tablet":0,"ocean_menu_typo_line_height_mobile":0,"ocean_menu_typo_line_height_unit":"","ocean_menu_typo_spacing":0,"ocean_menu_typo_spacing_tablet":0,"ocean_menu_typo_spacing_mobile":0,"ocean_menu_typo_spacing_unit":"","ocean_menu_link_color":"","ocean_menu_link_color_hover":"","ocean_menu_link_color_active":"","ocean_menu_link_background":"","ocean_menu_link_hover_background":"","ocean_menu_link_active_background":"","ocean_menu_social_links_bg":"","ocean_menu_social_hover_links_bg":"","ocean_menu_social_links_color":"","ocean_menu_social_hover_links_color":"","ocean_disable_title":"default","ocean_disable_heading":"default","ocean_post_title":"","ocean_post_subheading":"","ocean_post_title_style":"","ocean_post_title_background_color":"","ocean_post_title_background":0,"ocean_post_title_bg_image_position":"","ocean_post_title_bg_image_attachment":"","ocean_post_title_bg_image_repeat":"","ocean_post_title_bg_image_size":"","ocean_post_title_height":0,"ocean_post_title_bg_overlay":0.5,"ocean_post_title_bg_overlay_color":"","ocean_disable_breadcrumbs":"default","ocean_breadcrumbs_color":"","ocean_breadcrumbs_separator_color":"","ocean_breadcrumbs_links_color":"","ocean_breadcrumbs_links_hover_color":"","ocean_display_footer_widgets":"default","ocean_display_footer_bottom":"default","ocean_custom_footer_template":"","footnotes":""},"class_list":["post-813","page","type-page","status-publish","hentry","entry"],"_links":{"self":[{"href":"https:\/\/beskydrent.cz\/index.php\/wp-json\/wp\/v2\/pages\/813","targetHints":{"allow":["GET"]}}],"collection":[{"href":"https:\/\/beskydrent.cz\/index.php\/wp-json\/wp\/v2\/pages"}],"about":[{"href":"https:\/\/beskydrent.cz\/index.php\/wp-json\/wp\/v2\/types\/page"}],"author":[{"embeddable":true,"href":"https:\/\/beskydrent.cz\/index.php\/wp-json\/wp\/v2\/users\/1"}],"replies":[{"embeddable":true,"href":"https:\/\/beskydrent.cz\/index.php\/wp-json\/wp\/v2\/comments?post=813"}],"version-history":[{"count":3,"href":"https:\/\/beskydrent.cz\/index.php\/wp-json\/wp\/v2\/pages\/813\/revisions"}],"predecessor-version":[{"id":93315,"href":"https:\/\/beskydrent.cz\/index.php\/wp-json\/wp\/v2\/pages\/813\/revisions\/93315"}],"up":[{"embeddable":true,"href":"https:\/\/beskydrent.cz\/index.php\/wp-json\/wp\/v2\/pages\/372"}],"wp:attachment":[{"href":"https:\/\/beskydrent.cz\/index.php\/wp-json\/wp\/v2\/media?parent=813"}],"curies":[{"name":"wp","href":"https:\/\/api.w.org\/{rel}","templated":true}]}}