{"id":917,"date":"2021-09-17T06:23:06","date_gmt":"2021-09-17T06:23:06","guid":{"rendered":"http:\/\/beskydrent.cz\/?page_id=917"},"modified":"2025-05-27T07:37:43","modified_gmt":"2025-05-27T07:37:43","slug":"vibracni-valec-hladky","status":"publish","type":"page","link":"https:\/\/beskydrent.cz\/index.php\/beskydrent\/vibracni-valec-hladky\/","title":{"rendered":"vibra\u010dn\u00ed v\u00e1lec WRR10"},"content":{"rendered":"\t\t<div data-elementor-type=\"wp-page\" data-elementor-id=\"917\" class=\"elementor elementor-917\">\n\t\t\t\t\t\t<section class=\"elementor-section elementor-top-section elementor-element elementor-element-120814c8 elementor-section-boxed elementor-section-height-default elementor-section-height-default\" data-id=\"120814c8\" data-element_type=\"section\" data-e-type=\"section\">\n\t\t\t\t\t\t<div class=\"elementor-container elementor-column-gap-default\">\n\t\t\t\t\t<div class=\"elementor-column elementor-col-66 elementor-top-column elementor-element elementor-element-3c130e07\" data-id=\"3c130e07\" data-element_type=\"column\" data-e-type=\"column\">\n\t\t\t<div class=\"elementor-widget-wrap elementor-element-populated\">\n\t\t\t\t\t\t<div class=\"elementor-element elementor-element-727a2047 elementor-widget elementor-widget-image\" data-id=\"727a2047\" data-element_type=\"widget\" data-e-type=\"widget\" data-widget_type=\"image.default\">\n\t\t\t\t<div class=\"elementor-widget-container\">\n\t\t\t\t\t\t\t\t\t\t\t\t\t\t\t<img fetchpriority=\"high\" decoding=\"async\" width=\"1024\" height=\"576\" src=\"https:\/\/beskydrent.cz\/wp-content\/uploads\/2025\/04\/Bez-nazvu-1-1024x576.jpg\" class=\"attachment-large size-large wp-image-93311\" alt=\"\" srcset=\"https:\/\/beskydrent.cz\/wp-content\/uploads\/2025\/04\/Bez-nazvu-1-1024x576.jpg 1024w, https:\/\/beskydrent.cz\/wp-content\/uploads\/2025\/04\/Bez-nazvu-1-300x169.jpg 300w, https:\/\/beskydrent.cz\/wp-content\/uploads\/2025\/04\/Bez-nazvu-1-768x432.jpg 768w, https:\/\/beskydrent.cz\/wp-content\/uploads\/2025\/04\/Bez-nazvu-1-800x450.jpg 800w, https:\/\/beskydrent.cz\/wp-content\/uploads\/2025\/04\/Bez-nazvu-1.jpg 1290w\" sizes=\"(max-width: 1024px) 100vw, 1024px\" \/>\t\t\t\t\t\t\t\t\t\t\t\t\t\t\t<\/div>\n\t\t\t\t<\/div>\n\t\t\t\t\t<\/div>\n\t\t<\/div>\n\t\t\t\t<div class=\"elementor-column elementor-col-33 elementor-top-column elementor-element elementor-element-43dd3beb\" data-id=\"43dd3beb\" data-element_type=\"column\" data-e-type=\"column\">\n\t\t\t<div class=\"elementor-widget-wrap elementor-element-populated\">\n\t\t\t\t\t\t<div class=\"elementor-element elementor-element-73e33454 elementor-widget elementor-widget-text-editor\" data-id=\"73e33454\" data-element_type=\"widget\" data-e-type=\"widget\" data-widget_type=\"text-editor.default\">\n\t\t\t\t<div class=\"elementor-widget-container\">\n\t\t\t\t\t\t\t\t\t<p>Typ:<br \/><strong>WOLF WRR10<\/strong><\/p><p>Rozm\u011bry:<br \/><strong>2250 x 920 x 2130 mm<\/strong><\/p><p>Hmotnost:<br \/><strong>1000 kg<\/strong><\/p><p>Hutn\u00edc\u00ed s\u00edla:<br \/><strong>30 kN<\/strong><\/p><p>\u0160\u00ed\u0159ka v\u00e1lc\u016f:<br \/><strong>70 cm<\/strong><\/p>\t\t\t\t\t\t\t\t<\/div>\n\t\t\t\t<\/div>\n\t\t\t\t<div class=\"elementor-element elementor-element-c983093 elementor-widget elementor-widget-text-editor\" data-id=\"c983093\" data-element_type=\"widget\" data-e-type=\"widget\" data-widget_type=\"text-editor.default\">\n\t\t\t\t<div class=\"elementor-widget-container\">\n\t\t\t\t\t\t\t\t\t<p><strong>Cen\u00edk p\u016fj\u010dovny \u2013 pobo\u010dky Janovice a Sedlnice<\/strong><br \/>Uveden\u00e9 ceny jsou bez DPH, 1 den = 8 mth<\/p><table style=\"height: 36px; width: 100%; border-collapse: collapse; background-color: #e0e0e0;\" border=\"1\" cellpadding=\"6\"><tbody><tr style=\"height: 18px;\"><td style=\"width: 20%; height: 18px;\"><strong>1 den<\/strong><\/td><td style=\"width: 20%; height: 18px;\"><strong>3-7 dn\u016f<\/strong><\/td><td style=\"width: 20%; height: 18px;\"><strong>7 a v\u00edce<\/strong><\/td><td style=\"width: 20%; height: 18px;\"><strong>1-4 h<\/strong><\/td><td style=\"width: 20%; height: 18px;\"><strong>Jistina<\/strong><\/td><\/tr><tr style=\"height: 18px;\"><td style=\"width: 20%; height: 18px;\">1.500,-<\/td><td style=\"width: 20%; height: 18px;\">1.350,-<\/td><td style=\"width: 20%; height: 18px;\">1.275,-<\/td><td style=\"width: 20%; height: 18px;\">750,-<\/td><td style=\"width: 20%; height: 18px;\">40.000,-<\/td><\/tr><\/tbody><\/table>\t\t\t\t\t\t\t\t<\/div>\n\t\t\t\t<\/div>\n\t\t\t\t<div class=\"elementor-element elementor-element-c24fb3d elementor-align-justify elementor-widget elementor-widget-button\" data-id=\"c24fb3d\" data-element_type=\"widget\" data-e-type=\"widget\" data-widget_type=\"button.default\">\n\t\t\t\t<div class=\"elementor-widget-container\">\n\t\t\t\t\t\t\t\t\t<div class=\"elementor-button-wrapper\">\n\t\t\t\t\t<a class=\"elementor-button elementor-button-link elementor-size-md\" href=\"https:\/\/beskydrent.cz\/index.php\/cenik\/\">\n\t\t\t\t\t\t<span class=\"elementor-button-content-wrapper\">\n\t\t\t\t\t\t\t\t\t<span class=\"elementor-button-text\">Cen\u00edk p\u016fj\u010dovn\u00e9ho Janovice a Sedlnice<\/span>\n\t\t\t\t\t<\/span>\n\t\t\t\t\t<\/a>\n\t\t\t\t<\/div>\n\t\t\t\t\t\t\t\t<\/div>\n\t\t\t\t<\/div>\n\t\t\t\t\t<\/div>\n\t\t<\/div>\n\t\t\t\t\t<\/div>\n\t\t<\/section>\n\t\t\t\t<section class=\"elementor-section elementor-top-section elementor-element elementor-element-764e7371 elementor-section-boxed elementor-section-height-default elementor-section-height-default\" data-id=\"764e7371\" data-element_type=\"section\" data-e-type=\"section\">\n\t\t\t\t\t\t<div class=\"elementor-container elementor-column-gap-default\">\n\t\t\t\t\t<div class=\"elementor-column elementor-col-100 elementor-top-column elementor-element elementor-element-73f2073\" data-id=\"73f2073\" data-element_type=\"column\" data-e-type=\"column\">\n\t\t\t<div class=\"elementor-widget-wrap elementor-element-populated\">\n\t\t\t\t\t\t<div class=\"elementor-element elementor-element-5fd7e1fa elementor-widget elementor-widget-image-gallery\" data-id=\"5fd7e1fa\" data-element_type=\"widget\" data-e-type=\"widget\" data-widget_type=\"image-gallery.default\">\n\t\t\t\t<div class=\"elementor-widget-container\">\n\t\t\t\t\t\t\t<div class=\"elementor-image-gallery\">\n\t\t\t\t\t<\/div>\n\t\t\t\t\t\t<\/div>\n\t\t\t\t<\/div>\n\t\t\t\t\t<\/div>\n\t\t<\/div>\n\t\t\t\t\t<\/div>\n\t\t<\/section>\n\t\t\t\t<section class=\"elementor-section elementor-top-section elementor-element elementor-element-4537cdcd elementor-section-boxed elementor-section-height-default elementor-section-height-default\" data-id=\"4537cdcd\" data-element_type=\"section\" data-e-type=\"section\">\n\t\t\t\t\t\t<div class=\"elementor-container elementor-column-gap-default\">\n\t\t\t\t\t<div class=\"elementor-column elementor-col-100 elementor-top-column elementor-element elementor-element-17206b19\" data-id=\"17206b19\" data-element_type=\"column\" data-e-type=\"column\">\n\t\t\t<div class=\"elementor-widget-wrap elementor-element-populated\">\n\t\t\t\t\t\t<div class=\"elementor-element elementor-element-608bffe0 elementor-align-center elementor-widget elementor-widget-button\" data-id=\"608bffe0\" data-element_type=\"widget\" data-e-type=\"widget\" data-widget_type=\"button.default\">\n\t\t\t\t<div class=\"elementor-widget-container\">\n\t\t\t\t\t\t\t\t\t<div class=\"elementor-button-wrapper\">\n\t\t\t\t\t<a class=\"elementor-button elementor-button-link elementor-size-xl\" href=\"https:\/\/beskydrent.cz\">\n\t\t\t\t\t\t<span class=\"elementor-button-content-wrapper\">\n\t\t\t\t\t\t<span class=\"elementor-button-icon\">\n\t\t\t\t<i aria-hidden=\"true\" class=\"fas fa-home\"><\/i>\t\t\t<\/span>\n\t\t\t\t\t\t\t\t\t<span class=\"elementor-button-text\">na hlavn\u00ed str\u00e1nku<\/span>\n\t\t\t\t\t<\/span>\n\t\t\t\t\t<\/a>\n\t\t\t\t<\/div>\n\t\t\t\t\t\t\t\t<\/div>\n\t\t\t\t<\/div>\n\t\t\t\t\t<\/div>\n\t\t<\/div>\n\t\t\t\t\t<\/div>\n\t\t<\/section>\n\t\t\t\t<\/div>\n\t\t","protected":false},"excerpt":{"rendered":"<p>Typ:WOLF WRR10 Rozm\u011bry:2250 x 920 x 2130 mm Hmotnost:1000 kg Hutn\u00edc\u00ed s\u00edla:30 kN \u0160\u00ed\u0159ka v\u00e1lc\u016f:70 cm Cen\u00edk p\u016fj\u010dovny \u2013 pobo\u010dky Janovice a SedlniceUveden\u00e9 ceny jsou bez DPH, 1 den = 8 mth 1 den 3-7 dn\u016f 7 a v\u00edce 1-4 h Jistina 1.500,- 1.350,- 1.275,- 750,- 40.000,- Cen\u00edk p\u016fj\u010dovn\u00e9ho Janovice a Sedlnice na hlavn\u00ed str\u00e1nku<\/p>\n","protected":false},"author":1,"featured_media":0,"parent":2,"menu_order":1,"comment_status":"closed","ping_status":"closed","template":"elementor_header_footer","meta":{"ocean_post_layout":"","ocean_both_sidebars_style":"","ocean_both_sidebars_content_width":0,"ocean_both_sidebars_sidebars_width":0,"ocean_sidebar":"","ocean_second_sidebar":"","ocean_disable_margins":"enable","ocean_add_body_class":"","ocean_shortcode_before_top_bar":"","ocean_shortcode_after_top_bar":"","ocean_shortcode_before_header":"","ocean_shortcode_after_header":"","ocean_has_shortcode":"","ocean_shortcode_after_title":"","ocean_shortcode_before_footer_widgets":"","ocean_shortcode_after_footer_widgets":"","ocean_shortcode_before_footer_bottom":"","ocean_shortcode_after_footer_bottom":"","ocean_display_top_bar":"default","ocean_display_header":"default","ocean_header_style":"","ocean_center_header_left_menu":"","ocean_custom_header_template":"","ocean_custom_logo":0,"ocean_custom_retina_logo":0,"ocean_custom_logo_max_width":0,"ocean_custom_logo_tablet_max_width":0,"ocean_custom_logo_mobile_max_width":0,"ocean_custom_logo_max_height":0,"ocean_custom_logo_tablet_max_height":0,"ocean_custom_logo_mobile_max_height":0,"ocean_header_custom_menu":"","ocean_menu_typo_font_family":"","ocean_menu_typo_font_subset":"","ocean_menu_typo_font_size":0,"ocean_menu_typo_font_size_tablet":0,"ocean_menu_typo_font_size_mobile":0,"ocean_menu_typo_font_size_unit":"px","ocean_menu_typo_font_weight":"","ocean_menu_typo_font_weight_tablet":"","ocean_menu_typo_font_weight_mobile":"","ocean_menu_typo_transform":"","ocean_menu_typo_transform_tablet":"","ocean_menu_typo_transform_mobile":"","ocean_menu_typo_line_height":0,"ocean_menu_typo_line_height_tablet":0,"ocean_menu_typo_line_height_mobile":0,"ocean_menu_typo_line_height_unit":"","ocean_menu_typo_spacing":0,"ocean_menu_typo_spacing_tablet":0,"ocean_menu_typo_spacing_mobile":0,"ocean_menu_typo_spacing_unit":"","ocean_menu_link_color":"","ocean_menu_link_color_hover":"","ocean_menu_link_color_active":"","ocean_menu_link_background":"","ocean_menu_link_hover_background":"","ocean_menu_link_active_background":"","ocean_menu_social_links_bg":"","ocean_menu_social_hover_links_bg":"","ocean_menu_social_links_color":"","ocean_menu_social_hover_links_color":"","ocean_disable_title":"default","ocean_disable_heading":"default","ocean_post_title":"","ocean_post_subheading":"","ocean_post_title_style":"","ocean_post_title_background_color":"","ocean_post_title_background":0,"ocean_post_title_bg_image_position":"","ocean_post_title_bg_image_attachment":"","ocean_post_title_bg_image_repeat":"","ocean_post_title_bg_image_size":"","ocean_post_title_height":0,"ocean_post_title_bg_overlay":0.5,"ocean_post_title_bg_overlay_color":"","ocean_disable_breadcrumbs":"default","ocean_breadcrumbs_color":"","ocean_breadcrumbs_separator_color":"","ocean_breadcrumbs_links_color":"","ocean_breadcrumbs_links_hover_color":"","ocean_display_footer_widgets":"default","ocean_display_footer_bottom":"default","ocean_custom_footer_template":"","footnotes":""},"class_list":["post-917","page","type-page","status-publish","hentry","entry"],"_links":{"self":[{"href":"https:\/\/beskydrent.cz\/index.php\/wp-json\/wp\/v2\/pages\/917","targetHints":{"allow":["GET"]}}],"collection":[{"href":"https:\/\/beskydrent.cz\/index.php\/wp-json\/wp\/v2\/pages"}],"about":[{"href":"https:\/\/beskydrent.cz\/index.php\/wp-json\/wp\/v2\/types\/page"}],"author":[{"embeddable":true,"href":"https:\/\/beskydrent.cz\/index.php\/wp-json\/wp\/v2\/users\/1"}],"replies":[{"embeddable":true,"href":"https:\/\/beskydrent.cz\/index.php\/wp-json\/wp\/v2\/comments?post=917"}],"version-history":[{"count":3,"href":"https:\/\/beskydrent.cz\/index.php\/wp-json\/wp\/v2\/pages\/917\/revisions"}],"predecessor-version":[{"id":93536,"href":"https:\/\/beskydrent.cz\/index.php\/wp-json\/wp\/v2\/pages\/917\/revisions\/93536"}],"up":[{"embeddable":true,"href":"https:\/\/beskydrent.cz\/index.php\/wp-json\/wp\/v2\/pages\/2"}],"wp:attachment":[{"href":"https:\/\/beskydrent.cz\/index.php\/wp-json\/wp\/v2\/media?parent=917"}],"curies":[{"name":"wp","href":"https:\/\/api.w.org\/{rel}","templated":true}]}}