{"id":93450,"date":"2025-05-15T07:08:06","date_gmt":"2025-05-15T07:08:06","guid":{"rendered":"https:\/\/beskydrent.cz\/?page_id=93450"},"modified":"2025-05-15T07:54:13","modified_gmt":"2025-05-15T07:54:13","slug":"zahrada","status":"publish","type":"page","link":"https:\/\/beskydrent.cz\/index.php\/beskydrent\/zahrada\/","title":{"rendered":"Zahradn\u00ed technika"},"content":{"rendered":"\t\t<div data-elementor-type=\"wp-page\" data-elementor-id=\"93450\" class=\"elementor elementor-93450\">\n\t\t\t\t\t\t<section class=\"elementor-section elementor-top-section elementor-element elementor-element-d2a9fb5 elementor-section-boxed elementor-section-height-default elementor-section-height-default\" data-id=\"d2a9fb5\" data-element_type=\"section\" data-e-type=\"section\">\n\t\t\t\t\t\t<div class=\"elementor-container elementor-column-gap-default\">\n\t\t\t\t\t<div class=\"elementor-column elementor-col-50 elementor-top-column elementor-element elementor-element-0d93fe4\" data-id=\"0d93fe4\" data-element_type=\"column\" data-e-type=\"column\">\n\t\t\t<div class=\"elementor-widget-wrap\">\n\t\t\t\t\t\t\t<\/div>\n\t\t<\/div>\n\t\t\t\t<div class=\"elementor-column elementor-col-50 elementor-top-column elementor-element elementor-element-dfe4681\" data-id=\"dfe4681\" data-element_type=\"column\" data-e-type=\"column\">\n\t\t\t<div class=\"elementor-widget-wrap\">\n\t\t\t\t\t\t\t<\/div>\n\t\t<\/div>\n\t\t\t\t\t<\/div>\n\t\t<\/section>\n\t\t\t\t<section class=\"elementor-section elementor-top-section elementor-element elementor-element-a56a143 elementor-section-boxed elementor-section-height-default elementor-section-height-default\" data-id=\"a56a143\" data-element_type=\"section\" data-e-type=\"section\">\n\t\t\t\t\t\t<div class=\"elementor-container elementor-column-gap-default\">\n\t\t\t\t\t<div class=\"elementor-column elementor-col-50 elementor-top-column elementor-element elementor-element-96c3d82\" data-id=\"96c3d82\" data-element_type=\"column\" data-e-type=\"column\">\n\t\t\t<div class=\"elementor-widget-wrap elementor-element-populated\">\n\t\t\t\t\t\t<div class=\"elementor-element elementor-element-184ac25 elementor-position-top elementor-widget elementor-widget-image-box\" data-id=\"184ac25\" data-element_type=\"widget\" data-e-type=\"widget\" data-widget_type=\"image-box.default\">\n\t\t\t\t<div class=\"elementor-widget-container\">\n\t\t\t\t\t<div class=\"elementor-image-box-wrapper\"><figure class=\"elementor-image-box-img\"><img fetchpriority=\"high\" decoding=\"async\" width=\"300\" height=\"169\" src=\"https:\/\/beskydrent.cz\/wp-content\/uploads\/2025\/04\/Bez-nazvu-1-300x169.jpg\" class=\"attachment-medium size-medium wp-image-93311\" alt=\"\" srcset=\"https:\/\/beskydrent.cz\/wp-content\/uploads\/2025\/04\/Bez-nazvu-1-300x169.jpg 300w, https:\/\/beskydrent.cz\/wp-content\/uploads\/2025\/04\/Bez-nazvu-1-1024x576.jpg 1024w, https:\/\/beskydrent.cz\/wp-content\/uploads\/2025\/04\/Bez-nazvu-1-768x432.jpg 768w, https:\/\/beskydrent.cz\/wp-content\/uploads\/2025\/04\/Bez-nazvu-1-800x450.jpg 800w, https:\/\/beskydrent.cz\/wp-content\/uploads\/2025\/04\/Bez-nazvu-1.jpg 1290w\" sizes=\"(max-width: 300px) 100vw, 300px\" \/><\/figure><div class=\"elementor-image-box-content\"><h3 class=\"elementor-image-box-title\">Zahradn\u00ed traktor<\/h3><\/div><\/div>\t\t\t\t<\/div>\n\t\t\t\t<\/div>\n\t\t\t\t\t<\/div>\n\t\t<\/div>\n\t\t\t\t<div class=\"elementor-column elementor-col-50 elementor-top-column elementor-element elementor-element-88eece0\" data-id=\"88eece0\" data-element_type=\"column\" data-e-type=\"column\">\n\t\t\t<div class=\"elementor-widget-wrap elementor-element-populated\">\n\t\t\t\t\t\t<div class=\"elementor-element elementor-element-46ee93a elementor-position-top elementor-widget elementor-widget-image-box\" data-id=\"46ee93a\" data-element_type=\"widget\" data-e-type=\"widget\" data-widget_type=\"image-box.default\">\n\t\t\t\t<div class=\"elementor-widget-container\">\n\t\t\t\t\t<div class=\"elementor-image-box-wrapper\"><figure class=\"elementor-image-box-img\"><img fetchpriority=\"high\" decoding=\"async\" width=\"300\" height=\"169\" src=\"https:\/\/beskydrent.cz\/wp-content\/uploads\/2025\/04\/Bez-nazvu-1-300x169.jpg\" class=\"attachment-medium size-medium wp-image-93311\" alt=\"\" srcset=\"https:\/\/beskydrent.cz\/wp-content\/uploads\/2025\/04\/Bez-nazvu-1-300x169.jpg 300w, https:\/\/beskydrent.cz\/wp-content\/uploads\/2025\/04\/Bez-nazvu-1-1024x576.jpg 1024w, https:\/\/beskydrent.cz\/wp-content\/uploads\/2025\/04\/Bez-nazvu-1-768x432.jpg 768w, https:\/\/beskydrent.cz\/wp-content\/uploads\/2025\/04\/Bez-nazvu-1-800x450.jpg 800w, https:\/\/beskydrent.cz\/wp-content\/uploads\/2025\/04\/Bez-nazvu-1.jpg 1290w\" sizes=\"(max-width: 300px) 100vw, 300px\" \/><\/figure><div class=\"elementor-image-box-content\"><h3 class=\"elementor-image-box-title\">Traktor GL53<\/h3><\/div><\/div>\t\t\t\t<\/div>\n\t\t\t\t<\/div>\n\t\t\t\t\t<\/div>\n\t\t<\/div>\n\t\t\t\t\t<\/div>\n\t\t<\/section>\n\t\t\t\t<section class=\"elementor-section elementor-top-section elementor-element elementor-element-b7e31da elementor-section-boxed elementor-section-height-default elementor-section-height-default\" data-id=\"b7e31da\" data-element_type=\"section\" data-e-type=\"section\">\n\t\t\t\t\t\t<div class=\"elementor-container elementor-column-gap-default\">\n\t\t\t\t\t<div class=\"elementor-column elementor-col-50 elementor-top-column elementor-element elementor-element-5696979\" data-id=\"5696979\" data-element_type=\"column\" data-e-type=\"column\">\n\t\t\t<div class=\"elementor-widget-wrap elementor-element-populated\">\n\t\t\t\t\t\t<div class=\"elementor-element elementor-element-5fc7457 elementor-position-top elementor-widget elementor-widget-image-box\" data-id=\"5fc7457\" data-element_type=\"widget\" data-e-type=\"widget\" data-widget_type=\"image-box.default\">\n\t\t\t\t<div class=\"elementor-widget-container\">\n\t\t\t\t\t<div class=\"elementor-image-box-wrapper\"><figure class=\"elementor-image-box-img\"><a href=\"https:\/\/beskydrent.cz\/index.php\/beskydrent\/zahrada\/kangarotraktor\/\" tabindex=\"-1\"><img decoding=\"async\" width=\"300\" height=\"189\" src=\"https:\/\/beskydrent.cz\/wp-content\/uploads\/2023\/12\/DSC_6043-300x189.png\" class=\"attachment-medium size-medium wp-image-5166\" alt=\"\" srcset=\"https:\/\/beskydrent.cz\/wp-content\/uploads\/2023\/12\/DSC_6043-300x189.png 300w, https:\/\/beskydrent.cz\/wp-content\/uploads\/2023\/12\/DSC_6043-1024x644.png 1024w, https:\/\/beskydrent.cz\/wp-content\/uploads\/2023\/12\/DSC_6043-768x483.png 768w, https:\/\/beskydrent.cz\/wp-content\/uploads\/2023\/12\/DSC_6043-1536x966.png 1536w, https:\/\/beskydrent.cz\/wp-content\/uploads\/2023\/12\/DSC_6043-2048x1288.png 2048w\" sizes=\"(max-width: 300px) 100vw, 300px\" \/><\/a><\/figure><div class=\"elementor-image-box-content\"><h3 class=\"elementor-image-box-title\"><a href=\"https:\/\/beskydrent.cz\/index.php\/beskydrent\/zahrada\/kangarotraktor\/\">Traktor Kangaro<\/a><\/h3><\/div><\/div>\t\t\t\t<\/div>\n\t\t\t\t<\/div>\n\t\t\t\t\t<\/div>\n\t\t<\/div>\n\t\t\t\t<div class=\"elementor-column elementor-col-50 elementor-top-column elementor-element elementor-element-11b9ae3\" data-id=\"11b9ae3\" data-element_type=\"column\" data-e-type=\"column\">\n\t\t\t<div class=\"elementor-widget-wrap elementor-element-populated\">\n\t\t\t\t\t\t<div class=\"elementor-element elementor-element-a0eda3d elementor-position-top elementor-widget elementor-widget-image-box\" data-id=\"a0eda3d\" data-element_type=\"widget\" data-e-type=\"widget\" data-widget_type=\"image-box.default\">\n\t\t\t\t<div class=\"elementor-widget-container\">\n\t\t\t\t\t<div class=\"elementor-image-box-wrapper\"><figure class=\"elementor-image-box-img\"><a href=\"https:\/\/beskydrent.cz\/index.php\/manipulacni-technika\/yanmar1500\/\" tabindex=\"-1\"><img decoding=\"async\" width=\"768\" height=\"509\" src=\"https:\/\/beskydrent.cz\/wp-content\/uploads\/2023\/12\/DSC_6101-768x509.png\" class=\"attachment-medium_large size-medium_large wp-image-5198\" alt=\"\" srcset=\"https:\/\/beskydrent.cz\/wp-content\/uploads\/2023\/12\/DSC_6101-768x509.png 768w, https:\/\/beskydrent.cz\/wp-content\/uploads\/2023\/12\/DSC_6101-300x199.png 300w, https:\/\/beskydrent.cz\/wp-content\/uploads\/2023\/12\/DSC_6101-1024x678.png 1024w, https:\/\/beskydrent.cz\/wp-content\/uploads\/2023\/12\/DSC_6101-1536x1017.png 1536w, https:\/\/beskydrent.cz\/wp-content\/uploads\/2023\/12\/DSC_6101-2048x1356.png 2048w\" sizes=\"(max-width: 768px) 100vw, 768px\" \/><\/a><\/figure><div class=\"elementor-image-box-content\"><h3 class=\"elementor-image-box-title\"><a href=\"https:\/\/beskydrent.cz\/index.php\/manipulacni-technika\/yanmar1500\/\">Traktor Yanmar 1500<\/a><\/h3><\/div><\/div>\t\t\t\t<\/div>\n\t\t\t\t<\/div>\n\t\t\t\t\t<\/div>\n\t\t<\/div>\n\t\t\t\t\t<\/div>\n\t\t<\/section>\n\t\t\t\t<section class=\"elementor-section elementor-top-section elementor-element elementor-element-9a7c619 elementor-section-boxed elementor-section-height-default elementor-section-height-default\" data-id=\"9a7c619\" data-element_type=\"section\" data-e-type=\"section\">\n\t\t\t\t\t\t<div class=\"elementor-container elementor-column-gap-default\">\n\t\t\t\t\t<div class=\"elementor-column elementor-col-50 elementor-top-column elementor-element elementor-element-bfa6c06\" data-id=\"bfa6c06\" data-element_type=\"column\" data-e-type=\"column\">\n\t\t\t<div class=\"elementor-widget-wrap elementor-element-populated\">\n\t\t\t\t\t\t<div class=\"elementor-element elementor-element-be52293 elementor-position-top elementor-widget elementor-widget-image-box\" data-id=\"be52293\" data-element_type=\"widget\" data-e-type=\"widget\" data-widget_type=\"image-box.default\">\n\t\t\t\t<div class=\"elementor-widget-container\">\n\t\t\t\t\t<div class=\"elementor-image-box-wrapper\"><figure class=\"elementor-image-box-img\"><img fetchpriority=\"high\" decoding=\"async\" width=\"300\" height=\"169\" src=\"https:\/\/beskydrent.cz\/wp-content\/uploads\/2025\/04\/Bez-nazvu-1-300x169.jpg\" class=\"attachment-medium size-medium wp-image-93311\" alt=\"\" srcset=\"https:\/\/beskydrent.cz\/wp-content\/uploads\/2025\/04\/Bez-nazvu-1-300x169.jpg 300w, https:\/\/beskydrent.cz\/wp-content\/uploads\/2025\/04\/Bez-nazvu-1-1024x576.jpg 1024w, https:\/\/beskydrent.cz\/wp-content\/uploads\/2025\/04\/Bez-nazvu-1-768x432.jpg 768w, https:\/\/beskydrent.cz\/wp-content\/uploads\/2025\/04\/Bez-nazvu-1-800x450.jpg 800w, https:\/\/beskydrent.cz\/wp-content\/uploads\/2025\/04\/Bez-nazvu-1.jpg 1290w\" sizes=\"(max-width: 300px) 100vw, 300px\" \/><\/figure><div class=\"elementor-image-box-content\"><h3 class=\"elementor-image-box-title\">P\u016fdn\u00ed vrt\u00e1k benz\u00edn<\/h3><\/div><\/div>\t\t\t\t<\/div>\n\t\t\t\t<\/div>\n\t\t\t\t\t<\/div>\n\t\t<\/div>\n\t\t\t\t<div class=\"elementor-column elementor-col-50 elementor-top-column elementor-element elementor-element-179c8e2\" data-id=\"179c8e2\" data-element_type=\"column\" data-e-type=\"column\">\n\t\t\t<div class=\"elementor-widget-wrap elementor-element-populated\">\n\t\t\t\t\t\t<div class=\"elementor-element elementor-element-4d5f61c elementor-position-top elementor-widget elementor-widget-image-box\" data-id=\"4d5f61c\" data-element_type=\"widget\" data-e-type=\"widget\" data-widget_type=\"image-box.default\">\n\t\t\t\t<div class=\"elementor-widget-container\">\n\t\t\t\t\t<div class=\"elementor-image-box-wrapper\"><figure class=\"elementor-image-box-img\"><img fetchpriority=\"high\" decoding=\"async\" width=\"300\" height=\"169\" src=\"https:\/\/beskydrent.cz\/wp-content\/uploads\/2025\/04\/Bez-nazvu-1-300x169.jpg\" class=\"attachment-medium size-medium wp-image-93311\" alt=\"\" srcset=\"https:\/\/beskydrent.cz\/wp-content\/uploads\/2025\/04\/Bez-nazvu-1-300x169.jpg 300w, https:\/\/beskydrent.cz\/wp-content\/uploads\/2025\/04\/Bez-nazvu-1-1024x576.jpg 1024w, https:\/\/beskydrent.cz\/wp-content\/uploads\/2025\/04\/Bez-nazvu-1-768x432.jpg 768w, https:\/\/beskydrent.cz\/wp-content\/uploads\/2025\/04\/Bez-nazvu-1-800x450.jpg 800w, https:\/\/beskydrent.cz\/wp-content\/uploads\/2025\/04\/Bez-nazvu-1.jpg 1290w\" sizes=\"(max-width: 300px) 100vw, 300px\" \/><\/figure><div class=\"elementor-image-box-content\"><h3 class=\"elementor-image-box-title\">K\u0159ovino\u0159ez Benz\u00edn<\/h3><\/div><\/div>\t\t\t\t<\/div>\n\t\t\t\t<\/div>\n\t\t\t\t\t<\/div>\n\t\t<\/div>\n\t\t\t\t\t<\/div>\n\t\t<\/section>\n\t\t\t\t<section class=\"elementor-section elementor-top-section elementor-element elementor-element-225b808 elementor-section-boxed elementor-section-height-default elementor-section-height-default\" data-id=\"225b808\" data-element_type=\"section\" data-e-type=\"section\">\n\t\t\t\t\t\t<div class=\"elementor-container elementor-column-gap-default\">\n\t\t\t\t\t<div class=\"elementor-column elementor-col-50 elementor-top-column elementor-element elementor-element-1bdacbd\" data-id=\"1bdacbd\" data-element_type=\"column\" data-e-type=\"column\">\n\t\t\t<div class=\"elementor-widget-wrap elementor-element-populated\">\n\t\t\t\t\t\t<div class=\"elementor-element elementor-element-0ee5926 elementor-position-top elementor-widget elementor-widget-image-box\" data-id=\"0ee5926\" data-element_type=\"widget\" data-e-type=\"widget\" data-widget_type=\"image-box.default\">\n\t\t\t\t<div class=\"elementor-widget-container\">\n\t\t\t\t\t<div class=\"elementor-image-box-wrapper\"><figure class=\"elementor-image-box-img\"><img fetchpriority=\"high\" decoding=\"async\" width=\"300\" height=\"169\" src=\"https:\/\/beskydrent.cz\/wp-content\/uploads\/2025\/04\/Bez-nazvu-1-300x169.jpg\" class=\"attachment-medium size-medium wp-image-93311\" alt=\"\" srcset=\"https:\/\/beskydrent.cz\/wp-content\/uploads\/2025\/04\/Bez-nazvu-1-300x169.jpg 300w, https:\/\/beskydrent.cz\/wp-content\/uploads\/2025\/04\/Bez-nazvu-1-1024x576.jpg 1024w, https:\/\/beskydrent.cz\/wp-content\/uploads\/2025\/04\/Bez-nazvu-1-768x432.jpg 768w, https:\/\/beskydrent.cz\/wp-content\/uploads\/2025\/04\/Bez-nazvu-1-800x450.jpg 800w, https:\/\/beskydrent.cz\/wp-content\/uploads\/2025\/04\/Bez-nazvu-1.jpg 1290w\" sizes=\"(max-width: 300px) 100vw, 300px\" \/><\/figure><div class=\"elementor-image-box-content\"><h3 class=\"elementor-image-box-title\">Motorov\u00e1 pila<\/h3><\/div><\/div>\t\t\t\t<\/div>\n\t\t\t\t<\/div>\n\t\t\t\t\t<\/div>\n\t\t<\/div>\n\t\t\t\t<div class=\"elementor-column elementor-col-50 elementor-top-column elementor-element elementor-element-4d2672b\" data-id=\"4d2672b\" data-element_type=\"column\" data-e-type=\"column\">\n\t\t\t<div class=\"elementor-widget-wrap elementor-element-populated\">\n\t\t\t\t\t\t<div class=\"elementor-element elementor-element-429da00 elementor-position-top elementor-widget elementor-widget-image-box\" data-id=\"429da00\" data-element_type=\"widget\" data-e-type=\"widget\" data-widget_type=\"image-box.default\">\n\t\t\t\t<div class=\"elementor-widget-container\">\n\t\t\t\t\t<div class=\"elementor-image-box-wrapper\"><figure class=\"elementor-image-box-img\"><img fetchpriority=\"high\" decoding=\"async\" width=\"300\" height=\"169\" src=\"https:\/\/beskydrent.cz\/wp-content\/uploads\/2025\/04\/Bez-nazvu-1-300x169.jpg\" class=\"attachment-medium size-medium wp-image-93311\" alt=\"\" srcset=\"https:\/\/beskydrent.cz\/wp-content\/uploads\/2025\/04\/Bez-nazvu-1-300x169.jpg 300w, https:\/\/beskydrent.cz\/wp-content\/uploads\/2025\/04\/Bez-nazvu-1-1024x576.jpg 1024w, https:\/\/beskydrent.cz\/wp-content\/uploads\/2025\/04\/Bez-nazvu-1-768x432.jpg 768w, https:\/\/beskydrent.cz\/wp-content\/uploads\/2025\/04\/Bez-nazvu-1-800x450.jpg 800w, https:\/\/beskydrent.cz\/wp-content\/uploads\/2025\/04\/Bez-nazvu-1.jpg 1290w\" sizes=\"(max-width: 300px) 100vw, 300px\" \/><\/figure><div class=\"elementor-image-box-content\"><h3 class=\"elementor-image-box-title\">Aku teleskopick\u00e1 pila<\/h3><\/div><\/div>\t\t\t\t<\/div>\n\t\t\t\t<\/div>\n\t\t\t\t\t<\/div>\n\t\t<\/div>\n\t\t\t\t\t<\/div>\n\t\t<\/section>\n\t\t\t\t<section class=\"elementor-section elementor-top-section elementor-element elementor-element-4b3fc45 elementor-section-boxed elementor-section-height-default elementor-section-height-default\" data-id=\"4b3fc45\" data-element_type=\"section\" data-e-type=\"section\">\n\t\t\t\t\t\t<div class=\"elementor-container elementor-column-gap-default\">\n\t\t\t\t\t<div class=\"elementor-column elementor-col-50 elementor-top-column elementor-element elementor-element-14bba3b\" data-id=\"14bba3b\" data-element_type=\"column\" data-e-type=\"column\">\n\t\t\t<div class=\"elementor-widget-wrap elementor-element-populated\">\n\t\t\t\t\t\t<div class=\"elementor-element elementor-element-dc5b030 elementor-position-top elementor-widget elementor-widget-image-box\" data-id=\"dc5b030\" data-element_type=\"widget\" data-e-type=\"widget\" data-widget_type=\"image-box.default\">\n\t\t\t\t<div class=\"elementor-widget-container\">\n\t\t\t\t\t<div class=\"elementor-image-box-wrapper\"><figure class=\"elementor-image-box-img\"><img fetchpriority=\"high\" decoding=\"async\" width=\"300\" height=\"169\" src=\"https:\/\/beskydrent.cz\/wp-content\/uploads\/2025\/04\/Bez-nazvu-1-300x169.jpg\" class=\"attachment-medium size-medium wp-image-93311\" alt=\"\" srcset=\"https:\/\/beskydrent.cz\/wp-content\/uploads\/2025\/04\/Bez-nazvu-1-300x169.jpg 300w, https:\/\/beskydrent.cz\/wp-content\/uploads\/2025\/04\/Bez-nazvu-1-1024x576.jpg 1024w, https:\/\/beskydrent.cz\/wp-content\/uploads\/2025\/04\/Bez-nazvu-1-768x432.jpg 768w, https:\/\/beskydrent.cz\/wp-content\/uploads\/2025\/04\/Bez-nazvu-1-800x450.jpg 800w, https:\/\/beskydrent.cz\/wp-content\/uploads\/2025\/04\/Bez-nazvu-1.jpg 1290w\" sizes=\"(max-width: 300px) 100vw, 300px\" \/><\/figure><div class=\"elementor-image-box-content\"><h3 class=\"elementor-image-box-title\">Sn\u011b\u017en\u00e1 fr\u00e9za<\/h3><\/div><\/div>\t\t\t\t<\/div>\n\t\t\t\t<\/div>\n\t\t\t\t\t<\/div>\n\t\t<\/div>\n\t\t\t\t<div class=\"elementor-column elementor-col-50 elementor-top-column elementor-element elementor-element-7162eb7\" data-id=\"7162eb7\" data-element_type=\"column\" data-e-type=\"column\">\n\t\t\t<div class=\"elementor-widget-wrap elementor-element-populated\">\n\t\t\t\t\t\t<div class=\"elementor-element elementor-element-b2e6fa3 elementor-position-top elementor-widget elementor-widget-image-box\" data-id=\"b2e6fa3\" data-element_type=\"widget\" data-e-type=\"widget\" data-widget_type=\"image-box.default\">\n\t\t\t\t<div class=\"elementor-widget-container\">\n\t\t\t\t\t<div class=\"elementor-image-box-wrapper\"><figure class=\"elementor-image-box-img\"><img fetchpriority=\"high\" decoding=\"async\" width=\"300\" height=\"169\" src=\"https:\/\/beskydrent.cz\/wp-content\/uploads\/2025\/04\/Bez-nazvu-1-300x169.jpg\" class=\"attachment-medium size-medium wp-image-93311\" alt=\"\" srcset=\"https:\/\/beskydrent.cz\/wp-content\/uploads\/2025\/04\/Bez-nazvu-1-300x169.jpg 300w, https:\/\/beskydrent.cz\/wp-content\/uploads\/2025\/04\/Bez-nazvu-1-1024x576.jpg 1024w, https:\/\/beskydrent.cz\/wp-content\/uploads\/2025\/04\/Bez-nazvu-1-768x432.jpg 768w, https:\/\/beskydrent.cz\/wp-content\/uploads\/2025\/04\/Bez-nazvu-1-800x450.jpg 800w, https:\/\/beskydrent.cz\/wp-content\/uploads\/2025\/04\/Bez-nazvu-1.jpg 1290w\" sizes=\"(max-width: 300px) 100vw, 300px\" \/><\/figure><div class=\"elementor-image-box-content\"><h3 class=\"elementor-image-box-title\">Benz\u00ednov\u00fd vysava\u010d<\/h3><\/div><\/div>\t\t\t\t<\/div>\n\t\t\t\t<\/div>\n\t\t\t\t\t<\/div>\n\t\t<\/div>\n\t\t\t\t\t<\/div>\n\t\t<\/section>\n\t\t\t\t<section class=\"elementor-section elementor-top-section elementor-element elementor-element-16c0084 elementor-section-height-min-height elementor-section-boxed elementor-section-height-default elementor-section-items-middle\" data-id=\"16c0084\" data-element_type=\"section\" data-e-type=\"section\">\n\t\t\t\t\t\t<div class=\"elementor-container elementor-column-gap-default\">\n\t\t\t\t\t<div class=\"elementor-column elementor-col-100 elementor-top-column elementor-element elementor-element-09b2b5c\" data-id=\"09b2b5c\" data-element_type=\"column\" data-e-type=\"column\">\n\t\t\t<div class=\"elementor-widget-wrap elementor-element-populated\">\n\t\t\t\t\t\t<div class=\"elementor-element elementor-element-e31e661 elementor-align-center elementor-invisible elementor-widget elementor-widget-button\" data-id=\"e31e661\" data-element_type=\"widget\" data-e-type=\"widget\" data-settings=\"{&quot;_animation&quot;:&quot;bounceIn&quot;,&quot;_animation_delay&quot;:100}\" data-widget_type=\"button.default\">\n\t\t\t\t<div class=\"elementor-widget-container\">\n\t\t\t\t\t\t\t\t\t<div class=\"elementor-button-wrapper\">\n\t\t\t\t\t<a class=\"elementor-button elementor-button-link elementor-size-sm\" href=\"https:\/\/beskydrent.cz\/index.php\/beskydrent\/cenik\/\">\n\t\t\t\t\t\t<span class=\"elementor-button-content-wrapper\">\n\t\t\t\t\t\t\t\t\t<span class=\"elementor-button-text\">CEN\u00cdK<\/span>\n\t\t\t\t\t<\/span>\n\t\t\t\t\t<\/a>\n\t\t\t\t<\/div>\n\t\t\t\t\t\t\t\t<\/div>\n\t\t\t\t<\/div>\n\t\t\t\t\t<\/div>\n\t\t<\/div>\n\t\t\t\t\t<\/div>\n\t\t<\/section>\n\t\t\t\t<\/div>\n\t\t","protected":false},"excerpt":{"rendered":"<p>Zahradn\u00ed traktor Traktor GL53 Traktor Kangaro Traktor Yanmar 1500 P\u016fdn\u00ed vrt\u00e1k benz\u00edn K\u0159ovino\u0159ez Benz\u00edn Motorov\u00e1 pila Aku teleskopick\u00e1 pila Sn\u011b\u017en\u00e1 fr\u00e9za Benz\u00ednov\u00fd vysava\u010d CEN\u00cdK<\/p>\n","protected":false},"author":5,"featured_media":0,"parent":2,"menu_order":0,"comment_status":"closed","ping_status":"closed","template":"elementor_header_footer","meta":{"ocean_post_layout":"","ocean_both_sidebars_style":"","ocean_both_sidebars_content_width":0,"ocean_both_sidebars_sidebars_width":0,"ocean_sidebar":"","ocean_second_sidebar":"","ocean_disable_margins":"enable","ocean_add_body_class":"","ocean_shortcode_before_top_bar":"","ocean_shortcode_after_top_bar":"","ocean_shortcode_before_header":"","ocean_shortcode_after_header":"","ocean_has_shortcode":"","ocean_shortcode_after_title":"","ocean_shortcode_before_footer_widgets":"","ocean_shortcode_after_footer_widgets":"","ocean_shortcode_before_footer_bottom":"","ocean_shortcode_after_footer_bottom":"","ocean_display_top_bar":"default","ocean_display_header":"default","ocean_header_style":"","ocean_center_header_left_menu":"","ocean_custom_header_template":"","ocean_custom_logo":0,"ocean_custom_retina_logo":0,"ocean_custom_logo_max_width":0,"ocean_custom_logo_tablet_max_width":0,"ocean_custom_logo_mobile_max_width":0,"ocean_custom_logo_max_height":0,"ocean_custom_logo_tablet_max_height":0,"ocean_custom_logo_mobile_max_height":0,"ocean_header_custom_menu":"","ocean_menu_typo_font_family":"","ocean_menu_typo_font_subset":"","ocean_menu_typo_font_size":0,"ocean_menu_typo_font_size_tablet":0,"ocean_menu_typo_font_size_mobile":0,"ocean_menu_typo_font_size_unit":"px","ocean_menu_typo_font_weight":"","ocean_menu_typo_font_weight_tablet":"","ocean_menu_typo_font_weight_mobile":"","ocean_menu_typo_transform":"","ocean_menu_typo_transform_tablet":"","ocean_menu_typo_transform_mobile":"","ocean_menu_typo_line_height":0,"ocean_menu_typo_line_height_tablet":0,"ocean_menu_typo_line_height_mobile":0,"ocean_menu_typo_line_height_unit":"","ocean_menu_typo_spacing":0,"ocean_menu_typo_spacing_tablet":0,"ocean_menu_typo_spacing_mobile":0,"ocean_menu_typo_spacing_unit":"","ocean_menu_link_color":"","ocean_menu_link_color_hover":"","ocean_menu_link_color_active":"","ocean_menu_link_background":"","ocean_menu_link_hover_background":"","ocean_menu_link_active_background":"","ocean_menu_social_links_bg":"","ocean_menu_social_hover_links_bg":"","ocean_menu_social_links_color":"","ocean_menu_social_hover_links_color":"","ocean_disable_title":"default","ocean_disable_heading":"default","ocean_post_title":"","ocean_post_subheading":"","ocean_post_title_style":"","ocean_post_title_background_color":"","ocean_post_title_background":0,"ocean_post_title_bg_image_position":"","ocean_post_title_bg_image_attachment":"","ocean_post_title_bg_image_repeat":"","ocean_post_title_bg_image_size":"","ocean_post_title_height":0,"ocean_post_title_bg_overlay":0.5,"ocean_post_title_bg_overlay_color":"","ocean_disable_breadcrumbs":"default","ocean_breadcrumbs_color":"","ocean_breadcrumbs_separator_color":"","ocean_breadcrumbs_links_color":"","ocean_breadcrumbs_links_hover_color":"","ocean_display_footer_widgets":"default","ocean_display_footer_bottom":"default","ocean_custom_footer_template":"","footnotes":""},"class_list":["post-93450","page","type-page","status-publish","hentry","entry"],"_links":{"self":[{"href":"https:\/\/beskydrent.cz\/index.php\/wp-json\/wp\/v2\/pages\/93450","targetHints":{"allow":["GET"]}}],"collection":[{"href":"https:\/\/beskydrent.cz\/index.php\/wp-json\/wp\/v2\/pages"}],"about":[{"href":"https:\/\/beskydrent.cz\/index.php\/wp-json\/wp\/v2\/types\/page"}],"author":[{"embeddable":true,"href":"https:\/\/beskydrent.cz\/index.php\/wp-json\/wp\/v2\/users\/5"}],"replies":[{"embeddable":true,"href":"https:\/\/beskydrent.cz\/index.php\/wp-json\/wp\/v2\/comments?post=93450"}],"version-history":[{"count":14,"href":"https:\/\/beskydrent.cz\/index.php\/wp-json\/wp\/v2\/pages\/93450\/revisions"}],"predecessor-version":[{"id":93473,"href":"https:\/\/beskydrent.cz\/index.php\/wp-json\/wp\/v2\/pages\/93450\/revisions\/93473"}],"up":[{"embeddable":true,"href":"https:\/\/beskydrent.cz\/index.php\/wp-json\/wp\/v2\/pages\/2"}],"wp:attachment":[{"href":"https:\/\/beskydrent.cz\/index.php\/wp-json\/wp\/v2\/media?parent=93450"}],"curies":[{"name":"wp","href":"https:\/\/api.w.org\/{rel}","templated":true}]}}