{"id":93498,"date":"2025-05-27T06:46:12","date_gmt":"2025-05-27T06:46:12","guid":{"rendered":"https:\/\/beskydrent.cz\/?page_id=93498"},"modified":"2025-05-27T07:36:34","modified_gmt":"2025-05-27T07:36:34","slug":"vibracni-desky","status":"publish","type":"page","link":"https:\/\/beskydrent.cz\/index.php\/beskydrent\/vibracni-desky\/","title":{"rendered":"Vibra\u010dn\u00ed desky"},"content":{"rendered":"\t\t<div data-elementor-type=\"wp-page\" data-elementor-id=\"93498\" class=\"elementor elementor-93498\">\n\t\t\t\t\t\t<section class=\"elementor-section elementor-top-section elementor-element elementor-element-53cccf87 elementor-section-boxed elementor-section-height-default elementor-section-height-default\" data-id=\"53cccf87\" data-element_type=\"section\" data-e-type=\"section\">\n\t\t\t\t\t\t<div class=\"elementor-container elementor-column-gap-default\">\n\t\t\t\t\t<div class=\"elementor-column elementor-col-50 elementor-top-column elementor-element elementor-element-789c54bb\" data-id=\"789c54bb\" data-element_type=\"column\" data-e-type=\"column\">\n\t\t\t<div class=\"elementor-widget-wrap\">\n\t\t\t\t\t\t\t<\/div>\n\t\t<\/div>\n\t\t\t\t<div class=\"elementor-column elementor-col-50 elementor-top-column elementor-element elementor-element-4cced7b2\" data-id=\"4cced7b2\" data-element_type=\"column\" data-e-type=\"column\">\n\t\t\t<div class=\"elementor-widget-wrap\">\n\t\t\t\t\t\t\t<\/div>\n\t\t<\/div>\n\t\t\t\t\t<\/div>\n\t\t<\/section>\n\t\t\t\t<section class=\"elementor-section elementor-top-section elementor-element elementor-element-6c1862c6 elementor-section-boxed elementor-section-height-default elementor-section-height-default\" data-id=\"6c1862c6\" data-element_type=\"section\" data-e-type=\"section\">\n\t\t\t\t\t\t<div class=\"elementor-container elementor-column-gap-default\">\n\t\t\t\t\t<div class=\"elementor-column elementor-col-50 elementor-top-column elementor-element elementor-element-2c165162\" data-id=\"2c165162\" data-element_type=\"column\" data-e-type=\"column\">\n\t\t\t<div class=\"elementor-widget-wrap elementor-element-populated\">\n\t\t\t\t\t\t<div class=\"elementor-element elementor-element-3f142743 elementor-position-top elementor-widget elementor-widget-image-box\" data-id=\"3f142743\" data-element_type=\"widget\" data-e-type=\"widget\" data-widget_type=\"image-box.default\">\n\t\t\t\t<div class=\"elementor-widget-container\">\n\t\t\t\t\t<div class=\"elementor-image-box-wrapper\"><figure class=\"elementor-image-box-img\"><a href=\"https:\/\/beskydrent.cz\/index.php\/beskydrent\/bomaqbw80\/\" tabindex=\"-1\"><img fetchpriority=\"high\" decoding=\"async\" width=\"300\" height=\"225\" src=\"https:\/\/beskydrent.cz\/wp-content\/uploads\/2023\/12\/bw80-300x225.jpg\" class=\"attachment-medium size-medium wp-image-4926\" alt=\"\" srcset=\"https:\/\/beskydrent.cz\/wp-content\/uploads\/2023\/12\/bw80-300x225.jpg 300w, https:\/\/beskydrent.cz\/wp-content\/uploads\/2023\/12\/bw80-1024x768.jpg 1024w, https:\/\/beskydrent.cz\/wp-content\/uploads\/2023\/12\/bw80-768x576.jpg 768w, https:\/\/beskydrent.cz\/wp-content\/uploads\/2023\/12\/bw80-1536x1152.jpg 1536w, https:\/\/beskydrent.cz\/wp-content\/uploads\/2023\/12\/bw80.jpg 2048w\" sizes=\"(max-width: 300px) 100vw, 300px\" \/><\/a><\/figure><div class=\"elementor-image-box-content\"><h3 class=\"elementor-image-box-title\"><a href=\"https:\/\/beskydrent.cz\/index.php\/beskydrent\/bomaqbw80\/\">V\u00e1lec Bomaq BW80<\/a><\/h3><\/div><\/div>\t\t\t\t<\/div>\n\t\t\t\t<\/div>\n\t\t\t\t\t<\/div>\n\t\t<\/div>\n\t\t\t\t<div class=\"elementor-column elementor-col-50 elementor-top-column elementor-element elementor-element-31e8d96b\" data-id=\"31e8d96b\" data-element_type=\"column\" data-e-type=\"column\">\n\t\t\t<div class=\"elementor-widget-wrap elementor-element-populated\">\n\t\t\t\t\t\t<div class=\"elementor-element elementor-element-79cfd415 elementor-position-top elementor-widget elementor-widget-image-box\" data-id=\"79cfd415\" data-element_type=\"widget\" data-e-type=\"widget\" data-widget_type=\"image-box.default\">\n\t\t\t\t<div class=\"elementor-widget-container\">\n\t\t\t\t\t<div class=\"elementor-image-box-wrapper\"><figure class=\"elementor-image-box-img\"><a href=\"https:\/\/beskydrent.cz\/index.php\/beskydrent\/vibracni-valec-hladky\/\" tabindex=\"-1\"><img decoding=\"async\" width=\"256\" height=\"197\" src=\"https:\/\/beskydrent.cz\/wp-content\/uploads\/2025\/03\/phhcckpieemdhfap.jpg\" class=\"attachment-medium size-medium wp-image-81584\" alt=\"\" \/><\/a><\/figure><div class=\"elementor-image-box-content\"><h3 class=\"elementor-image-box-title\"><a href=\"https:\/\/beskydrent.cz\/index.php\/beskydrent\/vibracni-valec-hladky\/\">V\u00e1lec Wolf<\/a><\/h3><\/div><\/div>\t\t\t\t<\/div>\n\t\t\t\t<\/div>\n\t\t\t\t\t<\/div>\n\t\t<\/div>\n\t\t\t\t\t<\/div>\n\t\t<\/section>\n\t\t\t\t<section class=\"elementor-section elementor-top-section elementor-element elementor-element-5499ae4a elementor-section-boxed elementor-section-height-default elementor-section-height-default\" data-id=\"5499ae4a\" data-element_type=\"section\" data-e-type=\"section\">\n\t\t\t\t\t\t<div class=\"elementor-container elementor-column-gap-default\">\n\t\t\t\t\t<div class=\"elementor-column elementor-col-50 elementor-top-column elementor-element elementor-element-2d956968\" data-id=\"2d956968\" data-element_type=\"column\" data-e-type=\"column\">\n\t\t\t<div class=\"elementor-widget-wrap elementor-element-populated\">\n\t\t\t\t\t\t<div class=\"elementor-element elementor-element-6ec6cdc0 elementor-position-top elementor-widget elementor-widget-image-box\" data-id=\"6ec6cdc0\" data-element_type=\"widget\" data-e-type=\"widget\" data-widget_type=\"image-box.default\">\n\t\t\t\t<div class=\"elementor-widget-container\">\n\t\t\t\t\t<div class=\"elementor-image-box-wrapper\"><figure class=\"elementor-image-box-img\"><img decoding=\"async\" width=\"300\" height=\"201\" src=\"https:\/\/beskydrent.cz\/wp-content\/uploads\/2025\/05\/Snimek-obrazovky-2025-05-27-092443-300x201.jpg\" class=\"attachment-medium size-medium wp-image-93525\" alt=\"\" srcset=\"https:\/\/beskydrent.cz\/wp-content\/uploads\/2025\/05\/Snimek-obrazovky-2025-05-27-092443-300x201.jpg 300w, https:\/\/beskydrent.cz\/wp-content\/uploads\/2025\/05\/Snimek-obrazovky-2025-05-27-092443-1024x687.jpg 1024w, https:\/\/beskydrent.cz\/wp-content\/uploads\/2025\/05\/Snimek-obrazovky-2025-05-27-092443-768x515.jpg 768w, https:\/\/beskydrent.cz\/wp-content\/uploads\/2025\/05\/Snimek-obrazovky-2025-05-27-092443.jpg 1207w\" sizes=\"(max-width: 300px) 100vw, 300px\" \/><\/figure><div class=\"elementor-image-box-content\"><h3 class=\"elementor-image-box-title\">Deska Husqvarna LG300<\/h3><\/div><\/div>\t\t\t\t<\/div>\n\t\t\t\t<\/div>\n\t\t\t\t\t<\/div>\n\t\t<\/div>\n\t\t\t\t<div class=\"elementor-column elementor-col-50 elementor-top-column elementor-element elementor-element-24063e4e\" data-id=\"24063e4e\" data-element_type=\"column\" data-e-type=\"column\">\n\t\t\t<div class=\"elementor-widget-wrap elementor-element-populated\">\n\t\t\t\t\t\t<div class=\"elementor-element elementor-element-2be75fba elementor-position-top elementor-widget elementor-widget-image-box\" data-id=\"2be75fba\" data-element_type=\"widget\" data-e-type=\"widget\" data-widget_type=\"image-box.default\">\n\t\t\t\t<div class=\"elementor-widget-container\">\n\t\t\t\t\t<div class=\"elementor-image-box-wrapper\"><figure class=\"elementor-image-box-img\"><img loading=\"lazy\" decoding=\"async\" width=\"768\" height=\"498\" src=\"https:\/\/beskydrent.cz\/wp-content\/uploads\/2025\/05\/husq504-768x498.jpg\" class=\"attachment-medium_large size-medium_large wp-image-93529\" alt=\"\" srcset=\"https:\/\/beskydrent.cz\/wp-content\/uploads\/2025\/05\/husq504-768x498.jpg 768w, https:\/\/beskydrent.cz\/wp-content\/uploads\/2025\/05\/husq504-300x194.jpg 300w, https:\/\/beskydrent.cz\/wp-content\/uploads\/2025\/05\/husq504-1024x664.jpg 1024w, https:\/\/beskydrent.cz\/wp-content\/uploads\/2025\/05\/husq504.jpg 1242w\" sizes=\"(max-width: 768px) 100vw, 768px\" \/><\/figure><div class=\"elementor-image-box-content\"><h3 class=\"elementor-image-box-title\">Deska Husqvarna LG504<\/h3><\/div><\/div>\t\t\t\t<\/div>\n\t\t\t\t<\/div>\n\t\t\t\t\t<\/div>\n\t\t<\/div>\n\t\t\t\t\t<\/div>\n\t\t<\/section>\n\t\t\t\t<section class=\"elementor-section elementor-top-section elementor-element elementor-element-322a65a1 elementor-section-boxed elementor-section-height-default elementor-section-height-default\" data-id=\"322a65a1\" data-element_type=\"section\" data-e-type=\"section\">\n\t\t\t\t\t\t<div class=\"elementor-container elementor-column-gap-default\">\n\t\t\t\t\t<div class=\"elementor-column elementor-col-50 elementor-top-column elementor-element elementor-element-11038759\" data-id=\"11038759\" data-element_type=\"column\" data-e-type=\"column\">\n\t\t\t<div class=\"elementor-widget-wrap elementor-element-populated\">\n\t\t\t\t\t\t<div class=\"elementor-element elementor-element-136b6b14 elementor-position-top elementor-widget elementor-widget-image-box\" data-id=\"136b6b14\" data-element_type=\"widget\" data-e-type=\"widget\" data-widget_type=\"image-box.default\">\n\t\t\t\t<div class=\"elementor-widget-container\">\n\t\t\t\t\t<div class=\"elementor-image-box-wrapper\"><figure class=\"elementor-image-box-img\"><img loading=\"lazy\" decoding=\"async\" width=\"300\" height=\"169\" src=\"https:\/\/beskydrent.cz\/wp-content\/uploads\/2025\/04\/Bez-nazvu-1-300x169.jpg\" class=\"attachment-medium size-medium wp-image-93311\" alt=\"\" srcset=\"https:\/\/beskydrent.cz\/wp-content\/uploads\/2025\/04\/Bez-nazvu-1-300x169.jpg 300w, https:\/\/beskydrent.cz\/wp-content\/uploads\/2025\/04\/Bez-nazvu-1-1024x576.jpg 1024w, https:\/\/beskydrent.cz\/wp-content\/uploads\/2025\/04\/Bez-nazvu-1-768x432.jpg 768w, https:\/\/beskydrent.cz\/wp-content\/uploads\/2025\/04\/Bez-nazvu-1-800x450.jpg 800w, https:\/\/beskydrent.cz\/wp-content\/uploads\/2025\/04\/Bez-nazvu-1.jpg 1290w\" sizes=\"(max-width: 300px) 100vw, 300px\" \/><\/figure><div class=\"elementor-image-box-content\"><h3 class=\"elementor-image-box-title\">Deska Wacker Neuson<\/h3><\/div><\/div>\t\t\t\t<\/div>\n\t\t\t\t<\/div>\n\t\t\t\t\t<\/div>\n\t\t<\/div>\n\t\t\t\t<div class=\"elementor-column elementor-col-50 elementor-top-column elementor-element elementor-element-3a6ca869\" data-id=\"3a6ca869\" data-element_type=\"column\" data-e-type=\"column\">\n\t\t\t<div class=\"elementor-widget-wrap elementor-element-populated\">\n\t\t\t\t\t\t<div class=\"elementor-element elementor-element-201824ba elementor-position-top elementor-widget elementor-widget-image-box\" data-id=\"201824ba\" data-element_type=\"widget\" data-e-type=\"widget\" data-widget_type=\"image-box.default\">\n\t\t\t\t<div class=\"elementor-widget-container\">\n\t\t\t\t\t<div class=\"elementor-image-box-wrapper\"><figure class=\"elementor-image-box-img\"><img loading=\"lazy\" decoding=\"async\" width=\"225\" height=\"300\" src=\"https:\/\/beskydrent.cz\/wp-content\/uploads\/2025\/05\/1-384-vibracni-deska-tekpac-tp-5030-4-hydraulicka-225x300.jpg\" class=\"attachment-medium size-medium wp-image-93521\" alt=\"\" srcset=\"https:\/\/beskydrent.cz\/wp-content\/uploads\/2025\/05\/1-384-vibracni-deska-tekpac-tp-5030-4-hydraulicka-225x300.jpg 225w, https:\/\/beskydrent.cz\/wp-content\/uploads\/2025\/05\/1-384-vibracni-deska-tekpac-tp-5030-4-hydraulicka.jpg 449w\" sizes=\"(max-width: 225px) 100vw, 225px\" \/><\/figure><div class=\"elementor-image-box-content\"><h3 class=\"elementor-image-box-title\">Deska Tekpac TP5030<\/h3><\/div><\/div>\t\t\t\t<\/div>\n\t\t\t\t<\/div>\n\t\t\t\t\t<\/div>\n\t\t<\/div>\n\t\t\t\t\t<\/div>\n\t\t<\/section>\n\t\t\t\t<section class=\"elementor-section elementor-top-section elementor-element elementor-element-75a5be77 elementor-section-boxed elementor-section-height-default elementor-section-height-default\" data-id=\"75a5be77\" data-element_type=\"section\" data-e-type=\"section\">\n\t\t\t\t\t\t<div class=\"elementor-container elementor-column-gap-default\">\n\t\t\t\t\t<div class=\"elementor-column elementor-col-50 elementor-top-column elementor-element elementor-element-75674e75\" data-id=\"75674e75\" data-element_type=\"column\" data-e-type=\"column\">\n\t\t\t<div class=\"elementor-widget-wrap elementor-element-populated\">\n\t\t\t\t\t\t<div class=\"elementor-element elementor-element-7b6720e7 elementor-position-top elementor-widget elementor-widget-image-box\" data-id=\"7b6720e7\" data-element_type=\"widget\" data-e-type=\"widget\" data-widget_type=\"image-box.default\">\n\t\t\t\t<div class=\"elementor-widget-container\">\n\t\t\t\t\t<div class=\"elementor-image-box-wrapper\"><figure class=\"elementor-image-box-img\"><img loading=\"lazy\" decoding=\"async\" width=\"284\" height=\"300\" src=\"https:\/\/beskydrent.cz\/wp-content\/uploads\/2025\/03\/vibracnideska-125-284x300.jpg\" class=\"attachment-medium size-medium wp-image-81587\" alt=\"\" srcset=\"https:\/\/beskydrent.cz\/wp-content\/uploads\/2025\/03\/vibracnideska-125-284x300.jpg 284w, https:\/\/beskydrent.cz\/wp-content\/uploads\/2025\/03\/vibracnideska-125.jpg 331w\" sizes=\"(max-width: 284px) 100vw, 284px\" \/><\/figure><div class=\"elementor-image-box-content\"><h3 class=\"elementor-image-box-title\">Deska Tekpac MS125<\/h3><\/div><\/div>\t\t\t\t<\/div>\n\t\t\t\t<\/div>\n\t\t\t\t\t<\/div>\n\t\t<\/div>\n\t\t\t\t<div class=\"elementor-column elementor-col-50 elementor-top-column elementor-element elementor-element-45cef7f8\" data-id=\"45cef7f8\" data-element_type=\"column\" data-e-type=\"column\">\n\t\t\t<div class=\"elementor-widget-wrap elementor-element-populated\">\n\t\t\t\t\t\t<div class=\"elementor-element elementor-element-291d3519 elementor-position-top elementor-widget elementor-widget-image-box\" data-id=\"291d3519\" data-element_type=\"widget\" data-e-type=\"widget\" data-widget_type=\"image-box.default\">\n\t\t\t\t<div class=\"elementor-widget-container\">\n\t\t\t\t\t<div class=\"elementor-image-box-wrapper\"><figure class=\"elementor-image-box-img\"><img loading=\"lazy\" decoding=\"async\" width=\"285\" height=\"300\" src=\"https:\/\/beskydrent.cz\/wp-content\/uploads\/2025\/03\/vibracnideska-s-vodou-285x300.jpg\" class=\"attachment-medium size-medium wp-image-81588\" alt=\"\" srcset=\"https:\/\/beskydrent.cz\/wp-content\/uploads\/2025\/03\/vibracnideska-s-vodou-285x300.jpg 285w, https:\/\/beskydrent.cz\/wp-content\/uploads\/2025\/03\/vibracnideska-s-vodou.jpg 333w\" sizes=\"(max-width: 285px) 100vw, 285px\" \/><\/figure><div class=\"elementor-image-box-content\"><h3 class=\"elementor-image-box-title\">Deska Tekpac MSR90-4U<\/h3><\/div><\/div>\t\t\t\t<\/div>\n\t\t\t\t<\/div>\n\t\t\t\t\t<\/div>\n\t\t<\/div>\n\t\t\t\t\t<\/div>\n\t\t<\/section>\n\t\t\t\t<section class=\"elementor-section elementor-top-section elementor-element elementor-element-15f449e elementor-section-boxed elementor-section-height-default elementor-section-height-default\" data-id=\"15f449e\" data-element_type=\"section\" data-e-type=\"section\">\n\t\t\t\t\t\t<div class=\"elementor-container elementor-column-gap-default\">\n\t\t\t\t\t<div class=\"elementor-column elementor-col-50 elementor-top-column elementor-element elementor-element-6f08a9df\" data-id=\"6f08a9df\" data-element_type=\"column\" data-e-type=\"column\">\n\t\t\t<div class=\"elementor-widget-wrap elementor-element-populated\">\n\t\t\t\t\t\t<div class=\"elementor-element elementor-element-6bda2fb4 elementor-position-top elementor-widget elementor-widget-image-box\" data-id=\"6bda2fb4\" data-element_type=\"widget\" data-e-type=\"widget\" data-widget_type=\"image-box.default\">\n\t\t\t\t<div class=\"elementor-widget-container\">\n\t\t\t\t\t<div class=\"elementor-image-box-wrapper\"><figure class=\"elementor-image-box-img\"><img loading=\"lazy\" decoding=\"async\" width=\"300\" height=\"169\" src=\"https:\/\/beskydrent.cz\/wp-content\/uploads\/2025\/04\/Bez-nazvu-1-300x169.jpg\" class=\"attachment-medium size-medium wp-image-93311\" alt=\"\" srcset=\"https:\/\/beskydrent.cz\/wp-content\/uploads\/2025\/04\/Bez-nazvu-1-300x169.jpg 300w, https:\/\/beskydrent.cz\/wp-content\/uploads\/2025\/04\/Bez-nazvu-1-1024x576.jpg 1024w, https:\/\/beskydrent.cz\/wp-content\/uploads\/2025\/04\/Bez-nazvu-1-768x432.jpg 768w, https:\/\/beskydrent.cz\/wp-content\/uploads\/2025\/04\/Bez-nazvu-1-800x450.jpg 800w, https:\/\/beskydrent.cz\/wp-content\/uploads\/2025\/04\/Bez-nazvu-1.jpg 1290w\" sizes=\"(max-width: 300px) 100vw, 300px\" \/><\/figure><div class=\"elementor-image-box-content\"><h3 class=\"elementor-image-box-title\">Vibra\u010dn\u00ed p\u011bch<\/h3><\/div><\/div>\t\t\t\t<\/div>\n\t\t\t\t<\/div>\n\t\t\t\t\t<\/div>\n\t\t<\/div>\n\t\t\t\t<div class=\"elementor-column elementor-col-50 elementor-top-column elementor-element elementor-element-7124f1ea\" data-id=\"7124f1ea\" data-element_type=\"column\" data-e-type=\"column\">\n\t\t\t<div class=\"elementor-widget-wrap elementor-element-populated\">\n\t\t\t\t\t\t<div class=\"elementor-element elementor-element-5c0b91d0 elementor-position-top elementor-widget elementor-widget-image-box\" data-id=\"5c0b91d0\" data-element_type=\"widget\" data-e-type=\"widget\" data-widget_type=\"image-box.default\">\n\t\t\t\t<div class=\"elementor-widget-container\">\n\t\t\t\t\t<div class=\"elementor-image-box-wrapper\"><figure class=\"elementor-image-box-img\"><img loading=\"lazy\" decoding=\"async\" width=\"300\" height=\"225\" src=\"https:\/\/beskydrent.cz\/wp-content\/uploads\/2025\/03\/vibracni-deska-300x225.jpg\" class=\"attachment-medium size-medium wp-image-81586\" alt=\"\" srcset=\"https:\/\/beskydrent.cz\/wp-content\/uploads\/2025\/03\/vibracni-deska-300x225.jpg 300w, https:\/\/beskydrent.cz\/wp-content\/uploads\/2025\/03\/vibracni-deska.jpg 420w\" sizes=\"(max-width: 300px) 100vw, 300px\" \/><\/figure><div class=\"elementor-image-box-content\"><h3 class=\"elementor-image-box-title\">Vibra\u010dn\u00ed la\u0165<\/h3><\/div><\/div>\t\t\t\t<\/div>\n\t\t\t\t<\/div>\n\t\t\t\t\t<\/div>\n\t\t<\/div>\n\t\t\t\t\t<\/div>\n\t\t<\/section>\n\t\t\t\t<section class=\"elementor-section elementor-top-section elementor-element elementor-element-15668fcc elementor-section-height-min-height elementor-section-boxed elementor-section-height-default elementor-section-items-middle\" data-id=\"15668fcc\" data-element_type=\"section\" data-e-type=\"section\">\n\t\t\t\t\t\t<div class=\"elementor-container elementor-column-gap-default\">\n\t\t\t\t\t<div class=\"elementor-column elementor-col-100 elementor-top-column elementor-element elementor-element-799cfeed\" data-id=\"799cfeed\" data-element_type=\"column\" data-e-type=\"column\">\n\t\t\t<div class=\"elementor-widget-wrap elementor-element-populated\">\n\t\t\t\t\t\t<div class=\"elementor-element elementor-element-11650e6b elementor-align-center elementor-invisible elementor-widget elementor-widget-button\" data-id=\"11650e6b\" data-element_type=\"widget\" data-e-type=\"widget\" data-settings=\"{&quot;_animation&quot;:&quot;bounceIn&quot;,&quot;_animation_delay&quot;:100}\" data-widget_type=\"button.default\">\n\t\t\t\t<div class=\"elementor-widget-container\">\n\t\t\t\t\t\t\t\t\t<div class=\"elementor-button-wrapper\">\n\t\t\t\t\t<a class=\"elementor-button elementor-button-link elementor-size-sm\" href=\"https:\/\/beskydrent.cz\/index.php\/beskydrent\/cenik\/\">\n\t\t\t\t\t\t<span class=\"elementor-button-content-wrapper\">\n\t\t\t\t\t\t\t\t\t<span class=\"elementor-button-text\">CEN\u00cdK<\/span>\n\t\t\t\t\t<\/span>\n\t\t\t\t\t<\/a>\n\t\t\t\t<\/div>\n\t\t\t\t\t\t\t\t<\/div>\n\t\t\t\t<\/div>\n\t\t\t\t\t<\/div>\n\t\t<\/div>\n\t\t\t\t\t<\/div>\n\t\t<\/section>\n\t\t\t\t<\/div>\n\t\t","protected":false},"excerpt":{"rendered":"<p>V\u00e1lec Bomaq BW80 V\u00e1lec Wolf Deska Husqvarna LG300 Deska Husqvarna LG504 Deska Wacker Neuson Deska Tekpac TP5030 Deska Tekpac MS125 Deska Tekpac MSR90-4U Vibra\u010dn\u00ed p\u011bch Vibra\u010dn\u00ed la\u0165 CEN\u00cdK<\/p>\n","protected":false},"author":5,"featured_media":0,"parent":2,"menu_order":0,"comment_status":"closed","ping_status":"closed","template":"elementor_header_footer","meta":{"ocean_post_layout":"","ocean_both_sidebars_style":"","ocean_both_sidebars_content_width":0,"ocean_both_sidebars_sidebars_width":0,"ocean_sidebar":"","ocean_second_sidebar":"","ocean_disable_margins":"enable","ocean_add_body_class":"","ocean_shortcode_before_top_bar":"","ocean_shortcode_after_top_bar":"","ocean_shortcode_before_header":"","ocean_shortcode_after_header":"","ocean_has_shortcode":"","ocean_shortcode_after_title":"","ocean_shortcode_before_footer_widgets":"","ocean_shortcode_after_footer_widgets":"","ocean_shortcode_before_footer_bottom":"","ocean_shortcode_after_footer_bottom":"","ocean_display_top_bar":"default","ocean_display_header":"default","ocean_header_style":"","ocean_center_header_left_menu":"","ocean_custom_header_template":"","ocean_custom_logo":0,"ocean_custom_retina_logo":0,"ocean_custom_logo_max_width":0,"ocean_custom_logo_tablet_max_width":0,"ocean_custom_logo_mobile_max_width":0,"ocean_custom_logo_max_height":0,"ocean_custom_logo_tablet_max_height":0,"ocean_custom_logo_mobile_max_height":0,"ocean_header_custom_menu":"","ocean_menu_typo_font_family":"","ocean_menu_typo_font_subset":"","ocean_menu_typo_font_size":0,"ocean_menu_typo_font_size_tablet":0,"ocean_menu_typo_font_size_mobile":0,"ocean_menu_typo_font_size_unit":"px","ocean_menu_typo_font_weight":"","ocean_menu_typo_font_weight_tablet":"","ocean_menu_typo_font_weight_mobile":"","ocean_menu_typo_transform":"","ocean_menu_typo_transform_tablet":"","ocean_menu_typo_transform_mobile":"","ocean_menu_typo_line_height":0,"ocean_menu_typo_line_height_tablet":0,"ocean_menu_typo_line_height_mobile":0,"ocean_menu_typo_line_height_unit":"","ocean_menu_typo_spacing":0,"ocean_menu_typo_spacing_tablet":0,"ocean_menu_typo_spacing_mobile":0,"ocean_menu_typo_spacing_unit":"","ocean_menu_link_color":"","ocean_menu_link_color_hover":"","ocean_menu_link_color_active":"","ocean_menu_link_background":"","ocean_menu_link_hover_background":"","ocean_menu_link_active_background":"","ocean_menu_social_links_bg":"","ocean_menu_social_hover_links_bg":"","ocean_menu_social_links_color":"","ocean_menu_social_hover_links_color":"","ocean_disable_title":"default","ocean_disable_heading":"default","ocean_post_title":"","ocean_post_subheading":"","ocean_post_title_style":"","ocean_post_title_background_color":"","ocean_post_title_background":0,"ocean_post_title_bg_image_position":"","ocean_post_title_bg_image_attachment":"","ocean_post_title_bg_image_repeat":"","ocean_post_title_bg_image_size":"","ocean_post_title_height":0,"ocean_post_title_bg_overlay":0.5,"ocean_post_title_bg_overlay_color":"","ocean_disable_breadcrumbs":"default","ocean_breadcrumbs_color":"","ocean_breadcrumbs_separator_color":"","ocean_breadcrumbs_links_color":"","ocean_breadcrumbs_links_hover_color":"","ocean_display_footer_widgets":"default","ocean_display_footer_bottom":"default","ocean_custom_footer_template":"","footnotes":""},"class_list":["post-93498","page","type-page","status-publish","hentry","entry"],"_links":{"self":[{"href":"https:\/\/beskydrent.cz\/index.php\/wp-json\/wp\/v2\/pages\/93498","targetHints":{"allow":["GET"]}}],"collection":[{"href":"https:\/\/beskydrent.cz\/index.php\/wp-json\/wp\/v2\/pages"}],"about":[{"href":"https:\/\/beskydrent.cz\/index.php\/wp-json\/wp\/v2\/types\/page"}],"author":[{"embeddable":true,"href":"https:\/\/beskydrent.cz\/index.php\/wp-json\/wp\/v2\/users\/5"}],"replies":[{"embeddable":true,"href":"https:\/\/beskydrent.cz\/index.php\/wp-json\/wp\/v2\/comments?post=93498"}],"version-history":[{"count":20,"href":"https:\/\/beskydrent.cz\/index.php\/wp-json\/wp\/v2\/pages\/93498\/revisions"}],"predecessor-version":[{"id":93533,"href":"https:\/\/beskydrent.cz\/index.php\/wp-json\/wp\/v2\/pages\/93498\/revisions\/93533"}],"up":[{"embeddable":true,"href":"https:\/\/beskydrent.cz\/index.php\/wp-json\/wp\/v2\/pages\/2"}],"wp:attachment":[{"href":"https:\/\/beskydrent.cz\/index.php\/wp-json\/wp\/v2\/media?parent=93498"}],"curies":[{"name":"wp","href":"https:\/\/api.w.org\/{rel}","templated":true}]}}